{"id":1419,"date":"2024-01-19T12:49:35","date_gmt":"2024-01-19T12:49:35","guid":{"rendered":"http:\/\/traffic-angel.local\/product\/automatic-timer-for-night-time-shut-off-for-left-turn\/"},"modified":"2025-10-20T09:13:03","modified_gmt":"2025-10-20T09:13:03","slug":"automatisks-taimeris-pagrieziena-trauksmes-signalu-ignoresanai-nakti","status":"publish","type":"product","link":"https:\/\/www.trafficangel.co.uk\/lv\/produkts-2\/automatisks-taimeris-pagrieziena-trauksmes-signalu-ignoresanai-nakti\/","title":{"rendered":"Autom\u0101tisks taimeris pagrieziena sign\u0101lu ignor\u0113\u0161anai nakts laik\u0101"},"content":{"rendered":"<p>Autom\u0101tiskais taimeris pagrieziena sign\u0101lu ignor\u0113\u0161anai nakts laik\u0101 \u013cauj autoparkiem iev\u0113rot pils\u0113tas trok\u0161\u0146a ierobe\u017eojumus, neapdraudot dro\u0161\u012bbu. Kad taimeris ir iestat\u012bts, tas noteikt\u0101s nakts stund\u0101s autom\u0101tiski izsl\u0113dz pagrieziena sign\u0101lus, atjaunojot piln\u012bgu trauksmes funkciju dienas laik\u0101. \u0160is piln\u012bb\u0101 automatiz\u0113tais risin\u0101jums samazina autovad\u012bt\u0101ju darba slodzi, nov\u0113r\u0161 nevajadz\u012bgas s\u016bdz\u012bbas par troksni un nodro\u0161ina, ka transportl\u012bdzek\u013ci atbilst gan dro\u0161\u012bbas, gan vides pras\u012bb\u0101m. Izstr\u0101d\u0101ts uzticamai un ilgsto\u0161ai lieto\u0161anai pras\u012bg\u0101s autoparka oper\u0101cij\u0101s.<\/p>","protected":false},"excerpt":{"rendered":"<p>Autom\u0101tisks taimeris pagrieziena sign\u0101lu ignor\u0113\u0161anai nakts laik\u0101<\/p>","protected":false},"featured_media":1054,"template":"","meta":{"_acf_changed":false},"product_cat":[33,34],"product_tag":[],"class_list":{"0":"post-1419","1":"product","2":"type-product","3":"status-publish","4":"has-post-thumbnail","6":"product_cat-alarms","7":"product_cat-turn-alarms","9":"first","10":"instock","11":"taxable","12":"shipping-taxable","13":"purchasable","14":"product-type-simple"},"acf":[],"_links":{"self":[{"href":"https:\/\/www.trafficangel.co.uk\/lv\/wp-json\/wp\/v2\/product\/1419","targetHints":{"allow":["GET"]}}],"collection":[{"href":"https:\/\/www.trafficangel.co.uk\/lv\/wp-json\/wp\/v2\/product"}],"about":[{"href":"https:\/\/www.trafficangel.co.uk\/lv\/wp-json\/wp\/v2\/types\/product"}],"wp:featuredmedia":[{"embeddable":true,"href":"https:\/\/www.trafficangel.co.uk\/lv\/wp-json\/wp\/v2\/media\/1054"}],"wp:attachment":[{"href":"https:\/\/www.trafficangel.co.uk\/lv\/wp-json\/wp\/v2\/media?parent=1419"}],"wp:term":[{"taxonomy":"product_cat","embeddable":true,"href":"https:\/\/www.trafficangel.co.uk\/lv\/wp-json\/wp\/v2\/product_cat?post=1419"},{"taxonomy":"product_tag","embeddable":true,"href":"https:\/\/www.trafficangel.co.uk\/lv\/wp-json\/wp\/v2\/product_tag?post=1419"}],"curies":[{"name":"wp","href":"https:\/\/api.w.org\/{rel}","templated":true}]}}