{"id":1418,"date":"2024-01-19T12:49:35","date_gmt":"2024-01-19T12:49:35","guid":{"rendered":"http:\/\/traffic-angel.local\/product\/citysafe-right-turn-audible-alarm-spoken-message\/"},"modified":"2025-10-20T09:12:19","modified_gmt":"2025-10-20T09:12:19","slug":"citysafe-laba-pagrieziena-trauksmes-skanas-zinojums","status":"publish","type":"product","link":"https:\/\/www.trafficangel.co.uk\/lv\/produkts-2\/citysafe-laba-pagrieziena-trauksmes-skanas-zinojums\/","title":{"rendered":"CitySafe lab\u0101 pagrieziena trauksmes sign\u0101ls \u2014 dzirdams izrun\u0101ts zi\u0146ojums"},"content":{"rendered":"<p>CitySafe lab\u0101 pagrieziena trauksmes sign\u0101ls \u2014 dzirdams izrun\u0101ts zi\u0146ojums<\/p>","protected":false},"excerpt":{"rendered":"<p>CitySafe lab\u0101 pagrieziena trauksmes sign\u0101ls \u2014 dzirdams izrun\u0101ts zi\u0146ojums<\/p>","protected":false},"featured_media":563,"template":"","meta":{"_acf_changed":false},"product_cat":[33,34],"product_tag":[],"class_list":{"0":"post-1418","1":"product","2":"type-product","3":"status-publish","4":"has-post-thumbnail","6":"product_cat-alarms","7":"product_cat-turn-alarms","9":"first","10":"instock","11":"taxable","12":"shipping-taxable","13":"purchasable","14":"product-type-simple"},"acf":[],"_links":{"self":[{"href":"https:\/\/www.trafficangel.co.uk\/lv\/wp-json\/wp\/v2\/product\/1418","targetHints":{"allow":["GET"]}}],"collection":[{"href":"https:\/\/www.trafficangel.co.uk\/lv\/wp-json\/wp\/v2\/product"}],"about":[{"href":"https:\/\/www.trafficangel.co.uk\/lv\/wp-json\/wp\/v2\/types\/product"}],"wp:featuredmedia":[{"embeddable":true,"href":"https:\/\/www.trafficangel.co.uk\/lv\/wp-json\/wp\/v2\/media\/563"}],"wp:attachment":[{"href":"https:\/\/www.trafficangel.co.uk\/lv\/wp-json\/wp\/v2\/media?parent=1418"}],"wp:term":[{"taxonomy":"product_cat","embeddable":true,"href":"https:\/\/www.trafficangel.co.uk\/lv\/wp-json\/wp\/v2\/product_cat?post=1418"},{"taxonomy":"product_tag","embeddable":true,"href":"https:\/\/www.trafficangel.co.uk\/lv\/wp-json\/wp\/v2\/product_tag?post=1418"}],"curies":[{"name":"wp","href":"https:\/\/api.w.org\/{rel}","templated":true}]}}