{"id":1416,"date":"2024-01-19T12:49:35","date_gmt":"2024-01-19T12:49:35","guid":{"rendered":"http:\/\/traffic-angel.local\/product\/citysafe-left-turn-audible-alarm-spoken-message\/"},"modified":"2025-10-20T09:11:11","modified_gmt":"2025-10-20T09:11:11","slug":"citysafe-kreisa-pagrieziena-trauksmes-skanas-zinojums","status":"publish","type":"product","link":"https:\/\/www.trafficangel.co.uk\/lv\/produkts-2\/citysafe-kreisa-pagrieziena-trauksmes-skanas-zinojums\/","title":{"rendered":"CitySafe kreis\u0101 pagrieziena trauksmes sign\u0101ls \u2014 dzirdams izrun\u0101ts zi\u0146ojums"},"content":{"rendered":"<p>CitySafe kreis\u0101 pagrieziena trauksmes sign\u0101ls ar ska\u0146as balss zi\u0146ojumu sniedz skaidrus, balss br\u012bdin\u0101jumus, lai br\u012bdin\u0101tu g\u0101j\u0113jus un velosip\u0113distus, kad transportl\u012bdzeklis grie\u017eas pa kreisi. Sist\u0113ma, kas izstr\u0101d\u0101ta, lai samazin\u0101tu akl\u0101s zonas riskus un atbilstu pils\u0113tas dro\u0161\u012bbas noteikumiem, atska\u0146o skaidru balss zi\u0146ojumu standarta trauksmes sign\u0101la viet\u0101, pal\u012bdzot neaizsarg\u0101tiem satiksmes dal\u012bbniekiem lab\u0101k izprast transportl\u012bdzek\u013ca nodomus. \u0160\u012b kreis\u0101 pagrieziena trauksmes sist\u0113ma, kas izstr\u0101d\u0101ta uzticam\u012bbai noslogot\u0101 pils\u0113tas vid\u0113, atbalsta DVS, FORS un CLOCS atbilst\u012bbu, sniedzot autoparku operatoriem p\u0101rliec\u012bbu par savu transportl\u012bdzek\u013cu dro\u0161\u012bbas sist\u0113m\u0101m.<\/p>","protected":false},"excerpt":{"rendered":"<p>CitySafe kreis\u0101 pagrieziena trauksmes sign\u0101ls ar ska\u0146as zi\u0146ojumu sniedz skaidrus, balss br\u012bdin\u0101jumus, lai br\u012bdin\u0101tu g\u0101j\u0113jus un velosip\u0113distus, kad transportl\u012bdzeklis grie\u017eas pa kreisi.<\/p>","protected":false},"featured_media":563,"template":"","meta":{"_acf_changed":false},"product_cat":[33,34],"product_tag":[],"class_list":{"0":"post-1416","1":"product","2":"type-product","3":"status-publish","4":"has-post-thumbnail","6":"product_cat-alarms","7":"product_cat-turn-alarms","9":"first","10":"instock","11":"taxable","12":"shipping-taxable","13":"purchasable","14":"product-type-simple"},"acf":[],"_links":{"self":[{"href":"https:\/\/www.trafficangel.co.uk\/lv\/wp-json\/wp\/v2\/product\/1416","targetHints":{"allow":["GET"]}}],"collection":[{"href":"https:\/\/www.trafficangel.co.uk\/lv\/wp-json\/wp\/v2\/product"}],"about":[{"href":"https:\/\/www.trafficangel.co.uk\/lv\/wp-json\/wp\/v2\/types\/product"}],"wp:featuredmedia":[{"embeddable":true,"href":"https:\/\/www.trafficangel.co.uk\/lv\/wp-json\/wp\/v2\/media\/563"}],"wp:attachment":[{"href":"https:\/\/www.trafficangel.co.uk\/lv\/wp-json\/wp\/v2\/media?parent=1416"}],"wp:term":[{"taxonomy":"product_cat","embeddable":true,"href":"https:\/\/www.trafficangel.co.uk\/lv\/wp-json\/wp\/v2\/product_cat?post=1416"},{"taxonomy":"product_tag","embeddable":true,"href":"https:\/\/www.trafficangel.co.uk\/lv\/wp-json\/wp\/v2\/product_tag?post=1416"}],"curies":[{"name":"wp","href":"https:\/\/api.w.org\/{rel}","templated":true}]}}