{"id":1415,"date":"2024-01-19T12:49:35","date_gmt":"2024-01-19T12:49:35","guid":{"rendered":"http:\/\/traffic-angel.local\/product\/citysafe-left-turn-audible-alarm-spoken-message-with-amber-strobes\/"},"modified":"2025-10-20T09:10:18","modified_gmt":"2025-10-20T09:10:18","slug":"citysafe-kreisa-pagrieziena-skanas-trauksmes-signals-ar-oranziem-stroboskopiskiem-bridinajumiem","status":"publish","type":"product","link":"https:\/\/www.trafficangel.co.uk\/lv\/produkts-2\/citysafe-kreisa-pagrieziena-skanas-trauksmes-signals-ar-oranziem-stroboskopiskiem-bridinajumiem\/","title":{"rendered":"CitySafe kreis\u0101 pagrieziena ska\u0146as sign\u0101ls\u00a0\u2014 izrun\u0101ts zi\u0146ojums ar dzintara stariem"},"content":{"rendered":"<p>CitySafe kreis\u0101 pagrieziena ska\u0146as trauksmes sign\u0101ls ar balss zi\u0146ojumu un dzelteniem stroboskopiskiem sign\u0101liem sniedz gan vizu\u0101lus, gan ska\u0146as br\u012bdin\u0101jumus, lai br\u012bdin\u0101tu g\u0101j\u0113jus un velosip\u0113distus, kad transportl\u012bdzeklis veic kreiso pagriezienu. Skaidrs balss zi\u0146ojums pal\u012bdz neaizsarg\u0101tiem satiksmes dal\u012bbniekiem saprast transportl\u012bdzek\u013ca kust\u012bbu, savuk\u0101rt dzeltenie stroboskopiskie sign\u0101li nodro\u0161ina labi redzamu mirgo\u0161anu papildu uzman\u012bbai pat slikt\u0101 apgaismojum\u0101 vai sliktos laika apst\u0101k\u013cos. \u0160\u012b kombin\u0113t\u0101 sist\u0113ma, kas izstr\u0101d\u0101ta, lai atbalst\u012btu DVS, FORS un CLOCS atbilst\u012bbu, pied\u0101v\u0101 efekt\u012bvu risin\u0101jumu dro\u0161\u012bbas uzlabo\u0161anai noslogot\u0101 pils\u0113tvid\u0113.<\/p>","protected":false},"excerpt":{"rendered":"<p>CitySafe kreis\u0101 pagrieziena ska\u0146as sign\u0101ls\u00a0\u2014 izrun\u0101ts zi\u0146ojums ar dzintara stariem<\/p>","protected":false},"featured_media":2203,"template":"","meta":{"_acf_changed":false},"product_cat":[33,34],"product_tag":[],"class_list":{"0":"post-1415","1":"product","2":"type-product","3":"status-publish","4":"has-post-thumbnail","6":"product_cat-alarms","7":"product_cat-turn-alarms","9":"first","10":"instock","11":"taxable","12":"shipping-taxable","13":"purchasable","14":"product-type-simple"},"acf":[],"_links":{"self":[{"href":"https:\/\/www.trafficangel.co.uk\/lv\/wp-json\/wp\/v2\/product\/1415","targetHints":{"allow":["GET"]}}],"collection":[{"href":"https:\/\/www.trafficangel.co.uk\/lv\/wp-json\/wp\/v2\/product"}],"about":[{"href":"https:\/\/www.trafficangel.co.uk\/lv\/wp-json\/wp\/v2\/types\/product"}],"wp:featuredmedia":[{"embeddable":true,"href":"https:\/\/www.trafficangel.co.uk\/lv\/wp-json\/wp\/v2\/media\/2203"}],"wp:attachment":[{"href":"https:\/\/www.trafficangel.co.uk\/lv\/wp-json\/wp\/v2\/media?parent=1415"}],"wp:term":[{"taxonomy":"product_cat","embeddable":true,"href":"https:\/\/www.trafficangel.co.uk\/lv\/wp-json\/wp\/v2\/product_cat?post=1415"},{"taxonomy":"product_tag","embeddable":true,"href":"https:\/\/www.trafficangel.co.uk\/lv\/wp-json\/wp\/v2\/product_tag?post=1415"}],"curies":[{"name":"wp","href":"https:\/\/api.w.org\/{rel}","templated":true}]}}