{"id":1411,"date":"2024-01-19T12:49:35","date_gmt":"2024-01-19T12:49:35","guid":{"rendered":"http:\/\/traffic-angel.local\/product\/5m-trailer-extension-cable-4-pin-male-4-pin-female\/"},"modified":"2025-10-29T09:30:52","modified_gmt":"2025-10-29T09:30:52","slug":"5-m-piekabes-pagarinataja-kabelis-4-kontaktu-tevins-un-4-kontaktu-matite","status":"publish","type":"product","link":"https:\/\/www.trafficangel.co.uk\/lv\/produkts-2\/5-m-piekabes-pagarinataja-kabelis-4-kontaktu-tevins-un-4-kontaktu-matite\/","title":{"rendered":"5\u00a0m piekabe\/pagarin\u0101juma kabelis (4 kontaktu v\u012bri\u0161\u0137ais \u2013 4\u00a0kontaktu v\u012btne)"},"content":{"rendered":"<p>5 m piekabes\/pagarin\u0101t\u0101ja kabelis (4 kontaktu t\u0113vi\u0146\u0161 \u2013 4 kontaktu m\u0101t\u012bte) ir paredz\u0113ts kameru sist\u0113mas savienojumu pagarin\u0101\u0161anai starp piekab\u0113m, stingriem transportl\u012bdzek\u013ciem vai tehniku. Ar savu 5 metru garumu tas nodro\u0161ina tie\u0161i tik daudz elast\u012bbas, cik nepiecie\u0161ams maz\u0101k\u0101m piekab\u0113m vai \u012bs\u0101kiem transportl\u012bdzek\u013cu sast\u0101viem. Dro\u0161ie 4 kontaktu savienot\u0101ji nodro\u0161ina uzticamu video un str\u0101vas p\u0101rraidi, vienm\u0113r saglab\u0101jot skaidru kameras veiktsp\u0113ju. \u0160is pagarin\u0101t\u0101ja kabelis, kas paredz\u0113ts sare\u017e\u0123\u012btiem darba apst\u0101k\u013ciem, ir uzticama izv\u0113le autoparkiem, kuri v\u0113las saglab\u0101t dro\u0161\u012bbu un atbilst\u012bbu pras\u012bb\u0101m bez liekas sare\u017e\u0123\u012bt\u012bbas.<\/p>","protected":false},"excerpt":{"rendered":"<p>5\u00a0m piekabe\/pagarin\u0101juma kabelis (4 kontaktu v\u012bri\u0161\u0137ais \u2013 4\u00a0kontaktu v\u012btne)<\/p>","protected":false},"featured_media":445,"template":"","meta":{"_acf_changed":false},"product_cat":[26,27],"product_tag":[],"class_list":{"0":"post-1411","1":"product","2":"type-product","3":"status-publish","4":"has-post-thumbnail","6":"product_cat-cables-accessories","7":"product_cat-camera-trailer-cables","9":"first","10":"instock","11":"taxable","12":"shipping-taxable","13":"purchasable","14":"product-type-simple"},"acf":[],"_links":{"self":[{"href":"https:\/\/www.trafficangel.co.uk\/lv\/wp-json\/wp\/v2\/product\/1411","targetHints":{"allow":["GET"]}}],"collection":[{"href":"https:\/\/www.trafficangel.co.uk\/lv\/wp-json\/wp\/v2\/product"}],"about":[{"href":"https:\/\/www.trafficangel.co.uk\/lv\/wp-json\/wp\/v2\/types\/product"}],"wp:featuredmedia":[{"embeddable":true,"href":"https:\/\/www.trafficangel.co.uk\/lv\/wp-json\/wp\/v2\/media\/445"}],"wp:attachment":[{"href":"https:\/\/www.trafficangel.co.uk\/lv\/wp-json\/wp\/v2\/media?parent=1411"}],"wp:term":[{"taxonomy":"product_cat","embeddable":true,"href":"https:\/\/www.trafficangel.co.uk\/lv\/wp-json\/wp\/v2\/product_cat?post=1411"},{"taxonomy":"product_tag","embeddable":true,"href":"https:\/\/www.trafficangel.co.uk\/lv\/wp-json\/wp\/v2\/product_tag?post=1411"}],"curies":[{"name":"wp","href":"https:\/\/api.w.org\/{rel}","templated":true}]}}