{"id":1404,"date":"2024-01-19T12:49:32","date_gmt":"2024-01-19T12:49:32","guid":{"rendered":"http:\/\/traffic-angel.local\/product\/1m-camera-cable-4-pin-male-rca-male-dc-female\/"},"modified":"2025-10-20T08:54:46","modified_gmt":"2025-10-20T08:54:46","slug":"1-m-kameras-kabelis-4-kontaktu-rca-tevins-lidzstravas-spraudnis-sieviete","status":"publish","type":"product","link":"https:\/\/www.trafficangel.co.uk\/lv\/produkts-2\/1-m-kameras-kabelis-4-kontaktu-rca-tevins-lidzstravas-spraudnis-sieviete\/","title":{"rendered":"1\u00a0m kameras kabelis (4 kontaktu v\u012bri\u0161\u0137ais \u2013 RCA v\u012brs un l\u012bdzstr\u0101vas m\u0101t\u012bte)"},"content":{"rendered":"<p>1 m kameras kabelis (4 kontaktu t\u0113vi\u0146\u0161 \u2013 RCA t\u0113vi\u0146\u0161 un l\u012bdzstr\u0101vas m\u0101t\u012bte) nodro\u0161ina vienk\u0101r\u0161u un dro\u0161u savienojumu \u012bsiem kameru darb\u012bbas cikliem transportl\u012bdzek\u013cu sist\u0113m\u0101s. Tas nodro\u0161ina uzticamu video un str\u0101vas p\u0101rraidi, kas ir ide\u0101li piem\u0113rots kompakt\u0101m instal\u0101cij\u0101m, kur\u0101s nepiecie\u0161ams minim\u0101ls kabe\u013ca garums.<\/p>","protected":false},"excerpt":{"rendered":"<p>1 m kameras kabelis (4 kontaktu t\u0113vi\u0146\u0161 \u2013 RCA t\u0113vi\u0146\u0161 un l\u012bdzstr\u0101vas m\u0101t\u012bte) nodro\u0161ina vienk\u0101r\u0161u un dro\u0161u savienojumu \u012bsiem kameras darb\u012bbas periodiem transportl\u012bdzek\u013cu sist\u0113m\u0101s.<\/p>","protected":false},"featured_media":434,"template":"","meta":{"_acf_changed":false},"product_cat":[26,27],"product_tag":[],"class_list":{"0":"post-1404","1":"product","2":"type-product","3":"status-publish","4":"has-post-thumbnail","6":"product_cat-cables-accessories","7":"product_cat-camera-trailer-cables","9":"first","10":"instock","11":"taxable","12":"shipping-taxable","13":"purchasable","14":"product-type-simple"},"acf":[],"_links":{"self":[{"href":"https:\/\/www.trafficangel.co.uk\/lv\/wp-json\/wp\/v2\/product\/1404","targetHints":{"allow":["GET"]}}],"collection":[{"href":"https:\/\/www.trafficangel.co.uk\/lv\/wp-json\/wp\/v2\/product"}],"about":[{"href":"https:\/\/www.trafficangel.co.uk\/lv\/wp-json\/wp\/v2\/types\/product"}],"wp:featuredmedia":[{"embeddable":true,"href":"https:\/\/www.trafficangel.co.uk\/lv\/wp-json\/wp\/v2\/media\/434"}],"wp:attachment":[{"href":"https:\/\/www.trafficangel.co.uk\/lv\/wp-json\/wp\/v2\/media?parent=1404"}],"wp:term":[{"taxonomy":"product_cat","embeddable":true,"href":"https:\/\/www.trafficangel.co.uk\/lv\/wp-json\/wp\/v2\/product_cat?post=1404"},{"taxonomy":"product_tag","embeddable":true,"href":"https:\/\/www.trafficangel.co.uk\/lv\/wp-json\/wp\/v2\/product_tag?post=1404"}],"curies":[{"name":"wp","href":"https:\/\/api.w.org\/{rel}","templated":true}]}}