{"id":1402,"date":"2024-01-19T12:49:32","date_gmt":"2024-01-19T12:49:32","guid":{"rendered":"http:\/\/traffic-angel.local\/product\/15m-camera-cable-4-pin-male-rca-male-dc-female\/"},"modified":"2025-10-20T08:53:16","modified_gmt":"2025-10-20T08:53:16","slug":"15-m-kameras-kabelis-4-kontaktu-rca-spraudnis-lidzstravas-spraudnis-spraudnis","status":"publish","type":"product","link":"https:\/\/www.trafficangel.co.uk\/lv\/produkts-2\/15-m-kameras-kabelis-4-kontaktu-rca-spraudnis-lidzstravas-spraudnis-spraudnis\/","title":{"rendered":"15\u00a0m kameras kabelis (4 kontaktu v\u012bri\u0161\u0137ais \u2013 RCA v\u012brs un l\u012bdzstr\u0101vas m\u0101t\u012bte)"},"content":{"rendered":"<p>Traffic Angel 15 metru kameras kabelis (4 kontaktu t\u0113vi\u0146\u0161 \u2013 RCA t\u0113vi\u0146\u0161 un l\u012bdzstr\u0101vas m\u0101t\u012bte) (deta\u013cas nr. CC15W) nodro\u0161ina uzticamu, t\u0101la savienojuma iesp\u0113ju kab\u012bn\u0113 vai atpaka\u013cgait\u0101. <a href=\"https:\/\/www.trafficangel.co.uk\/lv\/kameras\/\">kameras<\/a>.<\/p>\n<p>Ekran\u0113tais kodols uztur t\u012brus video sign\u0101lus ilg\u0101k\u0101 garum\u0101, savuk\u0101rt avi\u0101cijas stila 4 kontaktu un RCA\/DC savienot\u0101ji nodro\u0161ina dro\u0161u, profesion\u0101la l\u012bme\u0146a mont\u0101\u017eu. Ar svaru 529 g tas ir viegls, bet iztur\u012bgs, ide\u0101li piem\u0113rots r\u016bpnieciskai lieto\u0161anai un atbilst komerci\u0101lo autoparku vajadz\u012bb\u0101m. Pieg\u0101d\u0101ts gatavs nos\u016bt\u012b\u0161anai taj\u0101 pa\u0161\u0101 dien\u0101, ja pas\u016bt\u012bjums tiek veikts pirms plkst. 13:00, un ir sader\u012bgs ar m\u016bsu sagatavo\u0161anas pakalpojumu, tas vienk\u0101r\u0161o uzst\u0101d\u012b\u0161anu un nodro\u0161ina nemain\u012bgu veiktsp\u0113ju sare\u017e\u0123\u012btos apst\u0101k\u013cos.<\/p>","protected":false},"excerpt":{"rendered":"<p>15 m kameras kabelis (4 kontaktu spraudnis \u2013 RCA spraudnis un l\u012bdzstr\u0101vas spraudnis)<\/p>","protected":false},"featured_media":2351,"template":"","meta":{"_acf_changed":false},"product_cat":[26,27],"product_tag":[],"class_list":{"0":"post-1402","1":"product","2":"type-product","3":"status-publish","4":"has-post-thumbnail","6":"product_cat-cables-accessories","7":"product_cat-camera-trailer-cables","9":"first","10":"instock","11":"taxable","12":"shipping-taxable","13":"purchasable","14":"product-type-simple"},"acf":[],"_links":{"self":[{"href":"https:\/\/www.trafficangel.co.uk\/lv\/wp-json\/wp\/v2\/product\/1402","targetHints":{"allow":["GET"]}}],"collection":[{"href":"https:\/\/www.trafficangel.co.uk\/lv\/wp-json\/wp\/v2\/product"}],"about":[{"href":"https:\/\/www.trafficangel.co.uk\/lv\/wp-json\/wp\/v2\/types\/product"}],"wp:featuredmedia":[{"embeddable":true,"href":"https:\/\/www.trafficangel.co.uk\/lv\/wp-json\/wp\/v2\/media\/2351"}],"wp:attachment":[{"href":"https:\/\/www.trafficangel.co.uk\/lv\/wp-json\/wp\/v2\/media?parent=1402"}],"wp:term":[{"taxonomy":"product_cat","embeddable":true,"href":"https:\/\/www.trafficangel.co.uk\/lv\/wp-json\/wp\/v2\/product_cat?post=1402"},{"taxonomy":"product_tag","embeddable":true,"href":"https:\/\/www.trafficangel.co.uk\/lv\/wp-json\/wp\/v2\/product_tag?post=1402"}],"curies":[{"name":"wp","href":"https:\/\/api.w.org\/{rel}","templated":true}]}}