{"id":3704,"date":"2025-05-02T08:00:26","date_gmt":"2025-05-02T08:00:26","guid":{"rendered":"https:\/\/www.trafficangel.co.uk\/?page_id=3704"},"modified":"2025-06-12T15:54:12","modified_gmt":"2025-06-12T15:54:12","slug":"komanda","status":"publish","type":"page","link":"https:\/\/www.trafficangel.co.uk\/lv\/komanda\/","title":{"rendered":"M\u016bsu komanda"},"content":{"rendered":"<div id=\"\"\n    class=\"flex flex-wrap my-12 lg:flex-nowrap text-image-split-block\">\n    <div class=\"w-full h-[350px] lg:h-auto lg:w-1\/2 md:order-1 bg-cover bg-center bg-no-repeat text-image-image\"\n        style=\"background-image: url('https:\/\/www.trafficangel.co.uk\/wp-content\/uploads\/2025\/06\/IMG_8148.jpg');\">\n\n    <\/div>\n    <div class=\"w-full lg:w-1\/2 md:order-2 flex items-center bg-offWhite px-4 md:px-8 lg:px-14 md:py-12 py-5\">\n        <div class=\"split-block-content\">\n                        <h2 class=\"split-block-title mb-3 text-2xl lg:mb-4 text-secondary md:text-3xl font-roboto lg:text-3xl\">\n                TrafficAngel komanda            <\/h2>\n                                    <div class=\"p-0 mb-0 text-base\">\n                <p>Uz\u0146\u0113mums aizs\u0101k\u0101s 2004. gad\u0101 p\u0113c tam, kad St\u012bvs non\u0101ca gar\u0101 satiksmes rind\u0101 aiz kravas automa\u0161\u012bnas ar piekabi, kas m\u0113\u0123in\u0101ja atpaka\u013cgait\u0101 iebraukt \u0161aur\u0101 industri\u0101l\u0101 rajona iebrauktuv\u0113. S\u0101kot ar atpaka\u013cskata kamer\u0101m, produktu kl\u0101sts tagad ietver visu veidu kameru un sensoru risin\u0101jumus, ierakst\u012b\u0161anas ier\u012bces, PSS pieg\u0101di un uzst\u0101d\u012b\u0161anu, mobilo lietot\u0146u dro\u0161\u012bbas risin\u0101jumus, k\u0101 ar\u012b visu veidu b\u0101kugu\u0146u un stroboskopisko gaismu uzst\u0101d\u012b\u0161anu. Lai gan TrafficAngel joproj\u0101m ir relat\u012bvi mazs, tas tagad ie\u0146em vado\u0161o poz\u012bciju tirg\u016b profesionalit\u0101tes, produktu uzticam\u012bbas un klientu apkalpo\u0161anas zi\u0146\u0101.<\/p>\n            <\/div>\n                    <\/div>\n    <\/div>\n<\/div><div class = \"team-member-block\">\n\t<div class = \"wrapper\">\n\t\t<div class = \"team-members-heading\">\n\t\t\t<h2>Dibin\u0101t\u0101ji<\/h2>\n<h3>Lielie pr\u0101ti aiz TrafficAngel<\/h3>\n\t\t<\/div>\n\t\t<ul class = \"team-member-grid\">\n\t\t\t\t\t\t\t<li class = \"single-team-member\">\n\t\t\t\t\t<div class = \"image\" style = \"background-image:url('https:\/\/www.trafficangel.co.uk\/wp-content\/uploads\/2025\/05\/Steve-Portrait-scaled.jpg');\"><\/div>\n\t\t\t\t\t<div class = \"team-member-content\">\n\t\t\t\t\t\t<h2>St\u012bvens Ransoms<\/h2>\n<h3>P\u0101rdo\u0161anas un klientu attiec\u012bbu direktors<\/h3>\n<p>L\u016bgums uzrakst\u012bt \u0161o kopsavilkumu par mani lika man padom\u0101t par to, ko es daru \u0161obr\u012bd. Laikam esmu ideju cilv\u0113ks, kas dom\u0101 par nozar\u0113 past\u0101vo\u0161aj\u0101m probl\u0113m\u0101m un mekl\u0113 elektroniskus risin\u0101jumus. Mans moto ir iztur\u0113ties pret cilv\u0113kiem t\u0101, k\u0101 m\u0113s v\u0113l\u0113tos, lai izturas pret mums. Ja m\u0113s to dar\u0101m pareizi, labs bizness vienm\u0113r sekos.<\/p>\n\t\t\t\t\t<\/div>\n\t\t\t\t<\/li>\n\t\t\t\t\t\t\t<li class = \"single-team-member\">\n\t\t\t\t\t<div class = \"image\" style = \"background-image:url('https:\/\/www.trafficangel.co.uk\/wp-content\/uploads\/2025\/05\/John-Portrait-scaled.jpg');\"><\/div>\n\t\t\t\t\t<div class = \"team-member-content\">\n\t\t\t\t\t\t<h2>D\u017eons Ransoms<\/h2>\n<h3>Finan\u0161u direktors<\/h3>\n<p>P\u0113c sava uz\u0146\u0113muma, viet\u0113j\u0101 ikned\u0113\u013cas rekl\u0101mas izdevuma, p\u0101rdo\u0161anas es pievienojos savam br\u0101lim St\u012bvam k\u0101 finan\u0161u direktors 2009. gad\u0101. Kop\u0161 t\u0101 laika esmu p\u0101rvald\u012bjis TrafficAngel finan\u0161u un algu pusi, atrodoties m\u016bsu biroj\u0101 Akf\u012bld\u0101.<\/p>\n\t\t\t\t\t<\/div>\n\t\t\t\t<\/li>\n\t\t\t\t\t\t\t<li class = \"single-team-member\">\n\t\t\t\t\t<div class = \"image\" style = \"background-image:url('https:\/\/www.trafficangel.co.uk\/wp-content\/uploads\/2025\/05\/Matt-Portrait-scaled.jpg');\"><\/div>\n\t\t\t\t\t<div class = \"team-member-content\">\n\t\t\t\t\t\t<h2>Mets Hiksons<\/h2>\n<h3>Vec\u0101kais in\u017eenieris un produktu izstr\u0101d\u0101t\u0101js<\/h3>\n<p>Es str\u0101d\u0101ju TrafficAngel kop\u0161 2009. gada, kad m\u0113s bij\u0101m tikai tr\u012bs, un lepojos, ka esmu bijis da\u013ca no uz\u0146\u0113muma, kas ir izaudzis l\u012bdz tam, k\u0101ds tas ir \u0161odien. Esmu iesaist\u012bts vair\u0101kos uz\u0146\u0113muma aspektos, tostarp p\u0113tniec\u012bb\u0101 un att\u012bst\u012bb\u0101, iepirkumos, tehniskaj\u0101 atbalst\u0101, uzst\u0101d\u012b\u0161an\u0101 un p\u0101rdo\u0161an\u0101, t\u0101p\u0113c nekad nav garlaic\u012bgi!<\/p>\n\t\t\t\t\t<\/div>\n\t\t\t\t<\/li>\n\t\t\t\t\t<\/ul>\n\t<\/div>\n<\/div><div id=\"\"\n    class=\"flex flex-wrap my-12 lg:flex-nowrap text-image-split-block\">\n    <div class=\"w-full h-[350px] lg:h-auto lg:w-1\/2 md:order-2 bg-cover bg-center bg-no-repeat text-image-image\"\n        style=\"background-image: url('https:\/\/www.trafficangel.co.uk\/wp-content\/uploads\/2025\/05\/The-Engineers.jpg');\">\n\n    <\/div>\n    <div class=\"w-full lg:w-1\/2 md:order-1 flex items-center bg-offWhite px-4 md:px-8 lg:px-14 md:py-12 py-5\">\n        <div class=\"split-block-content\">\n                        <h2 class=\"split-block-title mb-3 text-2xl lg:mb-4 text-secondary md:text-3xl font-roboto lg:text-3xl\">\n                In\u017eenieri            <\/h2>\n                                    <div class=\"p-0 mb-0 text-base\">\n                <h3>Varo\u0146i lauk\u0101<\/h3>\n<p>M\u016bsu in\u017eenieru komandai ir daudzu gadu pieredze modernu transportl\u012bdzek\u013cu dro\u0161\u012bbas sist\u0113mu uzst\u0101d\u012b\u0161an\u0101. Komanda ir ap\u0146\u0113musies nodro\u0161in\u0101t, lai m\u016bsu klienti sa\u0146emtu \u0101tru apkalpo\u0161anu un visas radu\u0161\u0101s probl\u0113mas tiktu atrisin\u0101tas nekav\u0113joties un efekt\u012bvi. Vi\u0146u tehnisk\u0101 pieredze ir pamat\u0101 m\u016bsu reput\u0101cijai k\u0101 vado\u0161ajam transporta dro\u0161\u012bbas risin\u0101jumu sniedz\u0113jam.<\/p>\n            <\/div>\n                    <\/div>\n    <\/div>\n<\/div><div id=\"\"\n    class=\"flex flex-wrap my-12 lg:flex-nowrap text-image-split-block\">\n    <div class=\"w-full h-[350px] lg:h-auto lg:w-1\/2 md:order-1 bg-cover bg-center bg-no-repeat text-image-image\"\n        style=\"background-image: url('https:\/\/www.trafficangel.co.uk\/wp-content\/uploads\/2025\/05\/The-Office-team.jpg');\">\n\n    <\/div>\n    <div class=\"w-full lg:w-1\/2 md:order-2 flex items-center bg-offWhite px-4 md:px-8 lg:px-14 md:py-12 py-5\">\n        <div class=\"split-block-content\">\n                        <h2 class=\"split-block-title mb-3 text-2xl lg:mb-4 text-secondary md:text-3xl font-roboto lg:text-3xl\">\n                Biroja komanda            <\/h2>\n                                    <div class=\"p-0 mb-0 text-base\">\n                <h3>Vienm\u0113r\u012bgas darb\u012bbas atsl\u0113ga<\/h3>\n<p>Biroja komanda ir \u013coti svar\u012bga m\u016bsu pan\u0101kumiem. S\u0101kot ar visu veidu zvanu apstr\u0101di un kvalit\u0101tes p\u0101rbaud\u0113m l\u012bdz atbilst\u012bbas dokumentu sak\u0101rto\u0161anai, komanda nodro\u0161ina izcilu klientu apkalpo\u0161anu. M\u016bsu pieejam\u0101 un profesion\u0101l\u0101 attieksme ar\u012b sp\u0113l\u0113 b\u016btisku lomu, pal\u012bdzot m\u016bsu klientiem iev\u0113rot nozares standartus un nodro\u0161inot m\u016bsu z\u012bmola augstu atpaz\u012bstam\u012bbu.<\/p>\n            <\/div>\n                    <\/div>\n    <\/div>\n<\/div>","protected":false},"excerpt":{"rendered":"","protected":false},"author":7,"featured_media":0,"parent":0,"menu_order":0,"comment_status":"closed","ping_status":"closed","template":"","meta":{"_acf_changed":false,"footnotes":""},"class_list":["post-3704","page","type-page","status-publish","hentry"],"acf":[],"_links":{"self":[{"href":"https:\/\/www.trafficangel.co.uk\/lv\/wp-json\/wp\/v2\/pages\/3704","targetHints":{"allow":["GET"]}}],"collection":[{"href":"https:\/\/www.trafficangel.co.uk\/lv\/wp-json\/wp\/v2\/pages"}],"about":[{"href":"https:\/\/www.trafficangel.co.uk\/lv\/wp-json\/wp\/v2\/types\/page"}],"author":[{"embeddable":true,"href":"https:\/\/www.trafficangel.co.uk\/lv\/wp-json\/wp\/v2\/users\/7"}],"replies":[{"embeddable":true,"href":"https:\/\/www.trafficangel.co.uk\/lv\/wp-json\/wp\/v2\/comments?post=3704"}],"version-history":[{"count":15,"href":"https:\/\/www.trafficangel.co.uk\/lv\/wp-json\/wp\/v2\/pages\/3704\/revisions"}],"predecessor-version":[{"id":3824,"href":"https:\/\/www.trafficangel.co.uk\/lv\/wp-json\/wp\/v2\/pages\/3704\/revisions\/3824"}],"wp:attachment":[{"href":"https:\/\/www.trafficangel.co.uk\/lv\/wp-json\/wp\/v2\/media?parent=3704"}],"curies":[{"name":"wp","href":"https:\/\/api.w.org\/{rel}","templated":true}]}}