{"id":2710,"date":"2024-05-26T20:08:35","date_gmt":"2024-05-26T20:08:35","guid":{"rendered":"https:\/\/trafficangel-qqzv.temp-dns.com\/?post_type=product&#038;p=2710"},"modified":"2024-10-23T10:55:31","modified_gmt":"2024-10-23T10:55:31","slug":"premium-montuotojo-rinkinys-skirtas-trafficangel-progressive-safe-system-2","status":"publish","type":"product","link":"https:\/\/www.trafficangel.co.uk\/lt\/produktas-2\/premium-montuotojo-rinkinys-skirtas-trafficangel-progressive-safe-system-2\/","title":{"rendered":"Auk\u0161\u010diausios kokyb\u0117s diegimo rinkinys, skirtas \u201eTrafficAngel Progressive Safe System\u201c."},"content":{"rendered":"<p>\u0160is \u201eTrafficAngel\u201c montavimo rinkinys <a href=\"https:\/\/www.trafficangel.co.uk\/lt\/progresyvi-saugi-sistema\/\" target=\"_blank\" rel=\"noopener\">Progresyvi saugi sistema<\/a> reikalinga sistemai nustatyti ir kalibruoti.<\/p>\n<p>Rinkin\u012f sudaro \u0161ie elementai:<\/p>\n<p>1x 8 coli\u0173 plan\u0161etinis kompiuteris, i\u0161 anksto nustatytas su kalibravimo programa<\/p>\n<p>1x ra\u0161iklio ir plan\u0161etinio kompiuterio d\u0117klas<\/p>\n<p>1x Wi-Fi kalibravimo \u012frankis<\/p>\n<p>6x \u017eymeklio k\u016bgiai<\/p>\n<p>1x cigare\u010di\u0173 degiklio lizdo maitinimo adapteris<\/p>","protected":false},"excerpt":{"rendered":"<p>Auk\u0161\u010diausios kokyb\u0117s montuotojo rinkinys, skirtas \u201eTrafficAngel Progressive Safe System\u201c.<\/p>","protected":false},"featured_media":2926,"template":"","meta":{"_acf_changed":false},"product_cat":[85,53],"product_tag":[],"class_list":{"0":"post-2710","1":"product","2":"type-product","3":"status-publish","4":"has-post-thumbnail","6":"product_cat-components","7":"product_cat-progressive-safe-system","9":"first","10":"instock","11":"taxable","12":"shipping-taxable","13":"purchasable","14":"product-type-simple"},"acf":[],"_links":{"self":[{"href":"https:\/\/www.trafficangel.co.uk\/lt\/wp-json\/wp\/v2\/product\/2710","targetHints":{"allow":["GET"]}}],"collection":[{"href":"https:\/\/www.trafficangel.co.uk\/lt\/wp-json\/wp\/v2\/product"}],"about":[{"href":"https:\/\/www.trafficangel.co.uk\/lt\/wp-json\/wp\/v2\/types\/product"}],"wp:featuredmedia":[{"embeddable":true,"href":"https:\/\/www.trafficangel.co.uk\/lt\/wp-json\/wp\/v2\/media\/2926"}],"wp:attachment":[{"href":"https:\/\/www.trafficangel.co.uk\/lt\/wp-json\/wp\/v2\/media?parent=2710"}],"wp:term":[{"taxonomy":"product_cat","embeddable":true,"href":"https:\/\/www.trafficangel.co.uk\/lt\/wp-json\/wp\/v2\/product_cat?post=2710"},{"taxonomy":"product_tag","embeddable":true,"href":"https:\/\/www.trafficangel.co.uk\/lt\/wp-json\/wp\/v2\/product_tag?post=2710"}],"curies":[{"name":"wp","href":"https:\/\/api.w.org\/{rel}","templated":true}]}}