{"id":2708,"date":"2024-05-26T20:06:03","date_gmt":"2024-05-26T20:06:03","guid":{"rendered":"https:\/\/trafficangel-qqzv.temp-dns.com\/?post_type=product&#038;p=2708"},"modified":"2026-02-18T15:28:06","modified_gmt":"2026-02-18T15:28:06","slug":"dvr-kameros-integracijos-2-kanalu-modulis-skirtas-trafficangel-progresyviai-saugiai-sistemai","status":"publish","type":"product","link":"https:\/\/www.trafficangel.co.uk\/lt\/produktas-2\/dvr-kameros-integracijos-2-kanalu-modulis-skirtas-trafficangel-progresyviai-saugiai-sistemai\/","title":{"rendered":"DVR kameros integravimo 2 kanal\u0173 modulis, skirtas \u201eTrafficAngel Progressive Safe System\u201c."},"content":{"rendered":"<p>\u0160is DVR integravimo modulis leid\u017eia naudoti priekin\u0119 ir \u0161onin\u0119 \u201eTrafficAngel\u201c kamer\u0105 <a href=\"https:\/\/www.trafficangel.co.uk\/lt\/progresyvi-saugi-sistema\/\" target=\"_blank\" rel=\"noopener\">Progresyvi saugi sistema<\/a> naudoti kaip m\u016bs\u0173 TA2 \u012fra\u0161ymo sistemos dal\u012f. Modulis turi 2x \u012f\u0117jimus (priekinei kamerai ir \u0161oninei kamerai) ir i\u0161\u0117jimus, kurie eina \u012f PSS ECU ir DVR. Tai leid\u017eia m\u016bs\u0173 DVR sistem\u0173 \u201erun-on-record\u201c funkcijai veikti be PSS \u012fjungimo.<\/p>\n<p>Atkreipkite d\u0117mes\u012f, kad nerekomenduojame integruoti priekin\u0117s kameros, kai naudojate i\u0161or\u0117je sumontuot\u0105 priekin\u0119 kamer\u0105 (PSS-EFC, PSS-3E dalis). Vietoj to naudokite PSS-DVR-SCI, kuri yra tik m\u016bs\u0173 \u0161onin\u0117s kameros integravimo \u0161io gaminio versija.<\/p>","protected":false},"excerpt":{"rendered":"<p>DVR kameros integravimo 2 kanal\u0173 modulis, skirtas \u201eTrafficAngel Progressive Safe System\u201c.<\/p>","protected":false},"featured_media":2940,"template":"","meta":{"_acf_changed":false},"product_cat":[85,53],"product_tag":[],"class_list":{"0":"post-2708","1":"product","2":"type-product","3":"status-publish","4":"has-post-thumbnail","6":"product_cat-components","7":"product_cat-progressive-safe-system","9":"first","10":"instock","11":"taxable","12":"shipping-taxable","13":"purchasable","14":"product-type-simple"},"acf":[],"_links":{"self":[{"href":"https:\/\/www.trafficangel.co.uk\/lt\/wp-json\/wp\/v2\/product\/2708","targetHints":{"allow":["GET"]}}],"collection":[{"href":"https:\/\/www.trafficangel.co.uk\/lt\/wp-json\/wp\/v2\/product"}],"about":[{"href":"https:\/\/www.trafficangel.co.uk\/lt\/wp-json\/wp\/v2\/types\/product"}],"wp:featuredmedia":[{"embeddable":true,"href":"https:\/\/www.trafficangel.co.uk\/lt\/wp-json\/wp\/v2\/media\/2940"}],"wp:attachment":[{"href":"https:\/\/www.trafficangel.co.uk\/lt\/wp-json\/wp\/v2\/media?parent=2708"}],"wp:term":[{"taxonomy":"product_cat","embeddable":true,"href":"https:\/\/www.trafficangel.co.uk\/lt\/wp-json\/wp\/v2\/product_cat?post=2708"},{"taxonomy":"product_tag","embeddable":true,"href":"https:\/\/www.trafficangel.co.uk\/lt\/wp-json\/wp\/v2\/product_tag?post=2708"}],"curies":[{"name":"wp","href":"https:\/\/api.w.org\/{rel}","templated":true}]}}