{"id":2707,"date":"2024-05-26T20:01:21","date_gmt":"2024-05-26T20:01:21","guid":{"rendered":"https:\/\/trafficangel-qqzv.temp-dns.com\/?post_type=product&#038;p=2707"},"modified":"2024-10-23T10:59:53","modified_gmt":"2024-10-23T10:59:53","slug":"trafficangel-progresyvios-saugos-sistemos-wi-fi-kalibravimo-irankio-2-versija","status":"publish","type":"product","link":"https:\/\/www.trafficangel.co.uk\/lt\/produktas-2\/trafficangel-progresyvios-saugos-sistemos-wi-fi-kalibravimo-irankio-2-versija\/","title":{"rendered":"\u201eWi-Fi\u201c kalibravimo \u012frankis (2 versija), skirtas \u201eTrafficAngel Progressive Safe System\u201c."},"content":{"rendered":"<p>\u201eWi-Fi\u201c \u012frankis, skirtas \u201eTrafficAngel\u201c kalibravimui <a href=\"https:\/\/www.trafficangel.co.uk\/lt\/progresyvi-saugi-sistema\/\" target=\"_blank\" rel=\"noopener\">Progresyvi saugi sistema<\/a>. Atminkite, kad \u0161is \u012frankis suderinamas tik su sistemomis, kuri\u0173 partijos kodas yra 04\/24 arba naujesnis.<\/p>","protected":false},"excerpt":{"rendered":"<p>\u201eWi-Fi\u201c kalibravimo \u012frankis (2 versija), skirtas \u201eTrafficAngel Progressive Safe System\u201c<\/p>","protected":false},"featured_media":2995,"template":"","meta":{"_acf_changed":false},"product_cat":[85,53],"product_tag":[],"class_list":{"0":"post-2707","1":"product","2":"type-product","3":"status-publish","4":"has-post-thumbnail","6":"product_cat-components","7":"product_cat-progressive-safe-system","9":"first","10":"instock","11":"taxable","12":"shipping-taxable","13":"purchasable","14":"product-type-simple"},"acf":[],"_links":{"self":[{"href":"https:\/\/www.trafficangel.co.uk\/lt\/wp-json\/wp\/v2\/product\/2707","targetHints":{"allow":["GET"]}}],"collection":[{"href":"https:\/\/www.trafficangel.co.uk\/lt\/wp-json\/wp\/v2\/product"}],"about":[{"href":"https:\/\/www.trafficangel.co.uk\/lt\/wp-json\/wp\/v2\/types\/product"}],"wp:featuredmedia":[{"embeddable":true,"href":"https:\/\/www.trafficangel.co.uk\/lt\/wp-json\/wp\/v2\/media\/2995"}],"wp:attachment":[{"href":"https:\/\/www.trafficangel.co.uk\/lt\/wp-json\/wp\/v2\/media?parent=2707"}],"wp:term":[{"taxonomy":"product_cat","embeddable":true,"href":"https:\/\/www.trafficangel.co.uk\/lt\/wp-json\/wp\/v2\/product_cat?post=2707"},{"taxonomy":"product_tag","embeddable":true,"href":"https:\/\/www.trafficangel.co.uk\/lt\/wp-json\/wp\/v2\/product_tag?post=2707"}],"curies":[{"name":"wp","href":"https:\/\/api.w.org\/{rel}","templated":true}]}}