{"id":2705,"date":"2024-05-26T19:50:21","date_gmt":"2024-05-26T19:50:21","guid":{"rendered":"https:\/\/trafficangel-qqzv.temp-dns.com\/?post_type=product&#038;p=2705"},"modified":"2025-10-20T10:35:39","modified_gmt":"2025-10-20T10:35:39","slug":"soninis-ekranas-skirtas-trafficangel-progresyviai-saugos-sistemai-vairas-kaireje-puseje","status":"publish","type":"product","link":"https:\/\/www.trafficangel.co.uk\/lt\/produktas-2\/soninis-ekranas-skirtas-trafficangel-progresyviai-saugos-sistemai-vairas-kaireje-puseje\/","title":{"rendered":"\u0160oninis ekranas, skirtas \u201eTrafficAngel Progressive Safe System\u201c (vairas kair\u0117je pus\u0117je)"},"content":{"rendered":"<p>\u201eTrafficAngel\u201c \u0161oninis ekranas <a href=\"https:\/\/www.trafficangel.co.uk\/lt\/progresyvi-saugi-sistema\/\" target=\"_blank\" rel=\"noopener\">Progresyvi saugi sistema<\/a>, \u0161is ekranas montuojamas ant keleivio pus\u0117s A statrams\u010dio ir pateikia vaizdinius \u012fsp\u0117jimus vairuotojui pagal TfL specifikacijas. Ekranas yra sumontuotas m\u016bs\u0173 specializuotame A statrams\u010dio laikiklyje, tod\u0117l jis yra apsaugotas nuo klastojimo (parduodamas atskirai).<\/p>","protected":false},"excerpt":{"rendered":"<p>\u0160oninis ekranas, skirtas \u201eTrafficAngel Progressive Safe System\u201c (vairas kair\u0117je pus\u0117je)<\/p>","protected":false},"featured_media":1942,"template":"","meta":{"_acf_changed":false},"product_cat":[85,53],"product_tag":[],"class_list":{"0":"post-2705","1":"product","2":"type-product","3":"status-publish","4":"has-post-thumbnail","6":"product_cat-components","7":"product_cat-progressive-safe-system","9":"first","10":"instock","11":"taxable","12":"shipping-taxable","13":"purchasable","14":"product-type-simple"},"acf":[],"_links":{"self":[{"href":"https:\/\/www.trafficangel.co.uk\/lt\/wp-json\/wp\/v2\/product\/2705","targetHints":{"allow":["GET"]}}],"collection":[{"href":"https:\/\/www.trafficangel.co.uk\/lt\/wp-json\/wp\/v2\/product"}],"about":[{"href":"https:\/\/www.trafficangel.co.uk\/lt\/wp-json\/wp\/v2\/types\/product"}],"wp:featuredmedia":[{"embeddable":true,"href":"https:\/\/www.trafficangel.co.uk\/lt\/wp-json\/wp\/v2\/media\/1942"}],"wp:attachment":[{"href":"https:\/\/www.trafficangel.co.uk\/lt\/wp-json\/wp\/v2\/media?parent=2705"}],"wp:term":[{"taxonomy":"product_cat","embeddable":true,"href":"https:\/\/www.trafficangel.co.uk\/lt\/wp-json\/wp\/v2\/product_cat?post=2705"},{"taxonomy":"product_tag","embeddable":true,"href":"https:\/\/www.trafficangel.co.uk\/lt\/wp-json\/wp\/v2\/product_tag?post=2705"}],"curies":[{"name":"wp","href":"https:\/\/api.w.org\/{rel}","templated":true}]}}