{"id":2702,"date":"2024-05-26T19:43:31","date_gmt":"2024-05-26T19:43:31","guid":{"rendered":"https:\/\/trafficangel-qqzv.temp-dns.com\/?post_type=product&#038;p=2702"},"modified":"2025-10-20T10:23:33","modified_gmt":"2025-10-20T10:23:33","slug":"trafficangel-progresyvi-saugos-sistema-mois-bsis-3-x-dirbtinio-intelekto-kameru-sistema-su-vairu-kaireje-puseje","status":"publish","type":"product","link":"https:\/\/www.trafficangel.co.uk\/lt\/produktas-2\/trafficangel-progresyvi-saugos-sistema-mois-bsis-3-x-dirbtinio-intelekto-kameru-sistema-su-vairu-kaireje-puseje\/","title":{"rendered":"\u201eTrafficAngel Progressive Safe System\u201c MOIS + BSIS 3 x AI kamer\u0173 sistema \u2013 vairas kair\u0117je"},"content":{"rendered":"<p style=\"font-weight: 400;\">The <strong>Eismo angelas <a href=\"https:\/\/www.trafficangel.co.uk\/lt\/progresyvi-saugi-sistema-2024-m\/\" target=\"_blank\" rel=\"noopener\">Progresyvi saugi sistema<\/a><\/strong> susideda i\u0161 3 x AI kamer\u0173 (1 x priekin\u0117, 1 x kampin\u0117 ir 1 x \u0161onin\u0117), 1 x i\u0161orinis ekranas, 1 x \u0161alia esantis ekranas, 1 x valdymo blokas, 1 x giroskopas\/GPS modulis, kuris \u012fdiegtas atitinka visus TfL savo naujausiuose dokumentuose apie PSS\/BSIS\/MOIS, \u012fskaitant p\u0117s\u010di\u0173j\u0173 ir gatv\u0117s bald\u0173 atskyrim\u0105 ir garsin\u012f \u012fsp\u0117jim\u0105, kuris tyli, kai aptikimo diapazone n\u0117ra pavojaus pa\u017eeid\u017eiamam eismo dalyviui (VRU).<\/p>\n<p>Paprast\u0105 sistemos veikimo apra\u0161ym\u0105 rasite \u010dia. Arba perskaityti vis\u0105 PSS go vadov\u0105 <a href=\"https:\/\/trafficangel.co.uk\/wp-content\/uploads\/2024\/04\/TAPPS-Summary.pdf\" target=\"_blank\" rel=\"noopener\">\u010dia<\/a>.<\/p>","protected":false},"excerpt":{"rendered":"<p>The <strong>\u201eTrafficAngel Progressive Safe System\u201c.<\/strong> susideda i\u0161 3 x AI kamer\u0173 (1 x priekin\u0117, 1 x kampin\u0117 ir 1 x \u0161onin\u0117), 1 x i\u0161orinis ekranas, 1 x \u0161alia esantis ekranas, 1 x valdymo blokas, 1 x giroskopas\/GPS modulis, kuris \u012fdiegtas atitinka visus TfL savo naujausiuose dokumentuose apie PSS\/BSIS\/MOIS, \u012fskaitant p\u0117s\u010di\u0173j\u0173 ir gatv\u0117s bald\u0173 atskyrim\u0105 ir garsin\u012f \u012fsp\u0117jim\u0105, kuris tyli, kai aptikimo diapazone n\u0117ra pavojaus pa\u017eeid\u017eiamam eismo dalyviui (VRU).<\/p>","protected":false},"featured_media":2933,"template":"","meta":{"_acf_changed":false},"product_cat":[53,84],"product_tag":[],"class_list":{"0":"post-2702","1":"product","2":"type-product","3":"status-publish","4":"has-post-thumbnail","6":"product_cat-progressive-safe-system","7":"product_cat-pss-solutions","9":"first","10":"instock","11":"taxable","12":"shipping-taxable","13":"purchasable","14":"product-type-simple"},"acf":[],"_links":{"self":[{"href":"https:\/\/www.trafficangel.co.uk\/lt\/wp-json\/wp\/v2\/product\/2702","targetHints":{"allow":["GET"]}}],"collection":[{"href":"https:\/\/www.trafficangel.co.uk\/lt\/wp-json\/wp\/v2\/product"}],"about":[{"href":"https:\/\/www.trafficangel.co.uk\/lt\/wp-json\/wp\/v2\/types\/product"}],"wp:featuredmedia":[{"embeddable":true,"href":"https:\/\/www.trafficangel.co.uk\/lt\/wp-json\/wp\/v2\/media\/2933"}],"wp:attachment":[{"href":"https:\/\/www.trafficangel.co.uk\/lt\/wp-json\/wp\/v2\/media?parent=2702"}],"wp:term":[{"taxonomy":"product_cat","embeddable":true,"href":"https:\/\/www.trafficangel.co.uk\/lt\/wp-json\/wp\/v2\/product_cat?post=2702"},{"taxonomy":"product_tag","embeddable":true,"href":"https:\/\/www.trafficangel.co.uk\/lt\/wp-json\/wp\/v2\/product_tag?post=2702"}],"curies":[{"name":"wp","href":"https:\/\/api.w.org\/{rel}","templated":true}]}}