{"id":1705,"date":"2024-01-19T12:50:46","date_gmt":"2024-01-19T12:50:46","guid":{"rendered":"https:\/\/trafficangel-qqzv.temp-dns.com\/product\/trafficangel-safe-system-side-display-housing-for-a-pillar\/"},"modified":"2025-10-20T10:35:13","modified_gmt":"2025-10-20T10:35:13","slug":"soninio-ekrano-korpusas-priekyje-desineje-trafficangel-progresyvios-saugos-sistemai","status":"publish","type":"product","link":"https:\/\/www.trafficangel.co.uk\/lt\/produktas-2\/soninio-ekrano-korpusas-priekyje-desineje-trafficangel-progresyvios-saugos-sistemai\/","title":{"rendered":"\u0160oninis ekrano korpusas A statrams\u010diui, skirtas \u201eTrafficAngel Progressive Safe System\u201c."},"content":{"rendered":"<p>M\u016bs\u0173 \u0161oninio ekrano korpusas, skirtas montuoti prie keleivio pus\u0117s A statrams\u010dio. M\u016bs\u0173 vidaus dizainas sukuria \u201eTrafficAngel\u201c. <a href=\"https:\/\/www.trafficangel.co.uk\/lt\/progresyvi-saugi-sistema\/\">Progresyvi saugi sistema<\/a>Pagrindinis ekranas yra atsparus klastojimui, kaip nurodo TfL. Tai apver\u010diama konstrukcija, tod\u0117l j\u012f galima naudoti tiek transporto priemon\u0117se, kuriose vairas de\u0161in\u0117je, tiek kair\u0117je.<\/p>\n<p>Pridedami tvirtinimo elementai ir putplas\u010dio tvirtinimo pad\u0117klas.<\/p>","protected":false},"excerpt":{"rendered":"<p>\u0160oninis ekrano korpusas A statrams\u010diui, skirtas \u201eTrafficAngel Progressive Safe System\u201c.<\/p>","protected":false},"featured_media":1954,"template":"","meta":{"_acf_changed":false},"product_cat":[85,53],"product_tag":[],"class_list":{"0":"post-1705","1":"product","2":"type-product","3":"status-publish","4":"has-post-thumbnail","6":"product_cat-components","7":"product_cat-progressive-safe-system","9":"first","10":"instock","11":"taxable","12":"shipping-taxable","13":"purchasable","14":"product-type-simple"},"acf":[],"_links":{"self":[{"href":"https:\/\/www.trafficangel.co.uk\/lt\/wp-json\/wp\/v2\/product\/1705","targetHints":{"allow":["GET"]}}],"collection":[{"href":"https:\/\/www.trafficangel.co.uk\/lt\/wp-json\/wp\/v2\/product"}],"about":[{"href":"https:\/\/www.trafficangel.co.uk\/lt\/wp-json\/wp\/v2\/types\/product"}],"wp:featuredmedia":[{"embeddable":true,"href":"https:\/\/www.trafficangel.co.uk\/lt\/wp-json\/wp\/v2\/media\/1954"}],"wp:attachment":[{"href":"https:\/\/www.trafficangel.co.uk\/lt\/wp-json\/wp\/v2\/media?parent=1705"}],"wp:term":[{"taxonomy":"product_cat","embeddable":true,"href":"https:\/\/www.trafficangel.co.uk\/lt\/wp-json\/wp\/v2\/product_cat?post=1705"},{"taxonomy":"product_tag","embeddable":true,"href":"https:\/\/www.trafficangel.co.uk\/lt\/wp-json\/wp\/v2\/product_tag?post=1705"}],"curies":[{"name":"wp","href":"https:\/\/api.w.org\/{rel}","templated":true}]}}