{"id":1700,"date":"2024-01-19T12:50:46","date_gmt":"2024-01-19T12:50:46","guid":{"rendered":"https:\/\/trafficangel-qqzv.temp-dns.com\/product\/trafficangel-safe-system-main-display\/"},"modified":"2025-10-20T10:28:06","modified_gmt":"2025-10-20T10:28:06","slug":"pagrindinis-trafficangel-progresyvios-saugos-sistemos-ekranas","status":"publish","type":"product","link":"https:\/\/www.trafficangel.co.uk\/lt\/produktas-2\/pagrindinis-trafficangel-progresyvios-saugos-sistemos-ekranas\/","title":{"rendered":"Pagrindinis \u201eTrafficAngel Progressive Safe System\u201c ekranas"},"content":{"rendered":"<p>Pagrindinis \u201eTrafficAngel\u201c ekranas <a href=\"https:\/\/www.trafficangel.co.uk\/lt\/progresyvi-saugi-sistema\/\" target=\"_blank\" rel=\"noopener\">Progresyvi saugi sistema<\/a>, \u0161is ekranas montuojamas ant vairuotojo pus\u0117s A statrams\u010dio ir suteikia vairuotojui garsinius ir vaizdinius \u012fsp\u0117jimus pagal TfL specifikacijas. Ekranas gali b\u016bti montuojamas \u012f m\u016bs\u0173 specializuot\u0105 A statrams\u010dio laikikl\u012f, kuris yra apsaugotas nuo klastojimo (parduodamas atskirai).<\/p>","protected":false},"excerpt":{"rendered":"<p>Pagrindinis \u201eTrafficAngel Progressive Safe System\u201c ekranas<\/p>","protected":false},"featured_media":1930,"template":"","meta":{"_acf_changed":false},"product_cat":[85,53],"product_tag":[],"class_list":{"0":"post-1700","1":"product","2":"type-product","3":"status-publish","4":"has-post-thumbnail","6":"product_cat-components","7":"product_cat-progressive-safe-system","9":"first","10":"instock","11":"taxable","12":"shipping-taxable","13":"purchasable","14":"product-type-simple"},"acf":[],"_links":{"self":[{"href":"https:\/\/www.trafficangel.co.uk\/lt\/wp-json\/wp\/v2\/product\/1700","targetHints":{"allow":["GET"]}}],"collection":[{"href":"https:\/\/www.trafficangel.co.uk\/lt\/wp-json\/wp\/v2\/product"}],"about":[{"href":"https:\/\/www.trafficangel.co.uk\/lt\/wp-json\/wp\/v2\/types\/product"}],"wp:featuredmedia":[{"embeddable":true,"href":"https:\/\/www.trafficangel.co.uk\/lt\/wp-json\/wp\/v2\/media\/1930"}],"wp:attachment":[{"href":"https:\/\/www.trafficangel.co.uk\/lt\/wp-json\/wp\/v2\/media?parent=1700"}],"wp:term":[{"taxonomy":"product_cat","embeddable":true,"href":"https:\/\/www.trafficangel.co.uk\/lt\/wp-json\/wp\/v2\/product_cat?post=1700"},{"taxonomy":"product_tag","embeddable":true,"href":"https:\/\/www.trafficangel.co.uk\/lt\/wp-json\/wp\/v2\/product_tag?post=1700"}],"curies":[{"name":"wp","href":"https:\/\/api.w.org\/{rel}","templated":true}]}}