{"id":1582,"date":"2024-01-19T12:50:31","date_gmt":"2024-01-19T12:50:31","guid":{"rendered":"http:\/\/traffic-angel.local\/product\/volvo-monitor-interface-single-lead-with-4-pin-video-only\/"},"modified":"2025-10-20T14:09:38","modified_gmt":"2025-10-20T14:09:38","slug":"volvo-monitoriaus-sasaja-vienas-laidas-tik-su-4-kontaktu-vaizdo-irasymo-irenginiu","status":"publish","type":"product","link":"https:\/\/www.trafficangel.co.uk\/lt\/produktas-2\/volvo-monitoriaus-sasaja-vienas-laidas-tik-su-4-kontaktu-vaizdo-irasymo-irenginiu\/","title":{"rendered":"\u201eVolvo\u201c monitoriaus s\u0105saja \u2013 vienas laidas su 4 kontakt\u0173 vaizdo \u012fra\u0161u"},"content":{"rendered":"<p>\u201eVolvo\u201c monitoriaus s\u0105saja \u2013 vienas laidas su 4 kontakt\u0173 vaizdo \u012fra\u0161u<\/p>","protected":false},"excerpt":{"rendered":"<p>\u201eVolvo\u201c monitoriaus s\u0105saja \u2013 vienas laidas su 4 kontakt\u0173 vaizdo \u012fra\u0161u<\/p>","protected":false},"featured_media":2061,"template":"","meta":{"_acf_changed":false},"product_cat":[904],"product_tag":[],"class_list":{"0":"post-1582","1":"product","2":"type-product","3":"status-publish","4":"has-post-thumbnail","6":"product_cat-screen-interfaces","8":"first","9":"instock","10":"taxable","11":"shipping-taxable","12":"purchasable","13":"product-type-simple"},"acf":[],"_links":{"self":[{"href":"https:\/\/www.trafficangel.co.uk\/lt\/wp-json\/wp\/v2\/product\/1582","targetHints":{"allow":["GET"]}}],"collection":[{"href":"https:\/\/www.trafficangel.co.uk\/lt\/wp-json\/wp\/v2\/product"}],"about":[{"href":"https:\/\/www.trafficangel.co.uk\/lt\/wp-json\/wp\/v2\/types\/product"}],"wp:featuredmedia":[{"embeddable":true,"href":"https:\/\/www.trafficangel.co.uk\/lt\/wp-json\/wp\/v2\/media\/2061"}],"wp:attachment":[{"href":"https:\/\/www.trafficangel.co.uk\/lt\/wp-json\/wp\/v2\/media?parent=1582"}],"wp:term":[{"taxonomy":"product_cat","embeddable":true,"href":"https:\/\/www.trafficangel.co.uk\/lt\/wp-json\/wp\/v2\/product_cat?post=1582"},{"taxonomy":"product_tag","embeddable":true,"href":"https:\/\/www.trafficangel.co.uk\/lt\/wp-json\/wp\/v2\/product_tag?post=1582"}],"curies":[{"name":"wp","href":"https:\/\/api.w.org\/{rel}","templated":true}]}}