{"id":1567,"date":"2024-01-19T12:50:25","date_gmt":"2024-01-19T12:50:25","guid":{"rendered":"http:\/\/traffic-angel.local\/product\/trailermate-rubber-led-stalk-lamp-pair\/"},"modified":"2025-10-20T13:57:32","modified_gmt":"2025-10-20T13:57:32","slug":"guminiu-led-svirties-zibintu-pora-trailermate","status":"publish","type":"product","link":"https:\/\/www.trafficangel.co.uk\/lt\/produktas-2\/guminiu-led-svirties-zibintu-pora-trailermate\/","title":{"rendered":"Gumin\u0117 LED lemput\u0117 (pora), skirta TrailerMate"},"content":{"rendered":"","protected":false},"excerpt":{"rendered":"<p>Gumin\u0117 LED lemput\u0117 (pora), skirta TrailerMate<\/p>","protected":false},"featured_media":2481,"template":"","meta":{"_acf_changed":false},"product_cat":[88],"product_tag":[],"class_list":{"0":"post-1567","1":"product","2":"type-product","3":"status-publish","4":"has-post-thumbnail","6":"product_cat-components-sensor-systems","8":"first","9":"instock","10":"taxable","11":"shipping-taxable","12":"purchasable","13":"product-type-simple"},"acf":[],"_links":{"self":[{"href":"https:\/\/www.trafficangel.co.uk\/lt\/wp-json\/wp\/v2\/product\/1567","targetHints":{"allow":["GET"]}}],"collection":[{"href":"https:\/\/www.trafficangel.co.uk\/lt\/wp-json\/wp\/v2\/product"}],"about":[{"href":"https:\/\/www.trafficangel.co.uk\/lt\/wp-json\/wp\/v2\/types\/product"}],"wp:featuredmedia":[{"embeddable":true,"href":"https:\/\/www.trafficangel.co.uk\/lt\/wp-json\/wp\/v2\/media\/2481"}],"wp:attachment":[{"href":"https:\/\/www.trafficangel.co.uk\/lt\/wp-json\/wp\/v2\/media?parent=1567"}],"wp:term":[{"taxonomy":"product_cat","embeddable":true,"href":"https:\/\/www.trafficangel.co.uk\/lt\/wp-json\/wp\/v2\/product_cat?post=1567"},{"taxonomy":"product_tag","embeddable":true,"href":"https:\/\/www.trafficangel.co.uk\/lt\/wp-json\/wp\/v2\/product_tag?post=1567"}],"curies":[{"name":"wp","href":"https:\/\/api.w.org\/{rel}","templated":true}]}}