{"id":1557,"date":"2024-01-19T12:50:21","date_gmt":"2024-01-19T12:50:21","guid":{"rendered":"http:\/\/traffic-angel.local\/product\/4-channel-hard-drive-dvr-with-3g-4g-jh4-inc-lrb-cdt2-gps\/"},"modified":"2025-11-12T13:54:20","modified_gmt":"2025-11-12T13:54:20","slug":"4-kanalu-kietojo-disko-vaizdo-registratorius-su-gps-ir-3g-4g-rysiu","status":"publish","type":"product","link":"https:\/\/www.trafficangel.co.uk\/lt\/produktas-2\/4-kanalu-kietojo-disko-vaizdo-registratorius-su-gps-ir-3g-4g-rysiu\/","title":{"rendered":"4 kanal\u0173 kietojo disko DVR su GPS ir 3G\/4G"},"content":{"rendered":"<p>Eismo angelas <a href=\"https:\/\/www.trafficangel.co.uk\/lt\/digital-video-recorders\/\">Skaitmeniniai vaizdo \u012fra\u0161ymo \u012frenginiai<\/a> (DVR) offer a reliable and secure way of recording multiple cameras around your vehicles, with a wide range of features, our range offers flexibility to tailor recording solutions to your requirements. Our DVRs bring great benefits to all sectors, from fleet operators to one-off bespoke projects. Safety around vehicles is paramount, and all of our DVRs including this 4 Channel Hard Drive DVR with GPS and 3G\/4G help to promote safer driving practices with more accountability. Recording systems also save money, capturing clear evidence in case of incidents, eliminating false insurance claims and therefore providing significant savings on insurance premiums. The security provided by having a recording system also safeguards drivers, vehicles and assets, working as a preventative measure deterring criminal activity.<\/p>","protected":false},"excerpt":{"rendered":"<p>4 kanal\u0173 stand\u017eiojo disko vaizdo registratorius su GPS ir 3G\/4G ry\u0161iu u\u017etikrina patikim\u0105 \u012fra\u0161ym\u0105 ir nuotolin\u0119 prieig\u0105 prie transporto priemoni\u0173 parko kamer\u0173 sistem\u0173.<\/p>","protected":false},"featured_media":1038,"template":"","meta":{"_acf_changed":false},"product_cat":[19,48],"product_tag":[],"class_list":{"0":"post-1557","1":"product","2":"type-product","3":"status-publish","4":"has-post-thumbnail","6":"product_cat-video-recording-systems","7":"product_cat-dvrs","9":"first","10":"instock","11":"taxable","12":"shipping-taxable","13":"purchasable","14":"product-type-simple"},"acf":[],"_links":{"self":[{"href":"https:\/\/www.trafficangel.co.uk\/lt\/wp-json\/wp\/v2\/product\/1557","targetHints":{"allow":["GET"]}}],"collection":[{"href":"https:\/\/www.trafficangel.co.uk\/lt\/wp-json\/wp\/v2\/product"}],"about":[{"href":"https:\/\/www.trafficangel.co.uk\/lt\/wp-json\/wp\/v2\/types\/product"}],"wp:featuredmedia":[{"embeddable":true,"href":"https:\/\/www.trafficangel.co.uk\/lt\/wp-json\/wp\/v2\/media\/1038"}],"wp:attachment":[{"href":"https:\/\/www.trafficangel.co.uk\/lt\/wp-json\/wp\/v2\/media?parent=1557"}],"wp:term":[{"taxonomy":"product_cat","embeddable":true,"href":"https:\/\/www.trafficangel.co.uk\/lt\/wp-json\/wp\/v2\/product_cat?post=1557"},{"taxonomy":"product_tag","embeddable":true,"href":"https:\/\/www.trafficangel.co.uk\/lt\/wp-json\/wp\/v2\/product_tag?post=1557"}],"curies":[{"name":"wp","href":"https:\/\/api.w.org\/{rel}","templated":true}]}}