{"id":1556,"date":"2024-01-19T12:50:21","date_gmt":"2024-01-19T12:50:21","guid":{"rendered":"http:\/\/traffic-angel.local\/product\/4-channel-hard-drive-dvr-jh4-inc-lrb-cdt2-gps\/"},"modified":"2025-11-12T13:53:23","modified_gmt":"2025-11-12T13:53:23","slug":"4-kanalu-kietojo-disko-vaizdo-registratorius-su-gps","status":"publish","type":"product","link":"https:\/\/www.trafficangel.co.uk\/lt\/produktas-2\/4-kanalu-kietojo-disko-vaizdo-registratorius-su-gps\/","title":{"rendered":"4 kanal\u0173 kietojo disko DVR su GPS"},"content":{"rendered":"<p>Eismo angelas <a href=\"https:\/\/www.trafficangel.co.uk\/lt\/digital-video-recorders\/\">Skaitmeniniai vaizdo \u012fra\u0161ymo \u012frenginiai<\/a> (DVR) - tai patikimas ir saugus b\u016bdas \u012fra\u0161yti daugyb\u0119 kamer\u0173 aplink j\u016bs\u0173 transporto priemones, o m\u016bs\u0173 asortimentas pasi\u017eymi pla\u010diu funkcij\u0173 spektru, tod\u0117l galima lanks\u010diai pritaikyti \u012fra\u0161ymo sprendimus pagal j\u016bs\u0173 reikalavimus. M\u016bs\u0173 vaizdo registratoriai teikia didel\u0119 naud\u0105 visiems sektoriams - nuo automobili\u0173 park\u0173 operatori\u0173 iki vienkartini\u0173 u\u017esakom\u0173j\u0173 projekt\u0173. Saugumas prie transporto priemoni\u0173 yra svarbiausia, o visi m\u016bs\u0173 vaizdo registratoriai, \u012fskaitant \u0161\u012f 4 kanal\u0173 kietojo disko vaizdo registratori\u0173 su GPS, padeda skatinti saugesn\u012f vairavim\u0105 ir didesn\u0119 atskaitomyb\u0119. \u012era\u0161ymo sistemos taip pat padeda taupyti pinigus, nes \u012fvykus incidentams u\u017efiksuojami ai\u0161k\u016bs \u012frodymai, pa\u0161alinami klaidingi draudimo reikalavimai ir taip sutaupoma nema\u017eai l\u0117\u0161\u0173 draudimo \u012fmokoms. \u012era\u0161ymo sistemos suteikiamas saugumas taip pat apsaugo vairuotojus, transporto priemones ir turt\u0105, veikia kaip prevencin\u0117 priemon\u0117, atgrasanti nuo nusikalstamos veiklos.<\/p>","protected":false},"excerpt":{"rendered":"<p>4 kanal\u0173 kietojo disko vaizdo registratorius su GPS u\u017etikrina patikim\u0105 vaizdo \u012fra\u0161ym\u0105 ir tiksl\u0173 transporto priemoni\u0173 sekim\u0105.<\/p>","protected":false},"featured_media":1038,"template":"","meta":{"_acf_changed":false},"product_cat":[19,48],"product_tag":[],"class_list":{"0":"post-1556","1":"product","2":"type-product","3":"status-publish","4":"has-post-thumbnail","6":"product_cat-video-recording-systems","7":"product_cat-dvrs","9":"first","10":"instock","11":"taxable","12":"shipping-taxable","13":"purchasable","14":"product-type-simple"},"acf":[],"_links":{"self":[{"href":"https:\/\/www.trafficangel.co.uk\/lt\/wp-json\/wp\/v2\/product\/1556","targetHints":{"allow":["GET"]}}],"collection":[{"href":"https:\/\/www.trafficangel.co.uk\/lt\/wp-json\/wp\/v2\/product"}],"about":[{"href":"https:\/\/www.trafficangel.co.uk\/lt\/wp-json\/wp\/v2\/types\/product"}],"wp:featuredmedia":[{"embeddable":true,"href":"https:\/\/www.trafficangel.co.uk\/lt\/wp-json\/wp\/v2\/media\/1038"}],"wp:attachment":[{"href":"https:\/\/www.trafficangel.co.uk\/lt\/wp-json\/wp\/v2\/media?parent=1556"}],"wp:term":[{"taxonomy":"product_cat","embeddable":true,"href":"https:\/\/www.trafficangel.co.uk\/lt\/wp-json\/wp\/v2\/product_cat?post=1556"},{"taxonomy":"product_tag","embeddable":true,"href":"https:\/\/www.trafficangel.co.uk\/lt\/wp-json\/wp\/v2\/product_tag?post=1556"}],"curies":[{"name":"wp","href":"https:\/\/api.w.org\/{rel}","templated":true}]}}