{"id":1442,"date":"2024-01-19T12:49:45","date_gmt":"2024-01-19T12:49:45","guid":{"rendered":"http:\/\/traffic-angel.local\/product\/forward-facing-dvr-camera-w-nearside-camera-or-rear-camera\/"},"modified":"2025-10-20T09:31:50","modified_gmt":"2025-10-20T09:31:50","slug":"2-kanalu-i-prieki-nukreipta-vaizdo-registratoriaus-irasymo-sistema","status":"publish","type":"product","link":"https:\/\/www.trafficangel.co.uk\/lt\/produktas-2\/2-kanalu-i-prieki-nukreipta-vaizdo-registratoriaus-irasymo-sistema\/","title":{"rendered":"2 kanal\u0173 \u012f priek\u012f nukreipta Dashcam \u012fra\u0161ymo sistema"},"content":{"rendered":"<p>2 kanal\u0173 \u012f priek\u012f nukreipta vaizdo registratoriaus sistema (dalies Nr. FFDVR2) pritaikyta didelio na\u0161umo transporto priemoni\u0173 parko steb\u0117jimui ir pa\u017eangiam vairuotoj\u0173 saugumui. \u0160i sistema, turinti dvi 170\u00b0 kameras: vien\u0105 nukreipt\u0105 \u012f priek\u012f 1080p rai\u0161ka, o antr\u0105 \u2013 D1\/720p rai\u0161ka, tiksliai fiksuoja pla\u010dius keli\u0173 vaizdus. Integruotas GPS \u017eymi kiekvieno \u012fvykio laiko \u017eym\u0105, o H.264 vaizdo glaudinimas u\u017etikrina efektyv\u0173 saugojim\u0105 SD kortel\u0117se iki 256 GB. Judesio aptikimo funkcija, saugus, raktu u\u017erakinamas SD kortel\u0117s d\u0117klas ir suderinamumas su AHD ir CVBS vaizdo standartais u\u017etikrina profesional\u0173 patikimum\u0105. FFDVR2 yra pakankamai tvirtas komercin\u0117ms transporto priemon\u0117ms, jame taip pat yra GPS ry\u0161ys ir mini USB s\u0105saja.<\/p>\n<p>Orders placed before 1\u202fpm are dispatched same day, and the system is fully compatible with Traffic Angel\u2019s Prepping Service for hassle-free installation. Ideal for <a href=\"https:\/\/www.trafficangel.co.uk\/lt\/fleet-dashcams\/\">laivynai<\/a>, ma\u017eoms \u012fmon\u0117ms arba vienkartiniams pirkiniams.<\/p>","protected":false},"excerpt":{"rendered":"<p>2 kanal\u0173 \u012f priek\u012f nukreipta Dashcam \u012fra\u0161ymo sistema<\/p>","protected":false},"featured_media":628,"template":"","meta":{"_acf_changed":false},"product_cat":[19,39],"product_tag":[],"class_list":{"0":"post-1442","1":"product","2":"type-product","3":"status-publish","4":"has-post-thumbnail","6":"product_cat-video-recording-systems","7":"product_cat-dash-cameras","9":"first","10":"instock","11":"taxable","12":"shipping-taxable","13":"purchasable","14":"product-type-simple"},"acf":[],"_links":{"self":[{"href":"https:\/\/www.trafficangel.co.uk\/lt\/wp-json\/wp\/v2\/product\/1442","targetHints":{"allow":["GET"]}}],"collection":[{"href":"https:\/\/www.trafficangel.co.uk\/lt\/wp-json\/wp\/v2\/product"}],"about":[{"href":"https:\/\/www.trafficangel.co.uk\/lt\/wp-json\/wp\/v2\/types\/product"}],"wp:featuredmedia":[{"embeddable":true,"href":"https:\/\/www.trafficangel.co.uk\/lt\/wp-json\/wp\/v2\/media\/628"}],"wp:attachment":[{"href":"https:\/\/www.trafficangel.co.uk\/lt\/wp-json\/wp\/v2\/media?parent=1442"}],"wp:term":[{"taxonomy":"product_cat","embeddable":true,"href":"https:\/\/www.trafficangel.co.uk\/lt\/wp-json\/wp\/v2\/product_cat?post=1442"},{"taxonomy":"product_tag","embeddable":true,"href":"https:\/\/www.trafficangel.co.uk\/lt\/wp-json\/wp\/v2\/product_tag?post=1442"}],"curies":[{"name":"wp","href":"https:\/\/api.w.org\/{rel}","templated":true}]}}