{"id":1430,"date":"2024-01-19T12:49:39","date_gmt":"2024-01-19T12:49:39","guid":{"rendered":"http:\/\/traffic-angel.local\/product\/short-dvr-flylead-4-pin-rca-female-dc-male-2\/"},"modified":"2025-10-20T09:21:45","modified_gmt":"2025-10-20T09:21:45","slug":"short-dvr-flylead-4-pin-rca-female-dc-male-2","status":"publish","type":"product","link":"https:\/\/www.trafficangel.co.uk\/lt\/produktas-2\/short-dvr-flylead-4-pin-rca-female-dc-male-2\/","title":{"rendered":"Trumpas DVR Flylead (4 kontakt\u0173 \u2013 RCA moteri\u0161kas ir DC vyri\u0161kas)"},"content":{"rendered":"<p>Trumpas DVR \u201eFlylead\u201c laidas (4 kontakt\u0173 \u2013 RCA ki\u0161tukas ir DC ki\u0161tukas) leid\u017eia prijungti <a href=\"https:\/\/www.trafficangel.co.uk\/lt\/kameros\/\" target=\"_blank\" rel=\"noopener\">kameros<\/a> prie DVR sistem\u0173 greitai ir paprastai. Sukurtas trump\u0173 atstum\u0173 jungtims, jis konvertuoja standartin\u0119 4 kontakt\u0173 kameros jungt\u012f \u012f RCA ir nuolatin\u0117s srov\u0117s i\u0161vestis, tod\u0117l galima lanks\u010diai integruoti su \u012fvairia \u012fra\u0161ymo \u012franga. Kompakti\u0161kas ilgis padeda suma\u017einti nereikaling\u0173 laid\u0173 skai\u010di\u0173, tod\u0117l instaliacija i\u0161lieka tvarkinga ir efektyvi. Pagamintas su patvariomis jungtimis, \u0161is \u201eflylead\u201c u\u017etikrina patikim\u0105 vaizdo ir maitinimo perdavim\u0105, kad transporto priemoni\u0173 parkas veikt\u0173 stabiliai ir ilgai.<\/p>","protected":false},"excerpt":{"rendered":"<p>Trumpas DVR Flylead (4 kontakt\u0173 \u2013 RCA moteri\u0161kas ir DC vyri\u0161kas)<\/p>","protected":false},"featured_media":495,"template":"","meta":{"_acf_changed":false},"product_cat":[83],"product_tag":[],"class_list":{"0":"post-1430","1":"product","2":"type-product","3":"status-publish","4":"has-post-thumbnail","6":"product_cat-accessories-video-recording-systems","8":"first","9":"instock","10":"taxable","11":"shipping-taxable","12":"purchasable","13":"product-type-simple"},"acf":[],"_links":{"self":[{"href":"https:\/\/www.trafficangel.co.uk\/lt\/wp-json\/wp\/v2\/product\/1430","targetHints":{"allow":["GET"]}}],"collection":[{"href":"https:\/\/www.trafficangel.co.uk\/lt\/wp-json\/wp\/v2\/product"}],"about":[{"href":"https:\/\/www.trafficangel.co.uk\/lt\/wp-json\/wp\/v2\/types\/product"}],"wp:featuredmedia":[{"embeddable":true,"href":"https:\/\/www.trafficangel.co.uk\/lt\/wp-json\/wp\/v2\/media\/495"}],"wp:attachment":[{"href":"https:\/\/www.trafficangel.co.uk\/lt\/wp-json\/wp\/v2\/media?parent=1430"}],"wp:term":[{"taxonomy":"product_cat","embeddable":true,"href":"https:\/\/www.trafficangel.co.uk\/lt\/wp-json\/wp\/v2\/product_cat?post=1430"},{"taxonomy":"product_tag","embeddable":true,"href":"https:\/\/www.trafficangel.co.uk\/lt\/wp-json\/wp\/v2\/product_tag?post=1430"}],"curies":[{"name":"wp","href":"https:\/\/api.w.org\/{rel}","templated":true}]}}