{"id":1427,"date":"2024-01-19T12:49:39","date_gmt":"2024-01-19T12:49:39","guid":{"rendered":"http:\/\/traffic-angel.local\/product\/24-12v-voltage-dropper-red-black-ip-op-wires\/"},"modified":"2025-10-20T09:20:04","modified_gmt":"2025-10-20T09:20:04","slug":"24v-to-12v-voltage-dropper-red-black-ip-op-wires","status":"publish","type":"product","link":"https:\/\/www.trafficangel.co.uk\/lt\/produktas-2\/24v-to-12v-voltage-dropper-red-black-ip-op-wires\/","title":{"rendered":"24v iki 12v \u012ftampos la\u0161intuvas, raudonas + juodi IP\/OP laidai"},"content":{"rendered":"<p>24 V\u201312 V \u012ftampos ma\u017einimo \u012frenginys saugiai suma\u017eina 24 V transporto priemon\u0117s gali\u0105 iki 12 V, leisdamas 12 V \u012frang\u0105 naudoti komercin\u0117se transporto priemon\u0117se. D\u0117l paprast\u0173 raudon\u0173 ir juod\u0173 \u012fvesties\/i\u0161vesties laid\u0173 j\u012f lengva sumontuoti ir jis idealiai tinka maitinimui. <a href=\"https:\/\/www.trafficangel.co.uk\/lt\/kameros\/\" target=\"_blank\" rel=\"noopener\">kameros<\/a>, <a href=\"https:\/\/www.trafficangel.co.uk\/lt\/monitoriai\/\" target=\"_blank\" rel=\"noopener\">monitoriai<\/a>ir <a href=\"https:\/\/www.trafficangel.co.uk\/lt\/progresyvi-saugi-sistema\/\" target=\"_blank\" rel=\"noopener\">saugos sistemos<\/a>.<\/p>","protected":false},"excerpt":{"rendered":"<p>\u012etampos ma\u017einimo jungiklis, kei\u010diantis 24 V \u012f 12 V \u012ftamp\u0105, saugiai suma\u017eina 24 V transporto priemon\u0117s gali\u0105 iki 12 V, tod\u0117l komercin\u0117se transporto priemon\u0117se gali veikti 12 V \u012franga.<\/p>","protected":false},"featured_media":498,"template":"","meta":{"_acf_changed":false},"product_cat":[26,28],"product_tag":[],"class_list":{"0":"post-1427","1":"product","2":"type-product","3":"status-publish","4":"has-post-thumbnail","6":"product_cat-cables-accessories","7":"product_cat-miscellaneous","9":"first","10":"instock","11":"taxable","12":"shipping-taxable","13":"purchasable","14":"product-type-simple"},"acf":[],"_links":{"self":[{"href":"https:\/\/www.trafficangel.co.uk\/lt\/wp-json\/wp\/v2\/product\/1427","targetHints":{"allow":["GET"]}}],"collection":[{"href":"https:\/\/www.trafficangel.co.uk\/lt\/wp-json\/wp\/v2\/product"}],"about":[{"href":"https:\/\/www.trafficangel.co.uk\/lt\/wp-json\/wp\/v2\/types\/product"}],"wp:featuredmedia":[{"embeddable":true,"href":"https:\/\/www.trafficangel.co.uk\/lt\/wp-json\/wp\/v2\/media\/498"}],"wp:attachment":[{"href":"https:\/\/www.trafficangel.co.uk\/lt\/wp-json\/wp\/v2\/media?parent=1427"}],"wp:term":[{"taxonomy":"product_cat","embeddable":true,"href":"https:\/\/www.trafficangel.co.uk\/lt\/wp-json\/wp\/v2\/product_cat?post=1427"},{"taxonomy":"product_tag","embeddable":true,"href":"https:\/\/www.trafficangel.co.uk\/lt\/wp-json\/wp\/v2\/product_tag?post=1427"}],"curies":[{"name":"wp","href":"https:\/\/api.w.org\/{rel}","templated":true}]}}