{"id":1419,"date":"2024-01-19T12:49:35","date_gmt":"2024-01-19T12:49:35","guid":{"rendered":"http:\/\/traffic-angel.local\/product\/automatic-timer-for-night-time-shut-off-for-left-turn\/"},"modified":"2025-10-20T09:13:03","modified_gmt":"2025-10-20T09:13:03","slug":"automatinis-laikmatis-skirtas-naktiniam-posukio-signalu-perrasymui","status":"publish","type":"product","link":"https:\/\/www.trafficangel.co.uk\/lt\/produktas-2\/automatinis-laikmatis-skirtas-naktiniam-posukio-signalu-perrasymui\/","title":{"rendered":"Automatinis laikmatis, skirtas nakties pos\u016bkio signal\u0173 nepaisymui"},"content":{"rendered":"<p>Automatinis pos\u016bki\u0173 signalizacijos naktinio \u012fjungimo laikmatis leid\u017eia transporto parkams laikytis miesto triuk\u0161mo apribojim\u0173 nepakenkiant saugumui. Nusta\u010dius laikmat\u012f, jis automati\u0161kai nutildo pos\u016bki\u0173 signalizacij\u0105 nustatytomis nakties valandomis, o dienos metu atkuria visi\u0161k\u0105 signalizacijos funkcij\u0105. \u0160is visi\u0161kai automatizuotas sprendimas suma\u017eina vairuotoj\u0173 darbo kr\u016bv\u012f, u\u017ekerta keli\u0105 nereikalingiems skundams d\u0117l triuk\u0161mo ir u\u017etikrina, kad transporto priemon\u0117s atitikt\u0173 tiek saugos, tiek aplinkosaugos reikalavimus. Sukurtas patikimam ir ilgalaikiam naudojimui sud\u0117tingose transporto priemoni\u0173 parko operacijose.<\/p>","protected":false},"excerpt":{"rendered":"<p>Automatinis laikmatis, skirtas nakties pos\u016bkio signal\u0173 nepaisymui<\/p>","protected":false},"featured_media":1054,"template":"","meta":{"_acf_changed":false},"product_cat":[33,34],"product_tag":[],"class_list":{"0":"post-1419","1":"product","2":"type-product","3":"status-publish","4":"has-post-thumbnail","6":"product_cat-alarms","7":"product_cat-turn-alarms","9":"first","10":"instock","11":"taxable","12":"shipping-taxable","13":"purchasable","14":"product-type-simple"},"acf":[],"_links":{"self":[{"href":"https:\/\/www.trafficangel.co.uk\/lt\/wp-json\/wp\/v2\/product\/1419","targetHints":{"allow":["GET"]}}],"collection":[{"href":"https:\/\/www.trafficangel.co.uk\/lt\/wp-json\/wp\/v2\/product"}],"about":[{"href":"https:\/\/www.trafficangel.co.uk\/lt\/wp-json\/wp\/v2\/types\/product"}],"wp:featuredmedia":[{"embeddable":true,"href":"https:\/\/www.trafficangel.co.uk\/lt\/wp-json\/wp\/v2\/media\/1054"}],"wp:attachment":[{"href":"https:\/\/www.trafficangel.co.uk\/lt\/wp-json\/wp\/v2\/media?parent=1419"}],"wp:term":[{"taxonomy":"product_cat","embeddable":true,"href":"https:\/\/www.trafficangel.co.uk\/lt\/wp-json\/wp\/v2\/product_cat?post=1419"},{"taxonomy":"product_tag","embeddable":true,"href":"https:\/\/www.trafficangel.co.uk\/lt\/wp-json\/wp\/v2\/product_tag?post=1419"}],"curies":[{"name":"wp","href":"https:\/\/api.w.org\/{rel}","templated":true}]}}