{"id":1416,"date":"2024-01-19T12:49:35","date_gmt":"2024-01-19T12:49:35","guid":{"rendered":"http:\/\/traffic-angel.local\/product\/citysafe-left-turn-audible-alarm-spoken-message\/"},"modified":"2025-10-20T09:11:11","modified_gmt":"2025-10-20T09:11:11","slug":"citysafe-kairiojo-posukio-signalizacijos-garsinis-pranesimas","status":"publish","type":"product","link":"https:\/\/www.trafficangel.co.uk\/lt\/produktas-2\/citysafe-kairiojo-posukio-signalizacijos-garsinis-pranesimas\/","title":{"rendered":"\u201eCitySafe\u201c pos\u016bkio \u012f kair\u0119 signalizacija \u2013 garsinis \u017eodinis prane\u0161imas"},"content":{"rendered":"<p>\u201eCitySafe\u201c kairiojo pos\u016bkio signalizacija su garsiniu prane\u0161imu ai\u0161kiai \u012fsp\u0117ja p\u0117s\u010diuosius ir dviratininkus, kai transporto priemon\u0117 suka \u012f kair\u0119. Sukurta siekiant suma\u017einti aklosios zonos rizik\u0105 ir atitikti miesto saugumo reikalavimus, sistema groja ai\u0161k\u0173 balso prane\u0161im\u0105 vietoj standartinio \u012fsp\u0117jamojo tono, pad\u0117dama pa\u017eeid\u017eiamiems eismo dalyviams geriau suprasti transporto priemon\u0117s ketinimus. Sukurta patikimai va\u017eiuojant judriu miesto aplinka, \u0161i kairiojo pos\u016bkio signalizacija atitinka DVS, FORS ir CLOCS reikalavimus, suteikdama transporto priemoni\u0173 park\u0173 operatoriams pasitik\u0117jimo savo transporto priemoni\u0173 saugos sistemomis.<\/p>","protected":false},"excerpt":{"rendered":"<p>\u201eCitySafe\u201c kairiojo pos\u016bkio signalizacija su garsiniu prane\u0161imu ai\u0161kiai \u012fsp\u0117ja p\u0117s\u010diuosius ir dviratininkus, kai transporto priemon\u0117 suka \u012f kair\u0119.<\/p>","protected":false},"featured_media":563,"template":"","meta":{"_acf_changed":false},"product_cat":[33,34],"product_tag":[],"class_list":{"0":"post-1416","1":"product","2":"type-product","3":"status-publish","4":"has-post-thumbnail","6":"product_cat-alarms","7":"product_cat-turn-alarms","9":"first","10":"instock","11":"taxable","12":"shipping-taxable","13":"purchasable","14":"product-type-simple"},"acf":[],"_links":{"self":[{"href":"https:\/\/www.trafficangel.co.uk\/lt\/wp-json\/wp\/v2\/product\/1416","targetHints":{"allow":["GET"]}}],"collection":[{"href":"https:\/\/www.trafficangel.co.uk\/lt\/wp-json\/wp\/v2\/product"}],"about":[{"href":"https:\/\/www.trafficangel.co.uk\/lt\/wp-json\/wp\/v2\/types\/product"}],"wp:featuredmedia":[{"embeddable":true,"href":"https:\/\/www.trafficangel.co.uk\/lt\/wp-json\/wp\/v2\/media\/563"}],"wp:attachment":[{"href":"https:\/\/www.trafficangel.co.uk\/lt\/wp-json\/wp\/v2\/media?parent=1416"}],"wp:term":[{"taxonomy":"product_cat","embeddable":true,"href":"https:\/\/www.trafficangel.co.uk\/lt\/wp-json\/wp\/v2\/product_cat?post=1416"},{"taxonomy":"product_tag","embeddable":true,"href":"https:\/\/www.trafficangel.co.uk\/lt\/wp-json\/wp\/v2\/product_tag?post=1416"}],"curies":[{"name":"wp","href":"https:\/\/api.w.org\/{rel}","templated":true}]}}