{"id":1411,"date":"2024-01-19T12:49:35","date_gmt":"2024-01-19T12:49:35","guid":{"rendered":"http:\/\/traffic-angel.local\/product\/5m-trailer-extension-cable-4-pin-male-4-pin-female\/"},"modified":"2025-10-29T09:30:52","modified_gmt":"2025-10-29T09:30:52","slug":"5-m-priekabos-prailginimo-kabelis-4-kontaktu-kistukas-ir-4-kontaktu-lizdas","status":"publish","type":"product","link":"https:\/\/www.trafficangel.co.uk\/lt\/produktas-2\/5-m-priekabos-prailginimo-kabelis-4-kontaktu-kistukas-ir-4-kontaktu-lizdas\/","title":{"rendered":"5 m priekaba \/ prailginimo kabelis (4 kontakt\u0173 ki\u0161tukas \u2013 4 kontakt\u0173 moteri\u0161kas)"},"content":{"rendered":"<p>5 m ilgio priekabos \/ prailginimo kabelis (4 kontakt\u0173 ki\u0161tukas \u2013 4 kontakt\u0173 lizdas) skirtas kamer\u0173 sistemos jungtims prailginti per priekabas, stand\u017eias transporto priemones ar technik\u0105. 5 metr\u0173 ilgio kabelis suteikia reikiam\u0105 lankstum\u0105 ma\u017eesn\u0117ms priekaboms ar trumpesniems transporto priemoni\u0173 junginiams. Saugios 4 kontakt\u0173 jungtys u\u017etikrina patikim\u0105 vaizdo ir energijos perdavim\u0105, visada i\u0161laikant ai\u0161k\u0173 kameros veikim\u0105. Sukurtas sud\u0117tingoms darbo s\u0105lygoms, \u0161is prailginimo kabelis yra patikimas pasirinkimas transporto parkams, norintiems u\u017etikrinti saugum\u0105 ir atitikt\u012f reikalavimams be nereikalingo sud\u0117tingumo.<\/p>","protected":false},"excerpt":{"rendered":"<p>5 m priekaba \/ prailginimo kabelis (4 kontakt\u0173 ki\u0161tukas \u2013 4 kontakt\u0173 moteri\u0161kas)<\/p>","protected":false},"featured_media":445,"template":"","meta":{"_acf_changed":false},"product_cat":[26,27],"product_tag":[],"class_list":{"0":"post-1411","1":"product","2":"type-product","3":"status-publish","4":"has-post-thumbnail","6":"product_cat-cables-accessories","7":"product_cat-camera-trailer-cables","9":"first","10":"instock","11":"taxable","12":"shipping-taxable","13":"purchasable","14":"product-type-simple"},"acf":[],"_links":{"self":[{"href":"https:\/\/www.trafficangel.co.uk\/lt\/wp-json\/wp\/v2\/product\/1411","targetHints":{"allow":["GET"]}}],"collection":[{"href":"https:\/\/www.trafficangel.co.uk\/lt\/wp-json\/wp\/v2\/product"}],"about":[{"href":"https:\/\/www.trafficangel.co.uk\/lt\/wp-json\/wp\/v2\/types\/product"}],"wp:featuredmedia":[{"embeddable":true,"href":"https:\/\/www.trafficangel.co.uk\/lt\/wp-json\/wp\/v2\/media\/445"}],"wp:attachment":[{"href":"https:\/\/www.trafficangel.co.uk\/lt\/wp-json\/wp\/v2\/media?parent=1411"}],"wp:term":[{"taxonomy":"product_cat","embeddable":true,"href":"https:\/\/www.trafficangel.co.uk\/lt\/wp-json\/wp\/v2\/product_cat?post=1411"},{"taxonomy":"product_tag","embeddable":true,"href":"https:\/\/www.trafficangel.co.uk\/lt\/wp-json\/wp\/v2\/product_tag?post=1411"}],"curies":[{"name":"wp","href":"https:\/\/api.w.org\/{rel}","templated":true}]}}