{"id":1401,"date":"2024-01-19T12:49:32","date_gmt":"2024-01-19T12:49:32","guid":{"rendered":"http:\/\/traffic-angel.local\/product\/15m-trailer-extension-cable-4-pin-male-4-pin-female\/"},"modified":"2025-10-20T08:52:18","modified_gmt":"2025-10-20T08:52:18","slug":"15-m-priekabos-prailginimo-kabelis-4-kontaktu-kistukas-ir-4-kontaktu-lizdas","status":"publish","type":"product","link":"https:\/\/www.trafficangel.co.uk\/lt\/produktas-2\/15-m-priekabos-prailginimo-kabelis-4-kontaktu-kistukas-ir-4-kontaktu-lizdas\/","title":{"rendered":"15 m priekaba \/ prailginimo kabelis (4 kontakt\u0173 vyri\u0161kas \u2013 4 kontakt\u0173 moteri\u0161kas)"},"content":{"rendered":"<p>15 m ilgio priekabos prailginimo kabelis i\u0161 Traffic Angel yra esminis komponentas transporto parkams, kuriems reikalingas patikimas, tolimojo nuotolio ry\u0161ys tarp priekaboje montuojam\u0173... <a href=\"https:\/\/www.trafficangel.co.uk\/lt\/kameros\/\">kameros<\/a> ir kabinos sistemos. Sukurtas intensyviam naudojimui, jis turi visi\u0161kai ekranuotus laidus, kad suma\u017eint\u0173 signalo trukd\u017eius ir palaikyt\u0173 ai\u0161k\u0173 vaizdo bei duomen\u0173 perdavim\u0105. \u012erengtos patvarios 4 kontakt\u0173 aviacijos jungtys, u\u017etikrinan\u010dios saug\u0173 pritvirtinim\u0105 ir stabil\u0173 veikim\u0105 visose komercin\u0117se srityse. Puikiai tinka didesn\u0117ms transporto priemon\u0117ms ir vilkikams.<\/p>","protected":false},"excerpt":{"rendered":"<p>15 m priekaba \/ prailginimo kabelis (4 kontakt\u0173 vyri\u0161kas \u2013 4 kontakt\u0173 moteri\u0161kas)<\/p>","protected":false},"featured_media":2350,"template":"","meta":{"_acf_changed":false},"product_cat":[26,27],"product_tag":[],"class_list":{"0":"post-1401","1":"product","2":"type-product","3":"status-publish","4":"has-post-thumbnail","6":"product_cat-cables-accessories","7":"product_cat-camera-trailer-cables","9":"first","10":"instock","11":"taxable","12":"shipping-taxable","13":"purchasable","14":"product-type-simple"},"acf":[],"_links":{"self":[{"href":"https:\/\/www.trafficangel.co.uk\/lt\/wp-json\/wp\/v2\/product\/1401","targetHints":{"allow":["GET"]}}],"collection":[{"href":"https:\/\/www.trafficangel.co.uk\/lt\/wp-json\/wp\/v2\/product"}],"about":[{"href":"https:\/\/www.trafficangel.co.uk\/lt\/wp-json\/wp\/v2\/types\/product"}],"wp:featuredmedia":[{"embeddable":true,"href":"https:\/\/www.trafficangel.co.uk\/lt\/wp-json\/wp\/v2\/media\/2350"}],"wp:attachment":[{"href":"https:\/\/www.trafficangel.co.uk\/lt\/wp-json\/wp\/v2\/media?parent=1401"}],"wp:term":[{"taxonomy":"product_cat","embeddable":true,"href":"https:\/\/www.trafficangel.co.uk\/lt\/wp-json\/wp\/v2\/product_cat?post=1401"},{"taxonomy":"product_tag","embeddable":true,"href":"https:\/\/www.trafficangel.co.uk\/lt\/wp-json\/wp\/v2\/product_tag?post=1401"}],"curies":[{"name":"wp","href":"https:\/\/api.w.org\/{rel}","templated":true}]}}