{"id":1397,"date":"2024-01-19T12:49:29","date_gmt":"2024-01-19T12:49:29","guid":{"rendered":"http:\/\/traffic-angel.local\/product\/can-bus-connection-interface-for-recording-systems\/"},"modified":"2025-10-20T08:49:54","modified_gmt":"2025-10-20T08:49:54","slug":"can-magistrales-jungties-sasaja-irasymo-sistemoms","status":"publish","type":"product","link":"https:\/\/www.trafficangel.co.uk\/lt\/produktas-2\/can-magistrales-jungties-sasaja-irasymo-sistemoms\/","title":{"rendered":"CAN magistral\u0117s ry\u0161io s\u0105saja \u012fra\u0161ymo sistemoms"},"content":{"rendered":"<p>CAN magistral\u0117s jungties s\u0105saja \u012fra\u0161ymo sistemoms leid\u017eia skland\u017eiai integruoti transporto priemon\u0117s duomenis ir DVR \u012fra\u0161ymo \u012frang\u0105. Prisijungusi tiesiai prie transporto priemon\u0117s CAN magistral\u0117s, ji fiksuoja pagrindinius signalus, tokius kaip pos\u016bki\u0173 rodikliai, stabd\u017eiai ir greitis, tod\u0117l galima tiksliai \u012fra\u0161yti \u012fvykius. Tai padeda transporto priemoni\u0173 parko operatoriams pagerinti incident\u0173 analiz\u0119, palaikyti atitikt\u012f reikalavimams ir steb\u0117ti vairuotoj\u0173 elges\u012f naudojant patikimus duomenis realiuoju laiku.<\/p>","protected":false},"excerpt":{"rendered":"<p>CAN magistral\u0117s jungties s\u0105saja \u012fra\u0161ymo sistemoms leid\u017eia skland\u017eiai integruoti transporto priemon\u0117s duomenis ir DVR \u012fra\u0161ymo \u012frang\u0105.<\/p>","protected":false},"featured_media":418,"template":"","meta":{"_acf_changed":false},"product_cat":[26,902],"product_tag":[],"class_list":{"0":"post-1397","1":"product","2":"type-product","3":"status-publish","4":"has-post-thumbnail","6":"product_cat-cables-accessories","7":"product_cat-wiring-kits","9":"first","10":"instock","11":"taxable","12":"shipping-taxable","13":"purchasable","14":"product-type-simple"},"acf":[],"_links":{"self":[{"href":"https:\/\/www.trafficangel.co.uk\/lt\/wp-json\/wp\/v2\/product\/1397","targetHints":{"allow":["GET"]}}],"collection":[{"href":"https:\/\/www.trafficangel.co.uk\/lt\/wp-json\/wp\/v2\/product"}],"about":[{"href":"https:\/\/www.trafficangel.co.uk\/lt\/wp-json\/wp\/v2\/types\/product"}],"wp:featuredmedia":[{"embeddable":true,"href":"https:\/\/www.trafficangel.co.uk\/lt\/wp-json\/wp\/v2\/media\/418"}],"wp:attachment":[{"href":"https:\/\/www.trafficangel.co.uk\/lt\/wp-json\/wp\/v2\/media?parent=1397"}],"wp:term":[{"taxonomy":"product_cat","embeddable":true,"href":"https:\/\/www.trafficangel.co.uk\/lt\/wp-json\/wp\/v2\/product_cat?post=1397"},{"taxonomy":"product_tag","embeddable":true,"href":"https:\/\/www.trafficangel.co.uk\/lt\/wp-json\/wp\/v2\/product_tag?post=1397"}],"curies":[{"name":"wp","href":"https:\/\/api.w.org\/{rel}","templated":true}]}}