{"id":1396,"date":"2024-01-19T12:49:29","date_gmt":"2024-01-19T12:49:29","guid":{"rendered":"http:\/\/traffic-angel.local\/product\/can-bus-connection-interface-for-dvs-systems\/"},"modified":"2025-10-20T08:49:30","modified_gmt":"2025-10-20T08:49:30","slug":"can-magistrales-jungties-sasaja-dvs-pss-sistemoms","status":"publish","type":"product","link":"https:\/\/www.trafficangel.co.uk\/lt\/produktas-2\/can-magistrales-jungties-sasaja-dvs-pss-sistemoms\/","title":{"rendered":"CAN magistral\u0117s jungties s\u0105saja DVS \/ PSS sistemoms"},"content":{"rendered":"<p>CAN magistral\u0117s jungties s\u0105saja DVS \/ PSS sistemoms leid\u017eia skland\u017eiai integruoti transporto priemon\u0117s saugos \u012frang\u0105 su transporto priemon\u0117s elektronin\u0117mis sistemomis. Sukurta darbui su <a href=\"https:\/\/www.trafficangel.co.uk\/lt\/progresyvi-saugi-sistema-2024-m\/\" target=\"_blank\" rel=\"noopener\">Progresyvios saugios sistemos (PSS) \u012frengimas<\/a>, ji u\u017etikrina saug\u0173 ry\u0161\u012f su CAN magistrale, leid\u017eiant\u012f tiksliai \u012fjungti saugos funkcijas, tokias kaip aklosios zonos aptikimas, pos\u016bki\u0173 \u012fsp\u0117jimai ir kamer\u0173 sistemos. \u0160i s\u0105saja, lengvai montuojama ir visi\u0161kai suderinama su \u0161iuolaikin\u0117mis komercin\u0117mis transporto priemon\u0117mis, u\u017etikrina, kad saugos sistemos veikt\u0173 tiksliai tada, kai reikia, pad\u0117dama transporto parkams laikytis reikalavim\u0173 ir apsaugoti pa\u017eeid\u017eiamus eismo dalyvius.<\/p>","protected":false},"excerpt":{"rendered":"<p>CAN magistral\u0117s jungties s\u0105saja DVS \/ PSS sistemoms leid\u017eia skland\u017eiai integruoti transporto priemon\u0117s saugos \u012frang\u0105 su transporto priemon\u0117s elektronin\u0117mis sistemomis.<\/p>","protected":false},"featured_media":420,"template":"","meta":{"_acf_changed":false},"product_cat":[26,902],"product_tag":[],"class_list":{"0":"post-1396","1":"product","2":"type-product","3":"status-publish","4":"has-post-thumbnail","6":"product_cat-cables-accessories","7":"product_cat-wiring-kits","9":"first","10":"instock","11":"taxable","12":"shipping-taxable","13":"purchasable","14":"product-type-simple"},"acf":[],"_links":{"self":[{"href":"https:\/\/www.trafficangel.co.uk\/lt\/wp-json\/wp\/v2\/product\/1396","targetHints":{"allow":["GET"]}}],"collection":[{"href":"https:\/\/www.trafficangel.co.uk\/lt\/wp-json\/wp\/v2\/product"}],"about":[{"href":"https:\/\/www.trafficangel.co.uk\/lt\/wp-json\/wp\/v2\/types\/product"}],"wp:featuredmedia":[{"embeddable":true,"href":"https:\/\/www.trafficangel.co.uk\/lt\/wp-json\/wp\/v2\/media\/420"}],"wp:attachment":[{"href":"https:\/\/www.trafficangel.co.uk\/lt\/wp-json\/wp\/v2\/media?parent=1396"}],"wp:term":[{"taxonomy":"product_cat","embeddable":true,"href":"https:\/\/www.trafficangel.co.uk\/lt\/wp-json\/wp\/v2\/product_cat?post=1396"},{"taxonomy":"product_tag","embeddable":true,"href":"https:\/\/www.trafficangel.co.uk\/lt\/wp-json\/wp\/v2\/product_tag?post=1396"}],"curies":[{"name":"wp","href":"https:\/\/api.w.org\/{rel}","templated":true}]}}