{"id":1385,"date":"2024-01-19T12:49:26","date_gmt":"2024-01-19T12:49:26","guid":{"rendered":"http:\/\/traffic-angel.local\/product\/4m-3-way-rca-cable\/"},"modified":"2025-10-20T08:39:07","modified_gmt":"2025-10-20T08:39:07","slug":"4m-3-way-rca-cable","status":"publish","type":"product","link":"https:\/\/www.trafficangel.co.uk\/lt\/produktas-2\/4m-3-way-rca-cable\/","title":{"rendered":"4m 3 kryp\u010di\u0173 RCA kabelis"},"content":{"rendered":"<p>4 m ilgio 3 kryp\u010di\u0173 RCA kabelis si\u016blo paprast\u0105 ir patikim\u0105 vaizdo ir garso signal\u0173 perdavimo transporto priemoni\u0173 kamer\u0173 sistemose sprendim\u0105. Tur\u0117damas tris atskirus kanalus, jis lengvai prijungia kameras, monitorius ir vaizdo \u012fra\u0161ymo \u012frenginius, tuo pa\u010diu i\u0161laikant tvarking\u0105 \u012frengim\u0105. 4 metr\u0173 ilgis suteikia lankstumo vidutinio dyd\u017eio transporto priemoni\u0173 sistemoms, u\u017etikrinant stabil\u0173 ry\u0161\u012f be nereikaling\u0173 laid\u0173. Pagamintas i\u0161 patvari\u0173 jung\u010di\u0173 ir kokybi\u0161ko ekranavimo, \u0161is kabelis u\u017etikrina ai\u0161k\u0173 ir nuosekl\u0173 signalo perdavim\u0105 net ir sud\u0117tingoje transporto priemoni\u0173 parko aplinkoje.<\/p>","protected":false},"excerpt":{"rendered":"<p>4m 3 kryp\u010di\u0173 RCA kabelis<\/p>","protected":false},"featured_media":410,"template":"","meta":{"_acf_changed":false},"product_cat":[26,27],"product_tag":[],"class_list":{"0":"post-1385","1":"product","2":"type-product","3":"status-publish","4":"has-post-thumbnail","6":"product_cat-cables-accessories","7":"product_cat-camera-trailer-cables","9":"first","10":"instock","11":"taxable","12":"shipping-taxable","13":"purchasable","14":"product-type-simple"},"acf":[],"_links":{"self":[{"href":"https:\/\/www.trafficangel.co.uk\/lt\/wp-json\/wp\/v2\/product\/1385","targetHints":{"allow":["GET"]}}],"collection":[{"href":"https:\/\/www.trafficangel.co.uk\/lt\/wp-json\/wp\/v2\/product"}],"about":[{"href":"https:\/\/www.trafficangel.co.uk\/lt\/wp-json\/wp\/v2\/types\/product"}],"wp:featuredmedia":[{"embeddable":true,"href":"https:\/\/www.trafficangel.co.uk\/lt\/wp-json\/wp\/v2\/media\/410"}],"wp:attachment":[{"href":"https:\/\/www.trafficangel.co.uk\/lt\/wp-json\/wp\/v2\/media?parent=1385"}],"wp:term":[{"taxonomy":"product_cat","embeddable":true,"href":"https:\/\/www.trafficangel.co.uk\/lt\/wp-json\/wp\/v2\/product_cat?post=1385"},{"taxonomy":"product_tag","embeddable":true,"href":"https:\/\/www.trafficangel.co.uk\/lt\/wp-json\/wp\/v2\/product_tag?post=1385"}],"curies":[{"name":"wp","href":"https:\/\/api.w.org\/{rel}","templated":true}]}}