{"id":1382,"date":"2024-01-19T12:49:26","date_gmt":"2024-01-19T12:49:26","guid":{"rendered":"http:\/\/traffic-angel.local\/product\/1m-single-rca-cable\/"},"modified":"2025-10-20T08:32:17","modified_gmt":"2025-10-20T08:32:17","slug":"1-m-rca-kabelis","status":"publish","type":"product","link":"https:\/\/www.trafficangel.co.uk\/lt\/produktas-2\/1-m-rca-kabelis\/","title":{"rendered":"1m RCA laidas"},"content":{"rendered":"<p>1 m RCA kabelis u\u017etikrina paprast\u0105 ir patikim\u0105 vaizdo ar garso signal\u0173 jungt\u012f transporto priemoni\u0173 saugos sistemose. Idealiai tinka trumpiems ry\u0161iams tarp kamer\u0173, monitori\u0173 ar \u012fra\u0161ymo \u012frangos, o kompakti\u0161kas ilgis padeda i\u0161laikyti \u012frengim\u0105 tvarking\u0105 ir efektyv\u0173. Auk\u0161tos kokyb\u0117s jungtys u\u017etikrina stabil\u0173 ir ai\u0161k\u0173 signal\u0105 net ir sud\u0117tingoje transporto priemoni\u0173 parko aplinkoje.<\/p>","protected":false},"excerpt":{"rendered":"<p>1m RCA laidas<\/p>","protected":false},"featured_media":414,"template":"","meta":{"_acf_changed":false},"product_cat":[26,27],"product_tag":[],"class_list":{"0":"post-1382","1":"product","2":"type-product","3":"status-publish","4":"has-post-thumbnail","6":"product_cat-cables-accessories","7":"product_cat-camera-trailer-cables","9":"first","10":"instock","11":"taxable","12":"shipping-taxable","13":"purchasable","14":"product-type-simple"},"acf":[],"_links":{"self":[{"href":"https:\/\/www.trafficangel.co.uk\/lt\/wp-json\/wp\/v2\/product\/1382","targetHints":{"allow":["GET"]}}],"collection":[{"href":"https:\/\/www.trafficangel.co.uk\/lt\/wp-json\/wp\/v2\/product"}],"about":[{"href":"https:\/\/www.trafficangel.co.uk\/lt\/wp-json\/wp\/v2\/types\/product"}],"wp:featuredmedia":[{"embeddable":true,"href":"https:\/\/www.trafficangel.co.uk\/lt\/wp-json\/wp\/v2\/media\/414"}],"wp:attachment":[{"href":"https:\/\/www.trafficangel.co.uk\/lt\/wp-json\/wp\/v2\/media?parent=1382"}],"wp:term":[{"taxonomy":"product_cat","embeddable":true,"href":"https:\/\/www.trafficangel.co.uk\/lt\/wp-json\/wp\/v2\/product_cat?post=1382"},{"taxonomy":"product_tag","embeddable":true,"href":"https:\/\/www.trafficangel.co.uk\/lt\/wp-json\/wp\/v2\/product_tag?post=1382"}],"curies":[{"name":"wp","href":"https:\/\/api.w.org\/{rel}","templated":true}]}}