{"id":3704,"date":"2025-05-02T08:00:26","date_gmt":"2025-05-02T08:00:26","guid":{"rendered":"https:\/\/www.trafficangel.co.uk\/?page_id=3704"},"modified":"2025-06-12T15:54:12","modified_gmt":"2025-06-12T15:54:12","slug":"komanda","status":"publish","type":"page","link":"https:\/\/www.trafficangel.co.uk\/lt\/komanda\/","title":{"rendered":"M\u016bs\u0173 komanda"},"content":{"rendered":"<div id=\"\"\n    class=\"flex flex-wrap my-12 lg:flex-nowrap text-image-split-block\">\n    <div class=\"w-full h-[350px] lg:h-auto lg:w-1\/2 md:order-1 bg-cover bg-center bg-no-repeat text-image-image\"\n        style=\"background-image: url('https:\/\/www.trafficangel.co.uk\/wp-content\/uploads\/2025\/06\/IMG_8148.jpg');\">\n\n    <\/div>\n    <div class=\"w-full lg:w-1\/2 md:order-2 flex items-center bg-offWhite px-4 md:px-8 lg:px-14 md:py-12 py-5\">\n        <div class=\"split-block-content\">\n                        <h2 class=\"split-block-title mb-3 text-2xl lg:mb-4 text-secondary md:text-3xl font-roboto lg:text-3xl\">\n                \u201eTrafficAngel\u201c komanda            <\/h2>\n                                    <div class=\"p-0 mb-0 text-base\">\n                <p>Verslas prasid\u0117jo 2004 m., kai Steve&#039;as \u012fstrigo ilgoje eil\u0117je u\u017e sunkve\u017eimio su priekaba, bandan\u010dio atbuline eiga va\u017eiuoti \u012f ank\u0161t\u0105 pramoninio rajono \u012fva\u017eiavim\u0105. Prad\u0117j\u0119s nuo galinio vaizdo kamer\u0173, dabar produkt\u0173 asortimentas apima \u012fvairius kamer\u0173 ir jutikli\u0173 sprendimus, \u012fra\u0161ymo \u012frenginius, PSS tiekim\u0105 ir montavim\u0105, mobili\u0173j\u0173 program\u0117li\u0173 apsaugos sprendimus, taip pat vis\u0173 r\u016b\u0161i\u0173 \u0161vytur\u0117li\u0173 ir stroboskopini\u0173 \u0161vies\u0173 montavim\u0105. Nors \u201eTrafficAngel\u201c vis dar yra gana ma\u017ea, ji dabar u\u017eima lyderio pozicijas rinkoje pagal profesionalum\u0105, produkt\u0173 patikimum\u0105 ir klient\u0173 aptarnavim\u0105.<\/p>\n            <\/div>\n                    <\/div>\n    <\/div>\n<\/div><div class = \"team-member-block\">\n\t<div class = \"wrapper\">\n\t\t<div class = \"team-members-heading\">\n\t\t\t<h2>\u012ek\u016br\u0117jai<\/h2>\n<h3>\u201eTrafficAngel\u201c k\u016br\u0117jai<\/h3>\n\t\t<\/div>\n\t\t<ul class = \"team-member-grid\">\n\t\t\t\t\t\t\t<li class = \"single-team-member\">\n\t\t\t\t\t<div class = \"image\" style = \"background-image:url('https:\/\/www.trafficangel.co.uk\/wp-content\/uploads\/2025\/05\/Steve-Portrait-scaled.jpg');\"><\/div>\n\t\t\t\t\t<div class = \"team-member-content\">\n\t\t\t\t\t\t<h2>Stevenas Ransomas<\/h2>\n<h3>Pardavim\u0173 ir klient\u0173 ry\u0161i\u0173 direktorius<\/h3>\n<p>Papra\u0161yta para\u0161yti \u0161i\u0105 savo gyvenimo apra\u0161ym\u0105 privert\u0117 mane susim\u0105styti, k\u0105 veikiu dabar. Manau, kad esu id\u0117j\u0173 \u017emogus, m\u0105stantis apie pramon\u0117s problemas ir ie\u0161kantis elektronini\u0173 sprendim\u0173. Mano moto \u2013 elgtis su \u017emon\u0117mis taip, kaip nor\u0117tume, kad elgt\u0173si su mumis. Jei tai padarysime teisingai, visada seks geras verslas.<\/p>\n\t\t\t\t\t<\/div>\n\t\t\t\t<\/li>\n\t\t\t\t\t\t\t<li class = \"single-team-member\">\n\t\t\t\t\t<div class = \"image\" style = \"background-image:url('https:\/\/www.trafficangel.co.uk\/wp-content\/uploads\/2025\/05\/John-Portrait-scaled.jpg');\"><\/div>\n\t\t\t\t\t<div class = \"team-member-content\">\n\t\t\t\t\t\t<h2>D\u017eonas Ransomas<\/h2>\n<h3>Finans\u0173 direktorius<\/h3>\n<p>2009 m., pardav\u0119s savo versl\u0105 \u2013 vietin\u012f savaitin\u012f reklamos leidin\u012f, \u2013 prisijungiau prie savo brolio Steve&#039;o kaip finans\u0173 direktorius. Nuo tada tvarkiau \u201eTrafficAngel\u201c finans\u0173 ir darbo u\u017emokes\u010dio klausimus m\u016bs\u0173 biure Akfilde.<\/p>\n\t\t\t\t\t<\/div>\n\t\t\t\t<\/li>\n\t\t\t\t\t\t\t<li class = \"single-team-member\">\n\t\t\t\t\t<div class = \"image\" style = \"background-image:url('https:\/\/www.trafficangel.co.uk\/wp-content\/uploads\/2025\/05\/Matt-Portrait-scaled.jpg');\"><\/div>\n\t\t\t\t\t<div class = \"team-member-content\">\n\t\t\t\t\t\t<h2>Mattas Hicksonas<\/h2>\n<h3>Vyresnysis in\u017einierius ir produkt\u0173 k\u016br\u0117jas<\/h3>\n<p>\u201eTrafficAngel\u201c dirbu nuo 2009 m., kai m\u016bs\u0173 buvo tik trys, ir did\u017eiuojuosi, kad buvau \u012fmon\u0117s dalimi, jai augant iki tokios, kokia ji yra \u0161iandien. Dalyvauju \u012fvairiuose verslo aspektuose, \u012fskaitant tyrimus ir pl\u0117tr\u0105, pirkimus, technin\u0119 pagalb\u0105, diegim\u0105 ir pardavimus, tod\u0117l niekada neb\u016bna nuobodu!<\/p>\n\t\t\t\t\t<\/div>\n\t\t\t\t<\/li>\n\t\t\t\t\t<\/ul>\n\t<\/div>\n<\/div><div id=\"\"\n    class=\"flex flex-wrap my-12 lg:flex-nowrap text-image-split-block\">\n    <div class=\"w-full h-[350px] lg:h-auto lg:w-1\/2 md:order-2 bg-cover bg-center bg-no-repeat text-image-image\"\n        style=\"background-image: url('https:\/\/www.trafficangel.co.uk\/wp-content\/uploads\/2025\/05\/The-Engineers.jpg');\">\n\n    <\/div>\n    <div class=\"w-full lg:w-1\/2 md:order-1 flex items-center bg-offWhite px-4 md:px-8 lg:px-14 md:py-12 py-5\">\n        <div class=\"split-block-content\">\n                        <h2 class=\"split-block-title mb-3 text-2xl lg:mb-4 text-secondary md:text-3xl font-roboto lg:text-3xl\">\n                In\u017einieriai            <\/h2>\n                                    <div class=\"p-0 mb-0 text-base\">\n                <h3>Didvyriai lauke<\/h3>\n<p>M\u016bs\u0173 ekspert\u0173 in\u017einieri\u0173 komanda turi ilgamet\u0119 patirt\u012f diegiant pa\u017eangias transporto priemoni\u0173 saugos sistemas. Komanda yra \u012fsipareigojusi u\u017etikrinti, kad m\u016bs\u0173 klientai gaut\u0173 greit\u0105 aptarnavim\u0105, o visos i\u0161kilusios problemos b\u016bt\u0173 i\u0161spr\u0119stos greitai ir efektyviai. J\u0173 technin\u0117 patirtis yra m\u016bs\u0173, kaip pirmaujan\u010dio transporto saugos sprendim\u0173 teik\u0117jo, reputacijos pagrindas.<\/p>\n            <\/div>\n                    <\/div>\n    <\/div>\n<\/div><div id=\"\"\n    class=\"flex flex-wrap my-12 lg:flex-nowrap text-image-split-block\">\n    <div class=\"w-full h-[350px] lg:h-auto lg:w-1\/2 md:order-1 bg-cover bg-center bg-no-repeat text-image-image\"\n        style=\"background-image: url('https:\/\/www.trafficangel.co.uk\/wp-content\/uploads\/2025\/05\/The-Office-team.jpg');\">\n\n    <\/div>\n    <div class=\"w-full lg:w-1\/2 md:order-2 flex items-center bg-offWhite px-4 md:px-8 lg:px-14 md:py-12 py-5\">\n        <div class=\"split-block-content\">\n                        <h2 class=\"split-block-title mb-3 text-2xl lg:mb-4 text-secondary md:text-3xl font-roboto lg:text-3xl\">\n                Biuro komanda            <\/h2>\n                                    <div class=\"p-0 mb-0 text-base\">\n                <h3>Raktas \u012f skland\u0173 veikim\u0105<\/h3>\n<p>Biuro komanda yra labai svarbi m\u016bs\u0173 s\u0117kmei. Nuo vis\u0173 r\u016b\u0161i\u0173 skambu\u010di\u0173 tvarkymo iki kokyb\u0117s patikrinim\u0173 ir atitikties dokument\u0173 tvarkymo \u2013 komanda teikia i\u0161skirtin\u012f klient\u0173 aptarnavim\u0105. M\u016bs\u0173 draugi\u0161kas ir profesionalus po\u017ei\u016bris taip pat vaidina svarb\u0173 vaidmen\u012f padedant klientams atitikti pramon\u0117s standartus ir u\u017etikrinant, kad m\u016bs\u0173 prek\u0117s \u017eenklas i\u0161likt\u0173 gerai \u017einomas.<\/p>\n            <\/div>\n                    <\/div>\n    <\/div>\n<\/div>","protected":false},"excerpt":{"rendered":"","protected":false},"author":7,"featured_media":0,"parent":0,"menu_order":0,"comment_status":"closed","ping_status":"closed","template":"","meta":{"_acf_changed":false,"footnotes":""},"class_list":["post-3704","page","type-page","status-publish","hentry"],"acf":[],"_links":{"self":[{"href":"https:\/\/www.trafficangel.co.uk\/lt\/wp-json\/wp\/v2\/pages\/3704","targetHints":{"allow":["GET"]}}],"collection":[{"href":"https:\/\/www.trafficangel.co.uk\/lt\/wp-json\/wp\/v2\/pages"}],"about":[{"href":"https:\/\/www.trafficangel.co.uk\/lt\/wp-json\/wp\/v2\/types\/page"}],"author":[{"embeddable":true,"href":"https:\/\/www.trafficangel.co.uk\/lt\/wp-json\/wp\/v2\/users\/7"}],"replies":[{"embeddable":true,"href":"https:\/\/www.trafficangel.co.uk\/lt\/wp-json\/wp\/v2\/comments?post=3704"}],"version-history":[{"count":15,"href":"https:\/\/www.trafficangel.co.uk\/lt\/wp-json\/wp\/v2\/pages\/3704\/revisions"}],"predecessor-version":[{"id":3824,"href":"https:\/\/www.trafficangel.co.uk\/lt\/wp-json\/wp\/v2\/pages\/3704\/revisions\/3824"}],"wp:attachment":[{"href":"https:\/\/www.trafficangel.co.uk\/lt\/wp-json\/wp\/v2\/media?parent=3704"}],"curies":[{"name":"wp","href":"https:\/\/api.w.org\/{rel}","templated":true}]}}