{"id":1808,"date":"2024-02-18T23:26:32","date_gmt":"2024-02-18T23:26:32","guid":{"rendered":"https:\/\/trafficangel-qqzv.temp-dns.com\/?page_id=1808"},"modified":"2025-12-12T17:16:43","modified_gmt":"2025-12-12T17:16:43","slug":"tiesioginio-matymo-standartas","status":"publish","type":"page","link":"https:\/\/www.trafficangel.co.uk\/lt\/tiesioginio-matymo-standartas\/","title":{"rendered":"Tiesioginio matymo standartas 2020 m"},"content":{"rendered":"<h2 class=\"wp-block-heading\">What is Direct Vision Standard?<\/h2><h3 class=\"wp-block-heading\"><strong>How exactly does it affect YOU as an operator driver?<\/strong><\/h3><h4 class=\"wp-block-heading\"><strong>Call us to check your vehicle status. It\u2019s simple&nbsp;<\/strong><\/h4><p>In a nutshell, by February 2021, it will be an offence for any truck over 12 tonnes to enter London without an HGV Direct Vision Standard Safety Permit. The amount of direct vision (unaided by any technology) from these vehicles will be star-rated from 0-5. The star rating is set according to how much the driver can see both forwards and downwards from his seated position in the cab, as well as what vision he has in the traditional HGV nearside blindspots. This star rating has been arrived at via TfL, vehicle manufacturers, Loughborough University and associated regulatory bodies.<\/p><p>If you are entering London with a vehicle from abroad, the same ruling applies. Here is the <a href=\"https:\/\/tfl.gov.uk\/info-for\/deliveries-in-london\/delivering-safely\/direct-vision-in-heavy-goods-vehicles\" target=\"_blank\" data-type=\"link\" data-id=\"https:\/\/tfl.gov.uk\/info-for\/deliveries-in-london\/delivering-safely\/direct-vision-in-heavy-goods-vehicles\" rel=\"noreferrer noopener\">TfL\/DVS regulatory page for European drivers<\/a><\/p><h2 class=\"wp-block-heading\">Left-hand drive vehicles\u00a0<\/h2><p>Transporto priemon\u0117ms su vairu kair\u0117je turi b\u016bti reikalinga tokia pati \u012franga kaip ir transporto priemon\u0117ms, kuri\u0173 vairas de\u0161in\u0117je. Veidrod\u017eiai, kameros ir jutikliai turi b\u016bti tinkamai sumontuoti, kad b\u016bt\u0173 atsi\u017evelgta \u012f akl\u0105j\u0105 zon\u0105 de\u0161in\u0117je transporto priemon\u0117s pus\u0117je.<\/p><p><strong>Visoms transporto priemon\u0117ms kair\u0117je pus\u0117je, \u012fskaitant Europos lankytojus, reik\u0117s atitinkamos aklosios zonos technologijos, sumontuotos de\u0161in\u0117je transporto priemon\u0117s pus\u0117je.<\/strong><\/p><p>Kaip operatorius, j\u016bs\u0173 konkre\u010dios mark\u0117s ir modelio \u012fvertinim\u0105 \u017evaig\u017edut\u0117mis galite gauti i\u0161 savo transporto priemon\u0117s gamintojo. Nuo 2019 m. spalio m\u0117n. operatoriai, turintys 1 \u017evaig\u017edute ir auk\u0161tesn\u0119 transporto priemon\u0119, gali kreiptis d\u0117l nemokam\u0173 leidim\u0173, kurie leis jums \u012fva\u017eiuoti \u012f London\u0105 be apribojim\u0173. Nuo 2024 m. minimalus DVS \u012fvertinimas \u017evaig\u017edut\u0117mis padid\u0117s iki 3 ir daugiau \u017evaig\u017edu\u010di\u0173. Tur\u0117site susisiekti su savo transporto priemon\u0117s gamintoju, kad i\u0161siai\u0161kintum\u0117te savo automobilio DVS \u012fvertinim\u0105 \u017evaig\u017edut\u0117mis.<\/p><p>Jei j\u016bs\u0173 transporto priemon\u0117 \u012fvertinta 0 \u017evaig\u017edut\u0117mis, nor\u0117dami patekti \u012f Londono zonas (iki 2024 m.), tur\u0117site sumontuoti \u0161velninan\u010di\u0105 garso \/ vaizdo technologij\u0105, kad pagerintum\u0117te bendr\u0105 j\u016bs\u0173 transporto priemon\u0117s saugum\u0105. \u0160is si\u016blomas saugios sistemos reikalavimas apima NETIESIOGIN\u0116S matymo priemones, tokias kaip fotoaparatai, ekranas ir jutikliai.<\/p><p>Nuo 2020 m. spalio m\u0117nesio DVS leidimai taps privalomi, o jei po 2020 m. spalio m\u0117n. j\u016bs\u0173 transporto priemon\u0117 \u012fva\u017eiuos \u012f London\u0105 ir joje nebus sumontuotas reikiamas leidimas, \u017evaig\u017edut\u0117 ar saugos technologija, j\u016bs\u0173 transporto priemon\u0119 atpa\u017eins ANPR (automatinis numerio atpa\u017einimas) ir&nbsp;<strong>operatoriui bus i\u0161ra\u0161ytos baudos<\/strong>ir vairuotojui, jei manoma, kad tai tinkama.<\/p><p>Si\u016bloma \u012franga, reikalinga bet kokiam tiesioginio matymo standarto tr\u016bkumui patenkinti, apima aklosios zonos \u0161alia esan\u010dius jutiklius, aklosios zonos \u0161alia \u0161ono kamer\u0105 ir ekran\u0105, garsin\u012f pos\u016bkio \u012f kair\u0119 signalizacij\u0105, \u0161onin\u0119 apsaug\u0105 nuo palindimo ir aklosios zonos saugos \u017eenklus.<\/p><p>Taigi, norint \u012fva\u017eiuoti \u012f London\u0105, visose nulin\u0117s \u017evaig\u017edut\u0117s kategorijos transporto priemon\u0117se turi b\u016bti sumontuota tokia \u012franga:<\/p><ul class=\"wp-block-list\"><li>1 x \u0161alia esanti kamera<\/li>\n\n<li>1 x kabinos ekranas<\/li>\n\n<li>1 x \u0161alia esanti blindpsot jutiklio sistema<\/li>\n\n<li>1 x \u0161alia esantis garsinis pos\u016bkio signalas<\/li>\n\n<li>saugos \u017eenklas<\/li><\/ul><p>All of&nbsp;&nbsp;the audio-visual safety equipment necessary for your vehicle to fully comply for DVS Direct Vision Standard, can be found below and ordered direct.&nbsp;And all at great prices too!<\/p><div class=\"my-6 lg:my-2 full-width lg:py-2\"><div class=\"container\"><figure class=\"wp-block-gallery has-nested-images columns-default is-cropped wp-block-gallery-1 is-layout-flex wp-block-gallery-is-layout-flex\"><figure class=\"wp-block-image size-large\"><img loading=\"lazy\" decoding=\"async\" width=\"768\" height=\"432\" data-id=\"3600\" src=\"https:\/\/www.trafficangel.co.uk\/wp-content\/uploads\/2025\/02\/francedvs-768x432-1.jpg\" alt=\"\" class=\"wp-image-3600\" srcset=\"https:\/\/www.trafficangel.co.uk\/wp-content\/uploads\/2025\/02\/francedvs-768x432-1.jpg 768w, https:\/\/www.trafficangel.co.uk\/wp-content\/uploads\/2025\/02\/francedvs-768x432-1-300x169.jpg 300w, https:\/\/www.trafficangel.co.uk\/wp-content\/uploads\/2025\/02\/francedvs-768x432-1-18x10.jpg 18w, https:\/\/www.trafficangel.co.uk\/wp-content\/uploads\/2025\/02\/francedvs-768x432-1-260x146.jpg 260w, https:\/\/www.trafficangel.co.uk\/wp-content\/uploads\/2025\/02\/francedvs-768x432-1-600x338.jpg 600w, https:\/\/www.trafficangel.co.uk\/wp-content\/uploads\/2025\/02\/francedvs-768x432-1-64x36.jpg 64w\" sizes=\"auto, (max-width: 768px) 100vw, 768px\" \/><\/figure>\n\n<figure class=\"wp-block-image size-large\"><img loading=\"lazy\" decoding=\"async\" width=\"750\" height=\"400\" data-id=\"3601\" src=\"https:\/\/www.trafficangel.co.uk\/wp-content\/uploads\/2025\/02\/Direct-Vision-Standard-HGVs.png\" alt=\"\" class=\"wp-image-3601\" srcset=\"https:\/\/www.trafficangel.co.uk\/wp-content\/uploads\/2025\/02\/Direct-Vision-Standard-HGVs.png 750w, https:\/\/www.trafficangel.co.uk\/wp-content\/uploads\/2025\/02\/Direct-Vision-Standard-HGVs-300x160.png 300w, https:\/\/www.trafficangel.co.uk\/wp-content\/uploads\/2025\/02\/Direct-Vision-Standard-HGVs-18x10.png 18w, https:\/\/www.trafficangel.co.uk\/wp-content\/uploads\/2025\/02\/Direct-Vision-Standard-HGVs-260x139.png 260w, https:\/\/www.trafficangel.co.uk\/wp-content\/uploads\/2025\/02\/Direct-Vision-Standard-HGVs-600x320.png 600w, https:\/\/www.trafficangel.co.uk\/wp-content\/uploads\/2025\/02\/Direct-Vision-Standard-HGVs-64x34.png 64w\" sizes=\"auto, (max-width: 750px) 100vw, 750px\" \/><\/figure><\/figure><\/div><\/div><p><\/p><p><a href=\"https:\/\/www.trafficangel.co.uk\/lt\/produktas-2\/7-4-kanalu-keturiu-ekranu-monitorius-su-laikikliu-d1\/\" data-type=\"link\" data-id=\"https:\/\/www.trafficangel.co.uk\/product\/7-4ch-quad-monitor-with-loom-bracket-d1\/\"><strong>SCR4K<\/strong>&nbsp;is our 7 inch 4 channel monitor<\/a> Su automatiniu pritemdymu<\/p><p>I\u0161matavimai: auk\u0161tis 120 mm, gylis 25 mm.<\/p><div class=\"my-6 lg:my-2 full-width lg:py-2\"><div class=\"container\"><figure class=\"wp-block-gallery has-nested-images columns-default is-cropped wp-block-gallery-2 is-layout-flex wp-block-gallery-is-layout-flex\"><figure class=\"wp-block-image size-large\"><img loading=\"lazy\" decoding=\"async\" width=\"1024\" height=\"614\" data-id=\"3602\" src=\"https:\/\/www.trafficangel.co.uk\/wp-content\/uploads\/2025\/02\/IMG_8346.jpg\" alt=\"\" class=\"wp-image-3602\" srcset=\"https:\/\/www.trafficangel.co.uk\/wp-content\/uploads\/2025\/02\/IMG_8346.jpg 1024w, https:\/\/www.trafficangel.co.uk\/wp-content\/uploads\/2025\/02\/IMG_8346-300x180.jpg 300w, https:\/\/www.trafficangel.co.uk\/wp-content\/uploads\/2025\/02\/IMG_8346-768x461.jpg 768w, https:\/\/www.trafficangel.co.uk\/wp-content\/uploads\/2025\/02\/IMG_8346-18x12.jpg 18w, https:\/\/www.trafficangel.co.uk\/wp-content\/uploads\/2025\/02\/IMG_8346-260x156.jpg 260w, https:\/\/www.trafficangel.co.uk\/wp-content\/uploads\/2025\/02\/IMG_8346-600x360.jpg 600w, https:\/\/www.trafficangel.co.uk\/wp-content\/uploads\/2025\/02\/IMG_8346-64x38.jpg 64w\" sizes=\"auto, (max-width: 1024px) 100vw, 1024px\" \/><\/figure><\/figure><\/div><\/div><p>Netoliese esanti kamera: jei j\u016bs\u0173 vilkikas \u012fvertintas 0 \u017evaig\u017edut\u0117mis, PRIVALOTE SUTELKTI \u0160ALIO KAMER\u0104&nbsp;<\/p><p><a href=\"https:\/\/www.trafficangel.co.uk\/lt\/produktas-2\/juoda-sonine-kamera-d1-ir-150\/\" data-type=\"link\" data-id=\"https:\/\/www.trafficangel.co.uk\/product\/black-side-camera-d1-ir-150\/\"><strong>SC4B150<\/strong><\/a>\/<a href=\"https:\/\/www.trafficangel.co.uk\/lt\/produktas-2\/balta-sonine-kamera-d1-ir-150\/\" data-type=\"link\" data-id=\"https:\/\/www.trafficangel.co.uk\/product\/white-side-camera-d1-ir-150\/\"><strong>SC4W150<\/strong><\/a>&nbsp;is our black\/white side camera used as standard on new builds. This is also available in AHD.<\/p><p>I\u0161matavimai: plotis 50 mm, auk\u0161tis 45 mm ir gylis 75 mm.<\/p><div class=\"my-6 lg:my-2 full-width lg:py-2\"><div class=\"container\"><figure class=\"wp-block-gallery has-nested-images columns-default is-cropped wp-block-gallery-3 is-layout-flex wp-block-gallery-is-layout-flex\"><figure class=\"wp-block-image size-large\"><img loading=\"lazy\" decoding=\"async\" width=\"1024\" height=\"614\" data-id=\"3604\" src=\"https:\/\/www.trafficangel.co.uk\/wp-content\/uploads\/2025\/02\/IMG_8397.jpg\" alt=\"\" class=\"wp-image-3604\" srcset=\"https:\/\/www.trafficangel.co.uk\/wp-content\/uploads\/2025\/02\/IMG_8397.jpg 1024w, https:\/\/www.trafficangel.co.uk\/wp-content\/uploads\/2025\/02\/IMG_8397-300x180.jpg 300w, https:\/\/www.trafficangel.co.uk\/wp-content\/uploads\/2025\/02\/IMG_8397-768x461.jpg 768w, https:\/\/www.trafficangel.co.uk\/wp-content\/uploads\/2025\/02\/IMG_8397-18x12.jpg 18w, https:\/\/www.trafficangel.co.uk\/wp-content\/uploads\/2025\/02\/IMG_8397-260x156.jpg 260w, https:\/\/www.trafficangel.co.uk\/wp-content\/uploads\/2025\/02\/IMG_8397-600x360.jpg 600w, https:\/\/www.trafficangel.co.uk\/wp-content\/uploads\/2025\/02\/IMG_8397-64x38.jpg 64w\" sizes=\"auto, (max-width: 1024px) 100vw, 1024px\" \/><\/figure>\n\n<figure class=\"wp-block-image size-large\"><img loading=\"lazy\" decoding=\"async\" width=\"1024\" height=\"614\" data-id=\"3605\" src=\"https:\/\/www.trafficangel.co.uk\/wp-content\/uploads\/2025\/02\/IMG_8440.jpg\" alt=\"\" class=\"wp-image-3605\" srcset=\"https:\/\/www.trafficangel.co.uk\/wp-content\/uploads\/2025\/02\/IMG_8440.jpg 1024w, https:\/\/www.trafficangel.co.uk\/wp-content\/uploads\/2025\/02\/IMG_8440-300x180.jpg 300w, https:\/\/www.trafficangel.co.uk\/wp-content\/uploads\/2025\/02\/IMG_8440-768x461.jpg 768w, https:\/\/www.trafficangel.co.uk\/wp-content\/uploads\/2025\/02\/IMG_8440-18x12.jpg 18w, https:\/\/www.trafficangel.co.uk\/wp-content\/uploads\/2025\/02\/IMG_8440-260x156.jpg 260w, https:\/\/www.trafficangel.co.uk\/wp-content\/uploads\/2025\/02\/IMG_8440-600x360.jpg 600w, https:\/\/www.trafficangel.co.uk\/wp-content\/uploads\/2025\/02\/IMG_8440-64x38.jpg 64w\" sizes=\"auto, (max-width: 1024px) 100vw, 1024px\" \/><\/figure>\n\n<figure class=\"wp-block-image size-large\"><img loading=\"lazy\" decoding=\"async\" width=\"1024\" height=\"615\" data-id=\"3606\" src=\"https:\/\/www.trafficangel.co.uk\/wp-content\/uploads\/2025\/02\/White-Side-Camera-3-Final.jpg\" alt=\"\" class=\"wp-image-3606\" srcset=\"https:\/\/www.trafficangel.co.uk\/wp-content\/uploads\/2025\/02\/White-Side-Camera-3-Final.jpg 1024w, https:\/\/www.trafficangel.co.uk\/wp-content\/uploads\/2025\/02\/White-Side-Camera-3-Final-300x180.jpg 300w, https:\/\/www.trafficangel.co.uk\/wp-content\/uploads\/2025\/02\/White-Side-Camera-3-Final-768x461.jpg 768w, https:\/\/www.trafficangel.co.uk\/wp-content\/uploads\/2025\/02\/White-Side-Camera-3-Final-18x12.jpg 18w, https:\/\/www.trafficangel.co.uk\/wp-content\/uploads\/2025\/02\/White-Side-Camera-3-Final-260x156.jpg 260w, https:\/\/www.trafficangel.co.uk\/wp-content\/uploads\/2025\/02\/White-Side-Camera-3-Final-600x360.jpg 600w, https:\/\/www.trafficangel.co.uk\/wp-content\/uploads\/2025\/02\/White-Side-Camera-3-Final-64x38.jpg 64w\" sizes=\"auto, (max-width: 1024px) 100vw, 1024px\" \/><\/figure>\n\n<figure class=\"wp-block-image size-large\"><img loading=\"lazy\" decoding=\"async\" width=\"1024\" height=\"615\" data-id=\"3607\" src=\"https:\/\/www.trafficangel.co.uk\/wp-content\/uploads\/2025\/02\/Black-Side-Camera-Final-2.jpg\" alt=\"\" class=\"wp-image-3607\" srcset=\"https:\/\/www.trafficangel.co.uk\/wp-content\/uploads\/2025\/02\/Black-Side-Camera-Final-2.jpg 1024w, https:\/\/www.trafficangel.co.uk\/wp-content\/uploads\/2025\/02\/Black-Side-Camera-Final-2-300x180.jpg 300w, https:\/\/www.trafficangel.co.uk\/wp-content\/uploads\/2025\/02\/Black-Side-Camera-Final-2-768x461.jpg 768w, https:\/\/www.trafficangel.co.uk\/wp-content\/uploads\/2025\/02\/Black-Side-Camera-Final-2-18x12.jpg 18w, https:\/\/www.trafficangel.co.uk\/wp-content\/uploads\/2025\/02\/Black-Side-Camera-Final-2-260x156.jpg 260w, https:\/\/www.trafficangel.co.uk\/wp-content\/uploads\/2025\/02\/Black-Side-Camera-Final-2-600x360.jpg 600w, https:\/\/www.trafficangel.co.uk\/wp-content\/uploads\/2025\/02\/Black-Side-Camera-Final-2-64x38.jpg 64w\" sizes=\"auto, (max-width: 1024px) 100vw, 1024px\" \/><\/figure><\/figure><\/div><\/div><p><strong><a href=\"https:\/\/www.trafficangel.co.uk\/lt\/produktas-2\/mini-sonine-kamera-salia-juoda-120\/\" data-type=\"link\" data-id=\"https:\/\/www.trafficangel.co.uk\/product\/mini-side-camera-nearside-black-120\/\">SC3B120<\/a>\/<a href=\"https:\/\/www.trafficangel.co.uk\/lt\/produktas-2\/mini-sonine-kamera-salia-balta-120\/\" data-type=\"link\" data-id=\"https:\/\/www.trafficangel.co.uk\/product\/mini-side-camera-nearside-white-120\/\">SC3W120<\/a>&nbsp;<\/strong>yra m\u016bs\u0173 mini juoda\/balta \u0161onin\u0117 kamera.<\/p><p>I\u0161matavimai: pagrindo plotis 30 mm, auk\u0161tis 25 mm ir gylis 35 mm.<\/p><div id=\"\"\n    class=\"flex flex-wrap my-12 lg:flex-nowrap text-image-split-block\">\n    <div class=\"w-full h-[350px] lg:h-auto lg:w-1\/2 md:order-1 bg-cover bg-center bg-no-repeat text-image-image\"\n        style=\"background-image: url('https:\/\/www.trafficangel.co.uk\/wp-content\/uploads\/2025\/02\/69200416_2788510477834963_7618663691180834816_o.jpg');\">\n\n    <\/div>\n    <div class=\"w-full lg:w-1\/2 md:order-2 flex items-center bg-offWhite px-4 md:px-8 lg:px-14 md:py-12 py-5\">\n        <div class=\"split-block-content\">\n                        <h2 class=\"split-block-title mb-3 text-2xl lg:mb-4 text-secondary md:text-3xl font-roboto lg:text-3xl\">\n                \u201eStepProtect\u201c jutikli\u0173 sistema: TURI TINKITE AKLOJI JUTIKIUS            <\/h2>\n                                    <div class=\"p-0 mb-0 text-base\">\n                <p>Net 4 vandeniui atspar\u016bs jutikliai, i\u0161d\u0117styti \u0161alia esan\u010diame kampe, aptinka \u017eemas sienas, stulpelius, dviratininkus, p\u0117s\u010diuosius ir kitas kli\u016btis aklojoje zonoje.<\/p>\n<p>Paprast\u0105, patogi\u0105 vairuotojui s\u0105saj\u0105 sudaro ry\u0161kus \u0161viesos diod\u0173 \u0161viesoforo ekranas, esantis ant \u0161alia esan\u010dio A statrams\u010dio, kuris kei\u010dia spalv\u0105 art\u0117jant kli\u016btims\/pavojui ir skleid\u017eia \u012fsp\u0117jam\u0105j\u012f ton\u0105 tik esant kritiniam 0,4 m atstumui.<!-- wp:paragraph --><\/p>\n<p><!-- \/wp:paragraph --> <!-- wp:paragraph --><\/p>\n<p><a href=\"https:\/\/www.trafficangel.co.uk\/lt\/produktas-2\/7-4-kanalu-keturiu-ekranu-monitorius-su-laikikliu-d1\/\"><strong>SCR4K<\/strong><\/a>\u00a0yra m\u016bs\u0173 7 coli\u0173 4 kanal\u0173 monitorius.<\/p>\n<p><!-- \/wp:paragraph --> <!-- wp:paragraph --><\/p>\n<p>Su automatiniu pritemdymu<\/p>\n<p><!-- \/wp:paragraph --> <!-- wp:paragraph --><\/p>\n<p>I\u0161matavimai: auk\u0161tis 120 mm, gylis 25 mm.<\/p>\n<!-- \/wp:paragraph -->            <\/div>\n                    <\/div>\n    <\/div>\n<\/div><div id=\"\"\n    class=\"flex flex-wrap my-12 lg:flex-nowrap text-image-split-block\">\n    <div class=\"w-full h-[350px] lg:h-auto lg:w-1\/2 md:order-2 bg-cover bg-center bg-no-repeat text-image-image\"\n        style=\"background-image: url('https:\/\/www.trafficangel.co.uk\/wp-content\/uploads\/2025\/02\/priority-2.jpg');\">\n\n    <\/div>\n    <div class=\"w-full lg:w-1\/2 md:order-1 flex items-center bg-offWhite px-4 md:px-8 lg:px-14 md:py-12 py-5\">\n        <div class=\"split-block-content\">\n                        <h2 class=\"split-block-title mb-3 text-2xl lg:mb-4 text-secondary md:text-3xl font-roboto lg:text-3xl\">\n                Signalizacija pos\u016bkyje \u012f kair\u0119: PRIVALOTE \u012eRENGTI SIGNALAVIM\u0104 \u012e KAIR\u012e ARBA \u012e DE\u0160ININ\u012e            <\/h2>\n                                    <div class=\"p-0 mb-0 text-base\">\n                <p>Vandeniui atspari superseal jungtis, 85dB \u012fsp\u0117jimo signalas.<\/p>\n<p>Paleid\u017eia trump\u0105 pasikartojant\u012f prane\u0161im\u0105, \u012fsp\u0117jant\u012f \u0161alia esan\u010dius dviratininkus ir p\u0117s\u010diuosius apie vairuotojo ketinim\u0105 sukti \u012f kair\u0119 (galima ir de\u0161in\u0117n).<\/p>\n<p>Automati\u0161kai i\u0161sijungia va\u017eiuojant didesniu grei\u010diu naudojant \u201eTrafficAngel SpeedSwitch\u201c (galima \u012fsigyti atskirai)<\/p>\n<p>&nbsp;<\/p>\n            <\/div>\n                    <\/div>\n    <\/div>\n<\/div><p>\u201eTrafficAngel\u201c did\u017eiuojasi gal\u0117damas tiekti ir pritaikyti naujausi\u0105 saugos \u012frang\u0105, atitinkan\u010di\u0105 VISUS tiesioginio matymo standartus ir sunkiasvori\u0173 transporto priemoni\u0173 saugos leidimo kriterijus.<\/p><h2 class=\"wp-block-heading\">Please call <a href=\"tel:01825 768555\">01825 768555<\/a> to discuss your requirements.<\/h2>","protected":false},"excerpt":{"rendered":"<p>What is Direct Vision Standard? How exactly does it affect YOU as an operator driver? Call us to check your vehicle status. It\u2019s simple&nbsp; In a nutshell, by February 2021,<\/p>","protected":false},"author":1,"featured_media":3601,"parent":0,"menu_order":0,"comment_status":"closed","ping_status":"closed","template":"","meta":{"_acf_changed":false,"footnotes":""},"class_list":["post-1808","page","type-page","status-publish","has-post-thumbnail","hentry"],"acf":[],"_links":{"self":[{"href":"https:\/\/www.trafficangel.co.uk\/lt\/wp-json\/wp\/v2\/pages\/1808","targetHints":{"allow":["GET"]}}],"collection":[{"href":"https:\/\/www.trafficangel.co.uk\/lt\/wp-json\/wp\/v2\/pages"}],"about":[{"href":"https:\/\/www.trafficangel.co.uk\/lt\/wp-json\/wp\/v2\/types\/page"}],"author":[{"embeddable":true,"href":"https:\/\/www.trafficangel.co.uk\/lt\/wp-json\/wp\/v2\/users\/1"}],"replies":[{"embeddable":true,"href":"https:\/\/www.trafficangel.co.uk\/lt\/wp-json\/wp\/v2\/comments?post=1808"}],"version-history":[{"count":10,"href":"https:\/\/www.trafficangel.co.uk\/lt\/wp-json\/wp\/v2\/pages\/1808\/revisions"}],"predecessor-version":[{"id":5017,"href":"https:\/\/www.trafficangel.co.uk\/lt\/wp-json\/wp\/v2\/pages\/1808\/revisions\/5017"}],"wp:featuredmedia":[{"embeddable":true,"href":"https:\/\/www.trafficangel.co.uk\/lt\/wp-json\/wp\/v2\/media\/3601"}],"wp:attachment":[{"href":"https:\/\/www.trafficangel.co.uk\/lt\/wp-json\/wp\/v2\/media?parent=1808"}],"curies":[{"name":"wp","href":"https:\/\/api.w.org\/{rel}","templated":true}]}}