{"id":1714,"date":"2024-01-19T12:50:48","date_gmt":"2024-01-19T12:50:48","guid":{"rendered":"https:\/\/trafficangel-qqzv.temp-dns.com\/product\/trafficangel-safe-system-side-corner-camera-1080p-12v\/"},"modified":"2025-10-20T11:02:48","modified_gmt":"2025-10-20T11:02:48","slug":"telecamera-laterale-per-il-sistema-di-sicurezza-progressivo-trafficangel","status":"publish","type":"product","link":"https:\/\/www.trafficangel.co.uk\/it\/prodotto-2\/telecamera-laterale-per-il-sistema-di-sicurezza-progressivo-trafficangel\/","title":{"rendered":"Telecamera laterale per sistema Progressive Safe TrafficAngel"},"content":{"rendered":"<p>Telecamera laterale per l&#039;uso con TrafficAngel <a href=\"https:\/\/www.trafficangel.co.uk\/it\/sistema-di-sicurezza-progressivo\/\" target=\"_blank\" rel=\"noopener\">Sistema sicuro progressivo<\/a>, montata sul lato vicino del veicolo, questa telecamera AI \u00e8 utilizzata come parte del nostro BSIS (Blind Spot Information System). La telecamera \u00e8 dotata di fissaggi e cuneo e cuscinetto in silicone. Si prega di notare che per installare questa telecamera \u00e8 necessario il nostro kit di installazione per la calibrazione.<\/p>","protected":false},"excerpt":{"rendered":"<p>Una telecamera laterale per il sistema Progressive Safe TrafficAngel<\/p>","protected":false},"featured_media":1918,"template":"","meta":{"_acf_changed":false},"product_cat":[85,53],"product_tag":[],"class_list":{"0":"post-1714","1":"product","2":"type-product","3":"status-publish","4":"has-post-thumbnail","6":"product_cat-components","7":"product_cat-progressive-safe-system","9":"first","10":"instock","11":"taxable","12":"shipping-taxable","13":"purchasable","14":"product-type-simple"},"acf":[],"_links":{"self":[{"href":"https:\/\/www.trafficangel.co.uk\/it\/wp-json\/wp\/v2\/product\/1714","targetHints":{"allow":["GET"]}}],"collection":[{"href":"https:\/\/www.trafficangel.co.uk\/it\/wp-json\/wp\/v2\/product"}],"about":[{"href":"https:\/\/www.trafficangel.co.uk\/it\/wp-json\/wp\/v2\/types\/product"}],"wp:featuredmedia":[{"embeddable":true,"href":"https:\/\/www.trafficangel.co.uk\/it\/wp-json\/wp\/v2\/media\/1918"}],"wp:attachment":[{"href":"https:\/\/www.trafficangel.co.uk\/it\/wp-json\/wp\/v2\/media?parent=1714"}],"wp:term":[{"taxonomy":"product_cat","embeddable":true,"href":"https:\/\/www.trafficangel.co.uk\/it\/wp-json\/wp\/v2\/product_cat?post=1714"},{"taxonomy":"product_tag","embeddable":true,"href":"https:\/\/www.trafficangel.co.uk\/it\/wp-json\/wp\/v2\/product_tag?post=1714"}],"curies":[{"name":"wp","href":"https:\/\/api.w.org\/{rel}","templated":true}]}}