{"id":1708,"date":"2024-01-19T12:50:46","date_gmt":"2024-01-19T12:50:46","guid":{"rendered":"https:\/\/trafficangel-qqzv.temp-dns.com\/product\/trafficangel-safe-system-front-camera-1080p-12v\/"},"modified":"2025-10-20T10:52:58","modified_gmt":"2025-10-20T10:52:58","slug":"fotocamera-anteriore-per-sistema-progressivo-sicuro-trafficangel","status":"publish","type":"product","link":"https:\/\/www.trafficangel.co.uk\/it\/prodotto-2\/fotocamera-anteriore-per-sistema-progressivo-sicuro-trafficangel\/","title":{"rendered":"Telecamera frontale per il sistema di sicurezza progressiva TrafficAngel"},"content":{"rendered":"<p>Telecamera frontale interna per l&#039;uso con TrafficAngel <a href=\"https:\/\/www.trafficangel.co.uk\/it\/sistema-di-sicurezza-progressivo\/\">Sistema sicuro progressivo<\/a>, montata all&#039;interno del parabrezza, questa telecamera AI \u00e8 utilizzata come parte del nostro MOIS (Moving Off Information System). La telecamera \u00e8 dotata di un robusto cuscinetto autoadesivo 3M. Si prega di notare che per installare questa telecamera \u00e8 necessario il nostro kit di installazione per la calibrazione.<\/p>","protected":false},"excerpt":{"rendered":"<p>Una telecamera frontale per il sistema Progressive Safe TrafficAngel<\/p>","protected":false},"featured_media":1961,"template":"","meta":{"_acf_changed":false},"product_cat":[85,53],"product_tag":[],"class_list":{"0":"post-1708","1":"product","2":"type-product","3":"status-publish","4":"has-post-thumbnail","6":"product_cat-components","7":"product_cat-progressive-safe-system","9":"first","10":"instock","11":"taxable","12":"shipping-taxable","13":"purchasable","14":"product-type-simple"},"acf":[],"_links":{"self":[{"href":"https:\/\/www.trafficangel.co.uk\/it\/wp-json\/wp\/v2\/product\/1708","targetHints":{"allow":["GET"]}}],"collection":[{"href":"https:\/\/www.trafficangel.co.uk\/it\/wp-json\/wp\/v2\/product"}],"about":[{"href":"https:\/\/www.trafficangel.co.uk\/it\/wp-json\/wp\/v2\/types\/product"}],"wp:featuredmedia":[{"embeddable":true,"href":"https:\/\/www.trafficangel.co.uk\/it\/wp-json\/wp\/v2\/media\/1961"}],"wp:attachment":[{"href":"https:\/\/www.trafficangel.co.uk\/it\/wp-json\/wp\/v2\/media?parent=1708"}],"wp:term":[{"taxonomy":"product_cat","embeddable":true,"href":"https:\/\/www.trafficangel.co.uk\/it\/wp-json\/wp\/v2\/product_cat?post=1708"},{"taxonomy":"product_tag","embeddable":true,"href":"https:\/\/www.trafficangel.co.uk\/it\/wp-json\/wp\/v2\/product_tag?post=1708"}],"curies":[{"name":"wp","href":"https:\/\/api.w.org\/{rel}","templated":true}]}}