{"id":1413,"date":"2024-01-19T12:49:35","date_gmt":"2024-01-19T12:49:35","guid":{"rendered":"http:\/\/traffic-angel.local\/product\/1m-camera-cable-with-audio-4-pin-male-rca-male-video-audio\/"},"modified":"2025-10-20T09:09:17","modified_gmt":"2025-10-20T09:09:17","slug":"cavo-per-telecamera-da-1-m-con-audio-video","status":"publish","type":"product","link":"https:\/\/www.trafficangel.co.uk\/it\/prodotto-2\/cavo-per-telecamera-da-1-m-con-audio-video\/","title":{"rendered":"Cavo per fotocamera da 1 m con video e audio"},"content":{"rendered":"<p>Il cavo per telecamera da 1 m con video e audio offre una connessione semplice e sicura per installazioni di telecamere a breve distanza. Progettato per trasmettere segnali sia video che audio, \u00e8 perfetto per collegare telecamere a monitor o DVR dove \u00e8 richiesta una lunghezza minima del cavo. La struttura robusta garantisce prestazioni affidabili con una qualit\u00e0 del segnale chiara negli ambienti veicolari pi\u00f9 impegnativi.<\/p>","protected":false},"excerpt":{"rendered":"<p>Il cavo per telecamera da 1 m con video e audio offre una connessione semplice e sicura per installazioni di telecamere a breve distanza.<\/p>","protected":false},"featured_media":506,"template":"","meta":{"_acf_changed":false},"product_cat":[26,27],"product_tag":[],"class_list":{"0":"post-1413","1":"product","2":"type-product","3":"status-publish","4":"has-post-thumbnail","6":"product_cat-cables-accessories","7":"product_cat-camera-trailer-cables","9":"first","10":"instock","11":"taxable","12":"shipping-taxable","13":"purchasable","14":"product-type-simple"},"acf":[],"_links":{"self":[{"href":"https:\/\/www.trafficangel.co.uk\/it\/wp-json\/wp\/v2\/product\/1413","targetHints":{"allow":["GET"]}}],"collection":[{"href":"https:\/\/www.trafficangel.co.uk\/it\/wp-json\/wp\/v2\/product"}],"about":[{"href":"https:\/\/www.trafficangel.co.uk\/it\/wp-json\/wp\/v2\/types\/product"}],"wp:featuredmedia":[{"embeddable":true,"href":"https:\/\/www.trafficangel.co.uk\/it\/wp-json\/wp\/v2\/media\/506"}],"wp:attachment":[{"href":"https:\/\/www.trafficangel.co.uk\/it\/wp-json\/wp\/v2\/media?parent=1413"}],"wp:term":[{"taxonomy":"product_cat","embeddable":true,"href":"https:\/\/www.trafficangel.co.uk\/it\/wp-json\/wp\/v2\/product_cat?post=1413"},{"taxonomy":"product_tag","embeddable":true,"href":"https:\/\/www.trafficangel.co.uk\/it\/wp-json\/wp\/v2\/product_tag?post=1413"}],"curies":[{"name":"wp","href":"https:\/\/api.w.org\/{rel}","templated":true}]}}