{"id":2710,"date":"2024-05-26T20:08:35","date_gmt":"2024-05-26T20:08:35","guid":{"rendered":"https:\/\/trafficangel-qqzv.temp-dns.com\/?post_type=product&#038;p=2710"},"modified":"2024-10-23T10:55:31","modified_gmt":"2024-10-23T10:55:31","slug":"premium-telepitokeszlet-a-trafficangel-progressive-safe-system-2-hoz","status":"publish","type":"product","link":"https:\/\/www.trafficangel.co.uk\/hu\/termek-2\/premium-telepitokeszlet-a-trafficangel-progressive-safe-system-2-hoz\/","title":{"rendered":"Pr\u00e9mium telep\u00edt\u0151k\u00e9szlet a TrafficAngel Progressive Safe rendszerhez"},"content":{"rendered":"<p>Ez a TrafficAngel telep\u00edt\u0151k\u00e9szlet <a href=\"https:\/\/www.trafficangel.co.uk\/hu\/progressziv-biztonsagos-rendszer\/\" target=\"_blank\" rel=\"noopener\">Progressz\u00edv biztons\u00e1gos rendszer<\/a> sz\u00fcks\u00e9ges a rendszer be\u00e1ll\u00edt\u00e1s\u00e1hoz \u00e9s kalibr\u00e1l\u00e1s\u00e1hoz.<\/p>\n<p>A k\u00e9szlet a k\u00f6vetkez\u0151 elemeket tartalmazza:<\/p>\n<p>1x 8\u2033-os t\u00e1blag\u00e9p, el\u0151be\u00e1ll\u00edt\u00e1s kalibr\u00e1l\u00f3 alkalmaz\u00e1ssal<\/p>\n<p>1x ceruza \u00e9s t\u00e1blag\u00e9p tok<\/p>\n<p>1x Wi-Fi kalibr\u00e1ci\u00f3s eszk\u00f6z<\/p>\n<p>6x marker k\u00fap<\/p>\n<p>1x szivargy\u00fajt\u00f3 aljzat\u00fa h\u00e1l\u00f3zati adapter<\/p>","protected":false},"excerpt":{"rendered":"<p>Pr\u00e9mium telep\u00edt\u0151k\u00e9szlet a TrafficAngel Progressive Safe rendszerhez<\/p>","protected":false},"featured_media":2926,"template":"","meta":{"_acf_changed":false},"product_cat":[85,53],"product_tag":[],"class_list":{"0":"post-2710","1":"product","2":"type-product","3":"status-publish","4":"has-post-thumbnail","6":"product_cat-components","7":"product_cat-progressive-safe-system","9":"first","10":"instock","11":"taxable","12":"shipping-taxable","13":"purchasable","14":"product-type-simple"},"acf":[],"_links":{"self":[{"href":"https:\/\/www.trafficangel.co.uk\/hu\/wp-json\/wp\/v2\/product\/2710","targetHints":{"allow":["GET"]}}],"collection":[{"href":"https:\/\/www.trafficangel.co.uk\/hu\/wp-json\/wp\/v2\/product"}],"about":[{"href":"https:\/\/www.trafficangel.co.uk\/hu\/wp-json\/wp\/v2\/types\/product"}],"wp:featuredmedia":[{"embeddable":true,"href":"https:\/\/www.trafficangel.co.uk\/hu\/wp-json\/wp\/v2\/media\/2926"}],"wp:attachment":[{"href":"https:\/\/www.trafficangel.co.uk\/hu\/wp-json\/wp\/v2\/media?parent=2710"}],"wp:term":[{"taxonomy":"product_cat","embeddable":true,"href":"https:\/\/www.trafficangel.co.uk\/hu\/wp-json\/wp\/v2\/product_cat?post=2710"},{"taxonomy":"product_tag","embeddable":true,"href":"https:\/\/www.trafficangel.co.uk\/hu\/wp-json\/wp\/v2\/product_tag?post=2710"}],"curies":[{"name":"wp","href":"https:\/\/api.w.org\/{rel}","templated":true}]}}