{"id":2708,"date":"2024-05-26T20:06:03","date_gmt":"2024-05-26T20:06:03","guid":{"rendered":"https:\/\/trafficangel-qqzv.temp-dns.com\/?post_type=product&#038;p=2708"},"modified":"2026-02-18T15:28:06","modified_gmt":"2026-02-18T15:28:06","slug":"dvr-kamera-integracio-2-csatornas-modul-a-trafficangel-progressziv-biztonsagi-rendszerhez","status":"publish","type":"product","link":"https:\/\/www.trafficangel.co.uk\/hu\/termek-2\/dvr-kamera-integracio-2-csatornas-modul-a-trafficangel-progressziv-biztonsagi-rendszerhez\/","title":{"rendered":"DVR kamera integr\u00e1ci\u00f3s 2 csatorn\u00e1s modul a TrafficAngel Progressive Safe rendszerhez"},"content":{"rendered":"<p>Ez a DVR-integr\u00e1ci\u00f3s modul lehet\u0151v\u00e9 teszi a TrafficAngel el\u00fcls\u0151 \u00e9s oldals\u00f3 kamer\u00e1j\u00e1t <a href=\"https:\/\/www.trafficangel.co.uk\/hu\/progressziv-biztonsagos-rendszer\/\" target=\"_blank\" rel=\"noopener\">Progressz\u00edv biztons\u00e1gos rendszer<\/a> a TA2 r\u00f6gz\u00edt\u00e9si rendszer\u00fcnk r\u00e9szek\u00e9nt haszn\u00e1lhat\u00f3. A modulnak 2x bemenete van (az el\u00fcls\u0151 kamer\u00e1hoz \u00e9s az oldals\u00f3 kamer\u00e1hoz), valamint a kimenetek a PSS ECU-hoz \u00e9s a DVR-hez. Ez lehet\u0151v\u00e9 teszi, hogy DVR-rendszereink r\u00f6gz\u00edt\u00e9si funkci\u00f3ja an\u00e9lk\u00fcl m\u0171k\u00f6dj\u00f6n, hogy a PSS-t be kellene kapcsolni.<\/p>\n<p>K\u00e9rj\u00fck, vegye figyelembe, hogy nem javasoljuk az el\u00fcls\u0151 kamera be\u00e9p\u00edt\u00e9s\u00e9t, ha k\u00fcls\u0151re szerelt el\u00fcls\u0151 kamer\u00e1nkat (PSS-EFC, a PSS-3E r\u00e9sze) haszn\u00e1lja. K\u00e9rj\u00fck, ehelyett haszn\u00e1lja a PSS-DVR-SCI-t, amely ennek a term\u00e9knek a mi oldalkamer\u00e1s verzi\u00f3ja.<\/p>","protected":false},"excerpt":{"rendered":"<p>A DVR kamera integr\u00e1ci\u00f3s 2 csatorn\u00e1s modulja a TrafficAngel Progressive Safe rendszerhez<\/p>","protected":false},"featured_media":2940,"template":"","meta":{"_acf_changed":false},"product_cat":[85,53],"product_tag":[],"class_list":{"0":"post-2708","1":"product","2":"type-product","3":"status-publish","4":"has-post-thumbnail","6":"product_cat-components","7":"product_cat-progressive-safe-system","9":"first","10":"instock","11":"taxable","12":"shipping-taxable","13":"purchasable","14":"product-type-simple"},"acf":[],"_links":{"self":[{"href":"https:\/\/www.trafficangel.co.uk\/hu\/wp-json\/wp\/v2\/product\/2708","targetHints":{"allow":["GET"]}}],"collection":[{"href":"https:\/\/www.trafficangel.co.uk\/hu\/wp-json\/wp\/v2\/product"}],"about":[{"href":"https:\/\/www.trafficangel.co.uk\/hu\/wp-json\/wp\/v2\/types\/product"}],"wp:featuredmedia":[{"embeddable":true,"href":"https:\/\/www.trafficangel.co.uk\/hu\/wp-json\/wp\/v2\/media\/2940"}],"wp:attachment":[{"href":"https:\/\/www.trafficangel.co.uk\/hu\/wp-json\/wp\/v2\/media?parent=2708"}],"wp:term":[{"taxonomy":"product_cat","embeddable":true,"href":"https:\/\/www.trafficangel.co.uk\/hu\/wp-json\/wp\/v2\/product_cat?post=2708"},{"taxonomy":"product_tag","embeddable":true,"href":"https:\/\/www.trafficangel.co.uk\/hu\/wp-json\/wp\/v2\/product_tag?post=2708"}],"curies":[{"name":"wp","href":"https:\/\/api.w.org\/{rel}","templated":true}]}}