{"id":2702,"date":"2024-05-26T19:43:31","date_gmt":"2024-05-26T19:43:31","guid":{"rendered":"https:\/\/trafficangel-qqzv.temp-dns.com\/?post_type=product&#038;p=2702"},"modified":"2025-10-20T10:23:33","modified_gmt":"2025-10-20T10:23:33","slug":"trafficangel-progressziv-biztonsagi-rendszer-mois-bsis-3-x-mesterseges-intelligencia-alapu-kamerarendszer-balkormanyos","status":"publish","type":"product","link":"https:\/\/www.trafficangel.co.uk\/hu\/termek-2\/trafficangel-progressziv-biztonsagi-rendszer-mois-bsis-3-x-mesterseges-intelligencia-alapu-kamerarendszer-balkormanyos\/","title":{"rendered":"TrafficAngel Progressive Safe System MOIS + BSIS 3 x AI kamerarendszer \u2013 Balkorm\u00e1nyos"},"content":{"rendered":"<p style=\"font-weight: 400;\">A <strong>TrafficAngel <a href=\"https:\/\/www.trafficangel.co.uk\/hu\/progressziv-biztonsagos-rendszer-2024\/\" target=\"_blank\" rel=\"noopener\">Progressz\u00edv biztons\u00e1gos rendszer<\/a><\/strong> Tartalmaz 3 x AI kamer\u00e1t (1 x el\u0151re, 1 x sarok \u00e9s 1 x oldal), 1 x k\u00fcls\u0151 kijelz\u0151t, 1 x k\u00f6zeli kijelz\u0151t, 1 x vez\u00e9rl\u0151egys\u00e9get, 1 x giroszk\u00f3p\/GPS modult, amely telep\u00edtve teljes\u00edti az \u00e1ltala el\u0151\u00edrt k\u00f6vetelm\u00e9nyeket. A TfL a PSS\/BSIS\/MOIS leg\u00fajabb dokument\u00e1ci\u00f3j\u00e1ban, bele\u00e9rtve a gyalogos \u00e9s utcab\u00fatorok megk\u00fcl\u00f6nb\u00f6ztet\u00e9s\u00e9t, valamint a hangjelz\u00e9st, amely n\u00e9ma marad, ha az \u00e9szlel\u00e9si tartom\u00e1nyon bel\u00fcl nem \u00e9szlelhet\u0151 vesz\u00e9ly a vesz\u00e9lyeztetett \u00fathaszn\u00e1l\u00f3ra (VRU).<\/p>\n<p>A rendszer m\u0171k\u00f6d\u00e9s\u00e9nek egyszer\u0171 le\u00edr\u00e1s\u00e1t itt tal\u00e1lja. Vagy olvassa el a teljes \u00fatmutat\u00f3t a PSS go-r\u00f3l <a href=\"https:\/\/trafficangel.co.uk\/wp-content\/uploads\/2024\/04\/TAPPS-Summary.pdf\" target=\"_blank\" rel=\"noopener\">itt<\/a>.<\/p>","protected":false},"excerpt":{"rendered":"<p>A <strong>TrafficAngel Progressive Safe System<\/strong> Tartalmaz 3 x AI kamer\u00e1t (1 x el\u0151re, 1 x sarok \u00e9s 1 x oldal), 1 x k\u00fcls\u0151 kijelz\u0151t, 1 x k\u00f6zeli kijelz\u0151t, 1 x vez\u00e9rl\u0151egys\u00e9get, 1 x giroszk\u00f3p\/GPS modult, amely telep\u00edtve teljes\u00edti az \u00e1ltala el\u0151\u00edrt k\u00f6vetelm\u00e9nyeket. A TfL a PSS\/BSIS\/MOIS leg\u00fajabb dokument\u00e1ci\u00f3j\u00e1ban, bele\u00e9rtve a gyalogos \u00e9s utcab\u00fatorok megk\u00fcl\u00f6nb\u00f6ztet\u00e9s\u00e9t, valamint a hangjelz\u00e9st, amely n\u00e9ma marad, ha az \u00e9szlel\u00e9si tartom\u00e1nyon bel\u00fcl nem \u00e9szlelhet\u0151 vesz\u00e9ly a vesz\u00e9lyeztetett \u00fathaszn\u00e1l\u00f3ra (VRU).<\/p>","protected":false},"featured_media":2933,"template":"","meta":{"_acf_changed":false},"product_cat":[53,84],"product_tag":[],"class_list":{"0":"post-2702","1":"product","2":"type-product","3":"status-publish","4":"has-post-thumbnail","6":"product_cat-progressive-safe-system","7":"product_cat-pss-solutions","9":"first","10":"instock","11":"taxable","12":"shipping-taxable","13":"purchasable","14":"product-type-simple"},"acf":[],"_links":{"self":[{"href":"https:\/\/www.trafficangel.co.uk\/hu\/wp-json\/wp\/v2\/product\/2702","targetHints":{"allow":["GET"]}}],"collection":[{"href":"https:\/\/www.trafficangel.co.uk\/hu\/wp-json\/wp\/v2\/product"}],"about":[{"href":"https:\/\/www.trafficangel.co.uk\/hu\/wp-json\/wp\/v2\/types\/product"}],"wp:featuredmedia":[{"embeddable":true,"href":"https:\/\/www.trafficangel.co.uk\/hu\/wp-json\/wp\/v2\/media\/2933"}],"wp:attachment":[{"href":"https:\/\/www.trafficangel.co.uk\/hu\/wp-json\/wp\/v2\/media?parent=2702"}],"wp:term":[{"taxonomy":"product_cat","embeddable":true,"href":"https:\/\/www.trafficangel.co.uk\/hu\/wp-json\/wp\/v2\/product_cat?post=2702"},{"taxonomy":"product_tag","embeddable":true,"href":"https:\/\/www.trafficangel.co.uk\/hu\/wp-json\/wp\/v2\/product_tag?post=2702"}],"curies":[{"name":"wp","href":"https:\/\/api.w.org\/{rel}","templated":true}]}}