{"id":2346,"date":"2024-04-16T12:54:26","date_gmt":"2024-04-16T12:54:26","guid":{"rendered":"https:\/\/trafficangel-qqzv.temp-dns.com\/?post_type=product&#038;p=2346"},"modified":"2025-10-20T10:24:27","modified_gmt":"2025-10-20T10:24:27","slug":"sarokkamera-a-trafficangel-progressziv-biztonsagi-rendszerhez","status":"publish","type":"product","link":"https:\/\/www.trafficangel.co.uk\/hu\/termek-2\/sarokkamera-a-trafficangel-progressziv-biztonsagi-rendszerhez\/","title":{"rendered":"Sarokkamera a TrafficAngel Progressive Safe rendszerhez"},"content":{"rendered":"<p>Sarokkamera a TrafficAngelhez <a href=\"https:\/\/www.trafficangel.co.uk\/hu\/progressziv-biztonsagos-rendszer\/\" target=\"_blank\" rel=\"noopener\">Progressz\u00edv biztons\u00e1gos rendszer<\/a>A j\u00e1rm\u0171 k\u00f6zeli sark\u00e1ra szerelt AI-kamer\u00e1t a BSIS (Blind Spot Information System) r\u00e9szek\u00e9nt haszn\u00e1ljuk. A kamera r\u00f6gz\u00edt\u0151elemekkel \u00e9s szilikon \u00e9kkel \u00e9s bet\u00e9ttel \u00e9rkezik. K\u00e9rj\u00fck, vegye figyelembe, hogy a kamera telep\u00edt\u00e9s\u00e9hez telep\u00edt\u0151k\u00e9szlet\u00fcnkre van sz\u00fcks\u00e9g a kalibr\u00e1l\u00e1shoz.<\/p>","protected":false},"excerpt":{"rendered":"<p>Sarokkamera a TrafficAngel Progressive Safe rendszerhez<\/p>","protected":false},"featured_media":1918,"template":"","meta":{"_acf_changed":false},"product_cat":[85,53],"product_tag":[],"class_list":{"0":"post-2346","1":"product","2":"type-product","3":"status-publish","4":"has-post-thumbnail","6":"product_cat-components","7":"product_cat-progressive-safe-system","9":"first","10":"instock","11":"taxable","12":"shipping-taxable","13":"purchasable","14":"product-type-simple"},"acf":[],"_links":{"self":[{"href":"https:\/\/www.trafficangel.co.uk\/hu\/wp-json\/wp\/v2\/product\/2346","targetHints":{"allow":["GET"]}}],"collection":[{"href":"https:\/\/www.trafficangel.co.uk\/hu\/wp-json\/wp\/v2\/product"}],"about":[{"href":"https:\/\/www.trafficangel.co.uk\/hu\/wp-json\/wp\/v2\/types\/product"}],"wp:featuredmedia":[{"embeddable":true,"href":"https:\/\/www.trafficangel.co.uk\/hu\/wp-json\/wp\/v2\/media\/1918"}],"wp:attachment":[{"href":"https:\/\/www.trafficangel.co.uk\/hu\/wp-json\/wp\/v2\/media?parent=2346"}],"wp:term":[{"taxonomy":"product_cat","embeddable":true,"href":"https:\/\/www.trafficangel.co.uk\/hu\/wp-json\/wp\/v2\/product_cat?post=2346"},{"taxonomy":"product_tag","embeddable":true,"href":"https:\/\/www.trafficangel.co.uk\/hu\/wp-json\/wp\/v2\/product_tag?post=2346"}],"curies":[{"name":"wp","href":"https:\/\/api.w.org\/{rel}","templated":true}]}}