{"id":2140,"date":"2024-03-26T20:06:18","date_gmt":"2024-03-26T20:06:18","guid":{"rendered":"https:\/\/trafficangel-qqzv.temp-dns.com\/?post_type=product&#038;p=2140"},"modified":"2025-10-20T09:58:14","modified_gmt":"2025-10-20T09:58:14","slug":"3-m-es-6-tus-repulogepes-hosszabbito-kabel-ipc2a-hoz","status":"publish","type":"product","link":"https:\/\/www.trafficangel.co.uk\/hu\/termek-2\/3-m-es-6-tus-repulogepes-hosszabbito-kabel-ipc2a-hoz\/","title":{"rendered":"3 m-es 6 t\u0171s rep\u00fcl\u00e9si hosszabb\u00edt\u00f3 k\u00e1bel az IPC2A-hoz"},"content":{"rendered":"","protected":false},"excerpt":{"rendered":"<p>Egy 3 m-es 6 t\u0171s rep\u00fcl\u00e9si hosszabb\u00edt\u00f3 k\u00e1bel az IPC2A-hoz<\/p>","protected":false},"featured_media":2365,"template":"","meta":{"_acf_changed":false},"product_cat":[27],"product_tag":[],"class_list":{"0":"post-2140","1":"product","2":"type-product","3":"status-publish","4":"has-post-thumbnail","6":"product_cat-camera-trailer-cables","8":"first","9":"instock","10":"taxable","11":"shipping-taxable","12":"purchasable","13":"product-type-simple"},"acf":[],"_links":{"self":[{"href":"https:\/\/www.trafficangel.co.uk\/hu\/wp-json\/wp\/v2\/product\/2140","targetHints":{"allow":["GET"]}}],"collection":[{"href":"https:\/\/www.trafficangel.co.uk\/hu\/wp-json\/wp\/v2\/product"}],"about":[{"href":"https:\/\/www.trafficangel.co.uk\/hu\/wp-json\/wp\/v2\/types\/product"}],"wp:featuredmedia":[{"embeddable":true,"href":"https:\/\/www.trafficangel.co.uk\/hu\/wp-json\/wp\/v2\/media\/2365"}],"wp:attachment":[{"href":"https:\/\/www.trafficangel.co.uk\/hu\/wp-json\/wp\/v2\/media?parent=2140"}],"wp:term":[{"taxonomy":"product_cat","embeddable":true,"href":"https:\/\/www.trafficangel.co.uk\/hu\/wp-json\/wp\/v2\/product_cat?post=2140"},{"taxonomy":"product_tag","embeddable":true,"href":"https:\/\/www.trafficangel.co.uk\/hu\/wp-json\/wp\/v2\/product_tag?post=2140"}],"curies":[{"name":"wp","href":"https:\/\/api.w.org\/{rel}","templated":true}]}}