{"id":1716,"date":"2024-01-19T12:50:48","date_gmt":"2024-01-19T12:50:48","guid":{"rendered":"https:\/\/trafficangel-qqzv.temp-dns.com\/product\/trafficangel-safe-system-angled-wedge-for-side-camera\/"},"modified":"2025-10-20T14:17:09","modified_gmt":"2025-10-20T14:17:09","slug":"oldalso-sarokkamera-ferde-ek-a-trafficangel-progressziv-biztonsagi-rendszerhez","status":"publish","type":"product","link":"https:\/\/www.trafficangel.co.uk\/hu\/termek-2\/oldalso-sarokkamera-ferde-ek-a-trafficangel-progressziv-biztonsagi-rendszerhez\/","title":{"rendered":"Oldals\u00f3\/sarokkamera sz\u00f6gletes \u00e9k a TrafficAngel Progressive Safe rendszerhez"},"content":{"rendered":"<p>Sz\u00f6gletes szilikon kamera r\u00f6gz\u00edt\u0151 \u00e9k, alkalmas a TrafficAngelhez <a href=\"https:\/\/www.trafficangel.co.uk\/hu\/progressziv-biztonsagos-rendszer\/\" target=\"_blank\" rel=\"noopener\">Progressz\u00edv biztons\u00e1gos rendszer<\/a>oldals\u00f3 \u00e9s sarokkamer\u00e1k (PSS-SC \u00e9s PSS-CC).<\/p>","protected":false},"excerpt":{"rendered":"<p>Oldals\u00f3\/sarokkamera sz\u00f6gletes \u00e9k a TrafficAngel Progressive Safe rendszerhez<\/p>","protected":false},"featured_media":2278,"template":"","meta":{"_acf_changed":false},"product_cat":[85,53],"product_tag":[],"class_list":{"0":"post-1716","1":"product","2":"type-product","3":"status-publish","4":"has-post-thumbnail","6":"product_cat-components","7":"product_cat-progressive-safe-system","9":"first","10":"instock","11":"taxable","12":"shipping-taxable","13":"purchasable","14":"product-type-simple"},"acf":[],"_links":{"self":[{"href":"https:\/\/www.trafficangel.co.uk\/hu\/wp-json\/wp\/v2\/product\/1716","targetHints":{"allow":["GET"]}}],"collection":[{"href":"https:\/\/www.trafficangel.co.uk\/hu\/wp-json\/wp\/v2\/product"}],"about":[{"href":"https:\/\/www.trafficangel.co.uk\/hu\/wp-json\/wp\/v2\/types\/product"}],"wp:featuredmedia":[{"embeddable":true,"href":"https:\/\/www.trafficangel.co.uk\/hu\/wp-json\/wp\/v2\/media\/2278"}],"wp:attachment":[{"href":"https:\/\/www.trafficangel.co.uk\/hu\/wp-json\/wp\/v2\/media?parent=1716"}],"wp:term":[{"taxonomy":"product_cat","embeddable":true,"href":"https:\/\/www.trafficangel.co.uk\/hu\/wp-json\/wp\/v2\/product_cat?post=1716"},{"taxonomy":"product_tag","embeddable":true,"href":"https:\/\/www.trafficangel.co.uk\/hu\/wp-json\/wp\/v2\/product_tag?post=1716"}],"curies":[{"name":"wp","href":"https:\/\/api.w.org\/{rel}","templated":true}]}}