{"id":1711,"date":"2024-01-19T12:50:48","date_gmt":"2024-01-19T12:50:48","guid":{"rendered":"https:\/\/trafficangel-qqzv.temp-dns.com\/product\/trafficangel-safe-system-adhesive-pad-for-gps-gyro-module\/"},"modified":"2025-10-20T10:54:17","modified_gmt":"2025-10-20T10:54:17","slug":"gps-giroszkopos-ontapados-betet-a-trafficangel-progressziv-biztonsagi-rendszerhez","status":"publish","type":"product","link":"https:\/\/www.trafficangel.co.uk\/hu\/termek-2\/gps-giroszkopos-ontapados-betet-a-trafficangel-progressziv-biztonsagi-rendszerhez\/","title":{"rendered":"GPS giroszk\u00f3p tapad\u00f3bet\u00e9t a TrafficAngel Progressive Safe rendszerhez"},"content":{"rendered":"<p>Tartal\u00e9k 3M ragaszt\u00f3p\u00e1rna GPS-hez \/ Gyro modulhoz a TrafficAngelhez <a href=\"https:\/\/www.trafficangel.co.uk\/hu\/progressziv-biztonsagos-rendszer\/\" target=\"_blank\" rel=\"noopener\">Progressz\u00edv biztons\u00e1gos rendszer<\/a>.<\/p>","protected":false},"excerpt":{"rendered":"<p>GPS giroszk\u00f3p tapad\u00f3bet\u00e9t a TrafficAngel Progressive Safe rendszerhez<\/p>","protected":false},"featured_media":1908,"template":"","meta":{"_acf_changed":false},"product_cat":[85,53],"product_tag":[],"class_list":{"0":"post-1711","1":"product","2":"type-product","3":"status-publish","4":"has-post-thumbnail","6":"product_cat-components","7":"product_cat-progressive-safe-system","9":"first","10":"instock","11":"taxable","12":"shipping-taxable","13":"purchasable","14":"product-type-simple"},"acf":[],"_links":{"self":[{"href":"https:\/\/www.trafficangel.co.uk\/hu\/wp-json\/wp\/v2\/product\/1711","targetHints":{"allow":["GET"]}}],"collection":[{"href":"https:\/\/www.trafficangel.co.uk\/hu\/wp-json\/wp\/v2\/product"}],"about":[{"href":"https:\/\/www.trafficangel.co.uk\/hu\/wp-json\/wp\/v2\/types\/product"}],"wp:featuredmedia":[{"embeddable":true,"href":"https:\/\/www.trafficangel.co.uk\/hu\/wp-json\/wp\/v2\/media\/1908"}],"wp:attachment":[{"href":"https:\/\/www.trafficangel.co.uk\/hu\/wp-json\/wp\/v2\/media?parent=1711"}],"wp:term":[{"taxonomy":"product_cat","embeddable":true,"href":"https:\/\/www.trafficangel.co.uk\/hu\/wp-json\/wp\/v2\/product_cat?post=1711"},{"taxonomy":"product_tag","embeddable":true,"href":"https:\/\/www.trafficangel.co.uk\/hu\/wp-json\/wp\/v2\/product_tag?post=1711"}],"curies":[{"name":"wp","href":"https:\/\/api.w.org\/{rel}","templated":true}]}}