{"id":1705,"date":"2024-01-19T12:50:46","date_gmt":"2024-01-19T12:50:46","guid":{"rendered":"https:\/\/trafficangel-qqzv.temp-dns.com\/product\/trafficangel-safe-system-side-display-housing-for-a-pillar\/"},"modified":"2025-10-20T10:35:13","modified_gmt":"2025-10-20T10:35:13","slug":"oldalso-kijelzohaz-oszlophoz-trafficangel-progressziv-biztonsagi-rendszerhez","status":"publish","type":"product","link":"https:\/\/www.trafficangel.co.uk\/hu\/termek-2\/oldalso-kijelzohaz-oszlophoz-trafficangel-progressziv-biztonsagi-rendszerhez\/","title":{"rendered":"Oldals\u00f3 kijelz\u0151h\u00e1z A-oszlophoz a TrafficAngel Progressive Safe rendszerhez"},"content":{"rendered":"<p>Oldals\u00f3 kijelz\u0151h\u00e1zunk az utasoldali A-oszlophoz val\u00f3 r\u00f6gz\u00edt\u00e9shez. Saj\u00e1t tervez\u00e9s\u00fcnk k\u00e9sz\u00edti a TrafficAngelt <a href=\"https:\/\/www.trafficangel.co.uk\/hu\/progressziv-biztonsagos-rendszer\/\">Progressz\u00edv biztons\u00e1gos rendszer<\/a>A f\u0151 kijelz\u0151 szabot\u00e1zsbiztos, a TfL el\u0151\u00edr\u00e1sai szerint. Megford\u00edthat\u00f3 kialak\u00edt\u00e1s\u00e1nak k\u00f6sz\u00f6nhet\u0151en jobbkorm\u00e1nyos \u00e9s balkorm\u00e1nyos j\u00e1rm\u0171veken is haszn\u00e1lhat\u00f3.<\/p>\n<p>R\u00f6gz\u00edt\u00e9sek \u00e9s habszivacs r\u00f6gz\u00edt\u0151p\u00e1rna mell\u00e9kelve.<\/p>","protected":false},"excerpt":{"rendered":"<p>Oldals\u00f3 kijelz\u0151h\u00e1z A-oszlophoz a TrafficAngel Progressive Safe rendszerhez<\/p>","protected":false},"featured_media":1954,"template":"","meta":{"_acf_changed":false},"product_cat":[85,53],"product_tag":[],"class_list":{"0":"post-1705","1":"product","2":"type-product","3":"status-publish","4":"has-post-thumbnail","6":"product_cat-components","7":"product_cat-progressive-safe-system","9":"first","10":"instock","11":"taxable","12":"shipping-taxable","13":"purchasable","14":"product-type-simple"},"acf":[],"_links":{"self":[{"href":"https:\/\/www.trafficangel.co.uk\/hu\/wp-json\/wp\/v2\/product\/1705","targetHints":{"allow":["GET"]}}],"collection":[{"href":"https:\/\/www.trafficangel.co.uk\/hu\/wp-json\/wp\/v2\/product"}],"about":[{"href":"https:\/\/www.trafficangel.co.uk\/hu\/wp-json\/wp\/v2\/types\/product"}],"wp:featuredmedia":[{"embeddable":true,"href":"https:\/\/www.trafficangel.co.uk\/hu\/wp-json\/wp\/v2\/media\/1954"}],"wp:attachment":[{"href":"https:\/\/www.trafficangel.co.uk\/hu\/wp-json\/wp\/v2\/media?parent=1705"}],"wp:term":[{"taxonomy":"product_cat","embeddable":true,"href":"https:\/\/www.trafficangel.co.uk\/hu\/wp-json\/wp\/v2\/product_cat?post=1705"},{"taxonomy":"product_tag","embeddable":true,"href":"https:\/\/www.trafficangel.co.uk\/hu\/wp-json\/wp\/v2\/product_tag?post=1705"}],"curies":[{"name":"wp","href":"https:\/\/api.w.org\/{rel}","templated":true}]}}