{"id":1700,"date":"2024-01-19T12:50:46","date_gmt":"2024-01-19T12:50:46","guid":{"rendered":"https:\/\/trafficangel-qqzv.temp-dns.com\/product\/trafficangel-safe-system-main-display\/"},"modified":"2025-10-20T10:28:06","modified_gmt":"2025-10-20T10:28:06","slug":"a-trafficangel-progressziv-biztonsagi-rendszer-fo-kijelzoje","status":"publish","type":"product","link":"https:\/\/www.trafficangel.co.uk\/hu\/termek-2\/a-trafficangel-progressziv-biztonsagi-rendszer-fo-kijelzoje\/","title":{"rendered":"A TrafficAngel Progressive Safe System f\u0151 kijelz\u0151je"},"content":{"rendered":"<p>A TrafficAngel f\u0151 kijelz\u0151je <a href=\"https:\/\/www.trafficangel.co.uk\/hu\/progressziv-biztonsagos-rendszer\/\" target=\"_blank\" rel=\"noopener\">Progressz\u00edv biztons\u00e1gos rendszer<\/a>Ez a kijelz\u0151 a vezet\u0151oldali A-oszlopra van felszerelve, \u00e9s a TfL specifik\u00e1ci\u00f3ival \u00f6sszhangban hangos \u00e9s vizu\u00e1lis riaszt\u00e1sokat ad a vezet\u0151 sz\u00e1m\u00e1ra. A kijelz\u0151t speci\u00e1lis A-oszlopos tart\u00f3nkba szerelhetj\u00fck fel, ezzel biztons\u00e1gos megold\u00e1st biztos\u00edtva (k\u00fcl\u00f6n megv\u00e1s\u00e1rolhat\u00f3).<\/p>","protected":false},"excerpt":{"rendered":"<p>A TrafficAngel Progressive Safe System f\u0151 kijelz\u0151je<\/p>","protected":false},"featured_media":1930,"template":"","meta":{"_acf_changed":false},"product_cat":[85,53],"product_tag":[],"class_list":{"0":"post-1700","1":"product","2":"type-product","3":"status-publish","4":"has-post-thumbnail","6":"product_cat-components","7":"product_cat-progressive-safe-system","9":"first","10":"instock","11":"taxable","12":"shipping-taxable","13":"purchasable","14":"product-type-simple"},"acf":[],"_links":{"self":[{"href":"https:\/\/www.trafficangel.co.uk\/hu\/wp-json\/wp\/v2\/product\/1700","targetHints":{"allow":["GET"]}}],"collection":[{"href":"https:\/\/www.trafficangel.co.uk\/hu\/wp-json\/wp\/v2\/product"}],"about":[{"href":"https:\/\/www.trafficangel.co.uk\/hu\/wp-json\/wp\/v2\/types\/product"}],"wp:featuredmedia":[{"embeddable":true,"href":"https:\/\/www.trafficangel.co.uk\/hu\/wp-json\/wp\/v2\/media\/1930"}],"wp:attachment":[{"href":"https:\/\/www.trafficangel.co.uk\/hu\/wp-json\/wp\/v2\/media?parent=1700"}],"wp:term":[{"taxonomy":"product_cat","embeddable":true,"href":"https:\/\/www.trafficangel.co.uk\/hu\/wp-json\/wp\/v2\/product_cat?post=1700"},{"taxonomy":"product_tag","embeddable":true,"href":"https:\/\/www.trafficangel.co.uk\/hu\/wp-json\/wp\/v2\/product_tag?post=1700"}],"curies":[{"name":"wp","href":"https:\/\/api.w.org\/{rel}","templated":true}]}}