{"id":1696,"date":"2024-01-19T12:50:43","date_gmt":"2024-01-19T12:50:43","guid":{"rendered":"https:\/\/trafficangel-qqzv.temp-dns.com\/product\/trafficangel-safe-system-camera-output-cable\/"},"modified":"2025-10-20T14:21:27","modified_gmt":"2025-10-20T14:21:27","slug":"kamera-kimeneti-kabel-a-trafficangel-progressziv-biztonsagi-rendszerhez","status":"publish","type":"product","link":"https:\/\/www.trafficangel.co.uk\/hu\/termek-2\/kamera-kimeneti-kabel-a-trafficangel-progressziv-biztonsagi-rendszerhez\/","title":{"rendered":"Kamera kimeneti k\u00e1bel a TrafficAngel Progressive Safe rendszerhez"},"content":{"rendered":"<p>A kamera kimeneti k\u00e1bele a <a href=\"https:\/\/www.trafficangel.co.uk\/hu\/progressziv-biztonsagos-rendszer\/\">PSS<\/a> ECU, amely lehet\u0151v\u00e9 teszi a PSS-kamer\u00e1k monitorra vagy DVR-be val\u00f3 tov\u00e1bb\u00edt\u00e1s\u00e1t. A k\u00e1bel kimenettel rendelkezik 1x el\u00fcls\u0151 kamer\u00e1hoz, 1x sarokkamer\u00e1hoz \u00e9s 1x oldals\u00f3 kamer\u00e1hoz.<\/p>","protected":false},"excerpt":{"rendered":"<p>Kamerakimeneti k\u00e1bel a TrafficAngel Progressive Safe rendszerhez<\/p>","protected":false},"featured_media":1972,"template":"","meta":{"_acf_changed":false},"product_cat":[85,53],"product_tag":[],"class_list":{"0":"post-1696","1":"product","2":"type-product","3":"status-publish","4":"has-post-thumbnail","6":"product_cat-components","7":"product_cat-progressive-safe-system","9":"first","10":"instock","11":"taxable","12":"shipping-taxable","13":"purchasable","14":"product-type-simple"},"acf":[],"_links":{"self":[{"href":"https:\/\/www.trafficangel.co.uk\/hu\/wp-json\/wp\/v2\/product\/1696","targetHints":{"allow":["GET"]}}],"collection":[{"href":"https:\/\/www.trafficangel.co.uk\/hu\/wp-json\/wp\/v2\/product"}],"about":[{"href":"https:\/\/www.trafficangel.co.uk\/hu\/wp-json\/wp\/v2\/types\/product"}],"wp:featuredmedia":[{"embeddable":true,"href":"https:\/\/www.trafficangel.co.uk\/hu\/wp-json\/wp\/v2\/media\/1972"}],"wp:attachment":[{"href":"https:\/\/www.trafficangel.co.uk\/hu\/wp-json\/wp\/v2\/media?parent=1696"}],"wp:term":[{"taxonomy":"product_cat","embeddable":true,"href":"https:\/\/www.trafficangel.co.uk\/hu\/wp-json\/wp\/v2\/product_cat?post=1696"},{"taxonomy":"product_tag","embeddable":true,"href":"https:\/\/www.trafficangel.co.uk\/hu\/wp-json\/wp\/v2\/product_tag?post=1696"}],"curies":[{"name":"wp","href":"https:\/\/api.w.org\/{rel}","templated":true}]}}