{"id":1599,"date":"2024-01-19T12:50:34","date_gmt":"2024-01-19T12:50:34","guid":{"rendered":"http:\/\/traffic-angel.local\/product\/wiring-kit-for-mercedes-2020-onwards\/"},"modified":"2024-10-31T09:55:06","modified_gmt":"2024-10-31T09:55:06","slug":"kabelkeszlet-mercedes-uj-actros-arocshoz","status":"publish","type":"product","link":"https:\/\/www.trafficangel.co.uk\/hu\/termek-2\/kabelkeszlet-mercedes-uj-actros-arocshoz\/","title":{"rendered":"Bek\u00f6t\u00e9si k\u00e9szlet Mercedes New Actros \/ Arocs-hoz"},"content":{"rendered":"","protected":false},"excerpt":{"rendered":"<p>K\u00e1belk\u00e9szlet Mercedes New Actros \/ Arocs sz\u00e1m\u00e1ra<\/p>","protected":false},"featured_media":2056,"template":"","meta":{"_acf_changed":false},"product_cat":[902],"product_tag":[],"class_list":{"0":"post-1599","1":"product","2":"type-product","3":"status-publish","4":"has-post-thumbnail","6":"product_cat-wiring-kits","8":"first","9":"instock","10":"taxable","11":"shipping-taxable","12":"purchasable","13":"product-type-simple"},"acf":[],"_links":{"self":[{"href":"https:\/\/www.trafficangel.co.uk\/hu\/wp-json\/wp\/v2\/product\/1599","targetHints":{"allow":["GET"]}}],"collection":[{"href":"https:\/\/www.trafficangel.co.uk\/hu\/wp-json\/wp\/v2\/product"}],"about":[{"href":"https:\/\/www.trafficangel.co.uk\/hu\/wp-json\/wp\/v2\/types\/product"}],"wp:featuredmedia":[{"embeddable":true,"href":"https:\/\/www.trafficangel.co.uk\/hu\/wp-json\/wp\/v2\/media\/2056"}],"wp:attachment":[{"href":"https:\/\/www.trafficangel.co.uk\/hu\/wp-json\/wp\/v2\/media?parent=1599"}],"wp:term":[{"taxonomy":"product_cat","embeddable":true,"href":"https:\/\/www.trafficangel.co.uk\/hu\/wp-json\/wp\/v2\/product_cat?post=1599"},{"taxonomy":"product_tag","embeddable":true,"href":"https:\/\/www.trafficangel.co.uk\/hu\/wp-json\/wp\/v2\/product_tag?post=1599"}],"curies":[{"name":"wp","href":"https:\/\/api.w.org\/{rel}","templated":true}]}}