{"id":1588,"date":"2024-01-19T12:50:31","date_gmt":"2024-01-19T12:50:31","guid":{"rendered":"http:\/\/traffic-angel.local\/product\/volvo-monitor-interface-4ch-plug-with-video-rca-only\/"},"modified":"2025-10-29T09:46:44","modified_gmt":"2025-10-29T09:46:44","slug":"volvo-monitor-interfesz-4-csatornas-csatlakozo-csak-rca-video-csatlakozoval","status":"publish","type":"product","link":"https:\/\/www.trafficangel.co.uk\/hu\/termek-2\/volvo-monitor-interfesz-4-csatornas-csatlakozo-csak-rca-video-csatlakozoval\/","title":{"rendered":"Volvo monitor interf\u00e9sz \u2013 4 csatorn\u00e1s csatlakoz\u00f3 csak vide\u00f3 RCA-val"},"content":{"rendered":"<p>Volvo monitor interf\u00e9sz \u2013 4 csatorn\u00e1s csatlakoz\u00f3 csak vide\u00f3 RCA-val<\/p>","protected":false},"excerpt":{"rendered":"<p>Volvo monitor interf\u00e9sz \u2013 4 csatorn\u00e1s csatlakoz\u00f3 csak vide\u00f3 RCA-val<\/p>","protected":false},"featured_media":1331,"template":"","meta":{"_acf_changed":false},"product_cat":[904],"product_tag":[],"class_list":{"0":"post-1588","1":"product","2":"type-product","3":"status-publish","4":"has-post-thumbnail","6":"product_cat-screen-interfaces","8":"first","9":"instock","10":"taxable","11":"shipping-taxable","12":"purchasable","13":"product-type-simple"},"acf":[],"_links":{"self":[{"href":"https:\/\/www.trafficangel.co.uk\/hu\/wp-json\/wp\/v2\/product\/1588","targetHints":{"allow":["GET"]}}],"collection":[{"href":"https:\/\/www.trafficangel.co.uk\/hu\/wp-json\/wp\/v2\/product"}],"about":[{"href":"https:\/\/www.trafficangel.co.uk\/hu\/wp-json\/wp\/v2\/types\/product"}],"wp:featuredmedia":[{"embeddable":true,"href":"https:\/\/www.trafficangel.co.uk\/hu\/wp-json\/wp\/v2\/media\/1331"}],"wp:attachment":[{"href":"https:\/\/www.trafficangel.co.uk\/hu\/wp-json\/wp\/v2\/media?parent=1588"}],"wp:term":[{"taxonomy":"product_cat","embeddable":true,"href":"https:\/\/www.trafficangel.co.uk\/hu\/wp-json\/wp\/v2\/product_cat?post=1588"},{"taxonomy":"product_tag","embeddable":true,"href":"https:\/\/www.trafficangel.co.uk\/hu\/wp-json\/wp\/v2\/product_tag?post=1588"}],"curies":[{"name":"wp","href":"https:\/\/api.w.org\/{rel}","templated":true}]}}