{"id":1561,"date":"2024-01-19T12:50:25","date_gmt":"2024-01-19T12:50:25","guid":{"rendered":"http:\/\/traffic-angel.local\/product\/5-pin-to-2x-4-pin-adapter-cable-for-ta28hddvr\/"},"modified":"2025-10-20T13:50:41","modified_gmt":"2025-10-20T13:50:41","slug":"6-tus-2x-4-tus-adapterkabel-8-csatornas-dvr-ekhez","status":"publish","type":"product","link":"https:\/\/www.trafficangel.co.uk\/hu\/termek-2\/6-tus-2x-4-tus-adapterkabel-8-csatornas-dvr-ekhez\/","title":{"rendered":"6 t\u0171s \u00e9s 2 x 4 t\u0171s adapterk\u00e1bel 8 csatorn\u00e1s DVR-ekhez"},"content":{"rendered":"","protected":false},"excerpt":{"rendered":"<p>6 t\u0171s \u00e9s 2 x 4 t\u0171s adapterk\u00e1bel 8 csatorn\u00e1s DVR-ekhez<\/p>","protected":false},"featured_media":1001,"template":"","meta":{"_acf_changed":false},"product_cat":[83],"product_tag":[],"class_list":{"0":"post-1561","1":"product","2":"type-product","3":"status-publish","4":"has-post-thumbnail","6":"product_cat-accessories-video-recording-systems","8":"first","9":"instock","10":"taxable","11":"shipping-taxable","12":"purchasable","13":"product-type-simple"},"acf":[],"_links":{"self":[{"href":"https:\/\/www.trafficangel.co.uk\/hu\/wp-json\/wp\/v2\/product\/1561","targetHints":{"allow":["GET"]}}],"collection":[{"href":"https:\/\/www.trafficangel.co.uk\/hu\/wp-json\/wp\/v2\/product"}],"about":[{"href":"https:\/\/www.trafficangel.co.uk\/hu\/wp-json\/wp\/v2\/types\/product"}],"wp:featuredmedia":[{"embeddable":true,"href":"https:\/\/www.trafficangel.co.uk\/hu\/wp-json\/wp\/v2\/media\/1001"}],"wp:attachment":[{"href":"https:\/\/www.trafficangel.co.uk\/hu\/wp-json\/wp\/v2\/media?parent=1561"}],"wp:term":[{"taxonomy":"product_cat","embeddable":true,"href":"https:\/\/www.trafficangel.co.uk\/hu\/wp-json\/wp\/v2\/product_cat?post=1561"},{"taxonomy":"product_tag","embeddable":true,"href":"https:\/\/www.trafficangel.co.uk\/hu\/wp-json\/wp\/v2\/product_tag?post=1561"}],"curies":[{"name":"wp","href":"https:\/\/api.w.org\/{rel}","templated":true}]}}