{"id":1556,"date":"2024-01-19T12:50:21","date_gmt":"2024-01-19T12:50:21","guid":{"rendered":"http:\/\/traffic-angel.local\/product\/4-channel-hard-drive-dvr-jh4-inc-lrb-cdt2-gps\/"},"modified":"2025-11-12T13:53:23","modified_gmt":"2025-11-12T13:53:23","slug":"4-csatornas-merevlemezes-dvr-gps-szel","status":"publish","type":"product","link":"https:\/\/www.trafficangel.co.uk\/hu\/termek-2\/4-csatornas-merevlemezes-dvr-gps-szel\/","title":{"rendered":"4 csatorn\u00e1s merevlemezes DVR GPS-szel"},"content":{"rendered":"<p>TrafficAngel <a href=\"https:\/\/www.trafficangel.co.uk\/hu\/digital-video-recorders\/\">Digit\u00e1lis videor\u00f6gz\u00edt\u0151k<\/a> (DVR) offer a reliable and secure way of recording multiple cameras around your vehicles, with a wide range of features, our range offers flexibility to tailor recording solutions to your requirements. Our DVRs bring great benefits to all sectors, from fleet operators to one-off bespoke projects. Safety around vehicles is paramount, and all of our DVRs including this 4 Channel Hard Drive DVR with GPS help to promote safer driving practices with more accountability. Recording systems also save money, capturing clear evidence in case of incidents, eliminating false insurance claims and therefore providing significant savings on insurance premiums. The security provided by having a recording system also safeguards drivers, vehicles and assets, working as a preventative measure deterring criminal activity.<\/p>","protected":false},"excerpt":{"rendered":"<p>A 4 csatorn\u00e1s, GPS-szel ell\u00e1tott merevlemezes DVR megb\u00edzhat\u00f3 videofelv\u00e9telt \u00e9s pontos k\u00f6vet\u00e9st biztos\u00edt a flotta j\u00e1rm\u0171vei sz\u00e1m\u00e1ra.<\/p>","protected":false},"featured_media":1038,"template":"","meta":{"_acf_changed":false},"product_cat":[19,48],"product_tag":[],"class_list":{"0":"post-1556","1":"product","2":"type-product","3":"status-publish","4":"has-post-thumbnail","6":"product_cat-video-recording-systems","7":"product_cat-dvrs","9":"first","10":"instock","11":"taxable","12":"shipping-taxable","13":"purchasable","14":"product-type-simple"},"acf":[],"_links":{"self":[{"href":"https:\/\/www.trafficangel.co.uk\/hu\/wp-json\/wp\/v2\/product\/1556","targetHints":{"allow":["GET"]}}],"collection":[{"href":"https:\/\/www.trafficangel.co.uk\/hu\/wp-json\/wp\/v2\/product"}],"about":[{"href":"https:\/\/www.trafficangel.co.uk\/hu\/wp-json\/wp\/v2\/types\/product"}],"wp:featuredmedia":[{"embeddable":true,"href":"https:\/\/www.trafficangel.co.uk\/hu\/wp-json\/wp\/v2\/media\/1038"}],"wp:attachment":[{"href":"https:\/\/www.trafficangel.co.uk\/hu\/wp-json\/wp\/v2\/media?parent=1556"}],"wp:term":[{"taxonomy":"product_cat","embeddable":true,"href":"https:\/\/www.trafficangel.co.uk\/hu\/wp-json\/wp\/v2\/product_cat?post=1556"},{"taxonomy":"product_tag","embeddable":true,"href":"https:\/\/www.trafficangel.co.uk\/hu\/wp-json\/wp\/v2\/product_tag?post=1556"}],"curies":[{"name":"wp","href":"https:\/\/api.w.org\/{rel}","templated":true}]}}