{"id":1548,"date":"2024-01-19T12:50:18","date_gmt":"2024-01-19T12:50:18","guid":{"rendered":"http:\/\/traffic-angel.local\/product\/8-channel-hard-drive-dvr-with-3g-4g-jh8-inc-lrb-cdt2-gps\/"},"modified":"2025-11-12T13:55:00","modified_gmt":"2025-11-12T13:55:00","slug":"8-csatornas-merevlemezes-dvr-gps-szel-es-3g-4g-vel","status":"publish","type":"product","link":"https:\/\/www.trafficangel.co.uk\/hu\/termek-2\/8-csatornas-merevlemezes-dvr-gps-szel-es-3g-4g-vel\/","title":{"rendered":"8 csatorn\u00e1s merevlemezes DVR GPS-szel \u00e9s 3G\/4G-vel"},"content":{"rendered":"<p>TrafficAngel <a href=\"https:\/\/www.trafficangel.co.uk\/hu\/digital-video-recorders\/\">Digit\u00e1lis videor\u00f6gz\u00edt\u0151k<\/a> (DVR) megb\u00edzhat\u00f3 \u00e9s biztons\u00e1gos m\u00f3dot k\u00edn\u00e1lnak a j\u00e1rm\u0171vek k\u00f6r\u00fcl elhelyezett t\u00f6bb kamera r\u00f6gz\u00edt\u00e9s\u00e9re, \u00e9s a funkci\u00f3k sz\u00e9les sk\u00e1l\u00e1j\u00e1val rugalmasan az \u00d6n ig\u00e9nyeihez igaz\u00edthat\u00f3 r\u00f6gz\u00edt\u00e9si megold\u00e1sokat k\u00edn\u00e1lnak. DVR-jeink minden \u00e1gazat sz\u00e1m\u00e1ra nagy el\u0151ny\u00f6kkel j\u00e1rnak, a flotta\u00fczemeltet\u0151kt\u0151l az egyedi, testre szabott projektekig. A j\u00e1rm\u0171vek k\u00f6r\u00fcli biztons\u00e1g els\u0151dleges fontoss\u00e1g\u00fa, \u00e9s minden DVR-\u00fcnk, bele\u00e9rtve ezt a 8 csatorn\u00e1s, GPS-szel \u00e9s 3G\/4G-vel ell\u00e1tott merevlemezes DVR-t is, seg\u00edt a biztons\u00e1gosabb vezet\u00e9si gyakorlatok el\u0151mozd\u00edt\u00e1s\u00e1ban, nagyobb elsz\u00e1moltathat\u00f3s\u00e1ggal. A r\u00f6gz\u00edt\u0151 rendszerek p\u00e9nzt is megtakar\u00edtanak, mivel incidensek eset\u00e9n egy\u00e9rtelm\u0171 bizony\u00edt\u00e9kokat r\u00f6gz\u00edtenek, kik\u00fcsz\u00f6b\u00f6lik a hamis biztos\u00edt\u00e1si ig\u00e9nyeket, \u00e9s \u00edgy jelent\u0151s megtakar\u00edt\u00e1st biztos\u00edtanak a biztos\u00edt\u00e1si d\u00edjakon. A r\u00f6gz\u00edt\u0151 rendszer \u00e1ltal ny\u00fajtott biztons\u00e1g a j\u00e1rm\u0171vezet\u0151ket, a j\u00e1rm\u0171veket \u00e9s a vagyont\u00e1rgyakat is v\u00e9di, megel\u0151z\u00e9sk\u00e9nt m\u0171k\u00f6dik, \u00e9s elriasztja a b\u0171ncselekm\u00e9nyekt\u0151l.<\/p>","protected":false},"excerpt":{"rendered":"<p>8 csatorn\u00e1s merevlemezes DVR GPS-szel \u00e9s 3G\/4G-vel<\/p>","protected":false},"featured_media":1038,"template":"","meta":{"_acf_changed":false},"product_cat":[19,48],"product_tag":[],"class_list":{"0":"post-1548","1":"product","2":"type-product","3":"status-publish","4":"has-post-thumbnail","6":"product_cat-video-recording-systems","7":"product_cat-dvrs","9":"first","10":"instock","11":"taxable","12":"shipping-taxable","13":"purchasable","14":"product-type-simple"},"acf":[],"_links":{"self":[{"href":"https:\/\/www.trafficangel.co.uk\/hu\/wp-json\/wp\/v2\/product\/1548","targetHints":{"allow":["GET"]}}],"collection":[{"href":"https:\/\/www.trafficangel.co.uk\/hu\/wp-json\/wp\/v2\/product"}],"about":[{"href":"https:\/\/www.trafficangel.co.uk\/hu\/wp-json\/wp\/v2\/types\/product"}],"wp:featuredmedia":[{"embeddable":true,"href":"https:\/\/www.trafficangel.co.uk\/hu\/wp-json\/wp\/v2\/media\/1038"}],"wp:attachment":[{"href":"https:\/\/www.trafficangel.co.uk\/hu\/wp-json\/wp\/v2\/media?parent=1548"}],"wp:term":[{"taxonomy":"product_cat","embeddable":true,"href":"https:\/\/www.trafficangel.co.uk\/hu\/wp-json\/wp\/v2\/product_cat?post=1548"},{"taxonomy":"product_tag","embeddable":true,"href":"https:\/\/www.trafficangel.co.uk\/hu\/wp-json\/wp\/v2\/product_tag?post=1548"}],"curies":[{"name":"wp","href":"https:\/\/api.w.org\/{rel}","templated":true}]}}